{"id":9551,"date":"2026-03-23T04:10:39","date_gmt":"2026-03-23T04:10:39","guid":{"rendered":"https:\/\/duytanrecycling.com\/?page_id=9551"},"modified":"2026-03-23T04:38:16","modified_gmt":"2026-03-23T04:38:16","slug":"%f0%9f%8c%b1-duytan-recycling-tham-du-dien-dan-quoc-gia-ve-giam-bao-bi-nhua","status":"publish","type":"page","link":"https:\/\/duytanrecycling.com\/vi\/%f0%9f%8c%b1-duytan-recycling-tham-du-dien-dan-quoc-gia-ve-giam-bao-bi-nhua\/","title":{"rendered":"\ud83c\udf31 DUYTAN RECYCLING THAM D\u1ef0 DI\u1ec4N \u0110\u00c0N QU\u1ed0C GIA V\u1ec0 GI\u1ea2M BAO B\u00cc NH\u1ef0A"},"content":{"rendered":"<p>Ng\u00e0y 20\/03\/2026, DTR \u0111\u00e3 tham d\u1ef1 Di\u1ec5n \u0111\u00e0n qu\u1ed1c gia v\u1ec1 th\u00fac \u0111\u1ea9y gi\u1ea3i ph\u00e1p gi\u1ea3m bao b\u00ec nh\u1ef1a th\u00f4ng qua ch\u00ednh s\u00e1ch v\u00e0 th\u00ed \u0111i\u1ec3m t\u1ea1i \u0111\u1ecba ph\u01b0\u01a1ng &#8211; Hu\u1ebf.<\/p>\n<p>Di\u1ec5n \u0111\u00e0n do WWF-Vi\u1ec7t Nam, S\u1edf N\u00f4ng nghi\u1ec7p v\u00e0 M\u00f4i tr\u01b0\u1eddng TP Hu\u1ebf v\u00e0 Vi\u1ec7n Nghi\u00ean c\u1ee9u Ph\u00e1t tri\u1ec3n TP Hu\u1ebf ph\u1ed1i h\u1ee3p t\u1ed5 ch\u1ee9c, nh\u1eb1m th\u00fac \u0111\u1ea9y c\u00e1c gi\u1ea3i ph\u00e1p gi\u1ea3m thi\u1ec3u r\u00e1c th\u1ea3i nh\u1ef1a v\u00e0 ph\u00e1t tri\u1ec3n <a href=\"https:\/\/duytanrecycling.com\/vi\/le-cong-bo-hang-viet-nam-chat-luong-cao-nam-2023\/\">kinh t\u1ebf tu\u1ea7n ho\u00e0n<\/a> t\u1ea1i Vi\u1ec7t Nam.<\/p>\n<p>T\u1ea1i di\u1ec5n \u0111\u00e0n, DUYTAN Recycling \u0111\u00e3 tham gia v\u00e0 c\u00f9ng chia s\u1ebb 5 khuy\u1ebfn ngh\u1ecb nh\u1eb1m th\u00fac \u0111\u1ea9y ng\u00e0nh t\u00e1i ch\u1ebf ph\u00e1t tri\u1ec3n b\u1ec1n v\u1eefng.<\/p>\n<p>\u267b\ufe0f Ho\u1ea1t \u0111\u1ed9ng \u0111\u00e3 g\u00f3p ph\u1ea7n t\u0103ng c\u01b0\u1eddng k\u1ebft n\u1ed1i gi\u1eefa doanh nghi\u1ec7p, c\u01a1 quan qu\u1ea3n l\u00fd v\u00e0 c\u00e1c t\u1ed5 ch\u1ee9c qu\u1ed1c t\u1ebf, h\u01b0\u1edbng t\u1edbi h\u1ec7 sinh th\u00e1i t\u00e1i ch\u1ebf b\u1ec1n v\u1eefng v\u00e0 kinh t\u1ebf tu\u1ea7n ho\u00e0n t\u1ea1i Vi\u1ec7t Nam.<\/p>\n<p><img loading=\"lazy\" class=\"size-full wp-image-9541 aligncenter\" src=\"https:\/\/duytanrecycling.com\/wp-content\/uploads\/2026\/03\/DTR-2.jpg\" alt=\"\" width=\"1080\" height=\"1080\" srcset=\"https:\/\/duytanrecycling.com\/wp-content\/uploads\/2026\/03\/DTR-2.jpg 1080w, https:\/\/duytanrecycling.com\/wp-content\/uploads\/2026\/03\/DTR-2-300x300.jpg 300w, https:\/\/duytanrecycling.com\/wp-content\/uploads\/2026\/03\/DTR-2-1024x1024.jpg 1024w, https:\/\/duytanrecycling.com\/wp-content\/uploads\/2026\/03\/DTR-2-150x150.jpg 150w, https:\/\/duytanrecycling.com\/wp-content\/uploads\/2026\/03\/DTR-2-768x768.jpg 768w, https:\/\/duytanrecycling.com\/wp-content\/uploads\/2026\/03\/DTR-2-750x750.jpg 750w\" sizes=\"(max-width: 1080px) 100vw, 1080px\" \/> <img loading=\"lazy\" class=\"size-full wp-image-9544 aligncenter\" src=\"https:\/\/duytanrecycling.com\/wp-content\/uploads\/2026\/03\/DTR-3.jpg\" alt=\"\" width=\"1080\" height=\"1080\" srcset=\"https:\/\/duytanrecycling.com\/wp-content\/uploads\/2026\/03\/DTR-3.jpg 1080w, https:\/\/duytanrecycling.com\/wp-content\/uploads\/2026\/03\/DTR-3-300x300.jpg 300w, https:\/\/duytanrecycling.com\/wp-content\/uploads\/2026\/03\/DTR-3-1024x1024.jpg 1024w, https:\/\/duytanrecycling.com\/wp-content\/uploads\/2026\/03\/DTR-3-150x150.jpg 150w, https:\/\/duytanrecycling.com\/wp-content\/uploads\/2026\/03\/DTR-3-768x768.jpg 768w, https:\/\/duytanrecycling.com\/wp-content\/uploads\/2026\/03\/DTR-3-750x750.jpg 750w\" sizes=\"(max-width: 1080px) 100vw, 1080px\" \/> <img loading=\"lazy\" class=\"size-full wp-image-9538 aligncenter\" src=\"https:\/\/duytanrecycling.com\/wp-content\/uploads\/2026\/03\/DTR-1.jpg\" alt=\"\" width=\"1080\" height=\"1080\" srcset=\"https:\/\/duytanrecycling.com\/wp-content\/uploads\/2026\/03\/DTR-1.jpg 1080w, https:\/\/duytanrecycling.com\/wp-content\/uploads\/2026\/03\/DTR-1-300x300.jpg 300w, https:\/\/duytanrecycling.com\/wp-content\/uploads\/2026\/03\/DTR-1-1024x1024.jpg 1024w, https:\/\/duytanrecycling.com\/wp-content\/uploads\/2026\/03\/DTR-1-150x150.jpg 150w, https:\/\/duytanrecycling.com\/wp-content\/uploads\/2026\/03\/DTR-1-768x768.jpg 768w, https:\/\/duytanrecycling.com\/wp-content\/uploads\/2026\/03\/DTR-1-750x750.jpg 750w\" sizes=\"(max-width: 1080px) 100vw, 1080px\" \/> <img loading=\"lazy\" class=\"size-full wp-image-9547 aligncenter\" src=\"https:\/\/duytanrecycling.com\/wp-content\/uploads\/2026\/03\/DTR-4.jpg\" alt=\"\" width=\"1080\" height=\"1080\" srcset=\"https:\/\/duytanrecycling.com\/wp-content\/uploads\/2026\/03\/DTR-4.jpg 1080w, https:\/\/duytanrecycling.com\/wp-content\/uploads\/2026\/03\/DTR-4-300x300.jpg 300w, https:\/\/duytanrecycling.com\/wp-content\/uploads\/2026\/03\/DTR-4-1024x1024.jpg 1024w, https:\/\/duytanrecycling.com\/wp-content\/uploads\/2026\/03\/DTR-4-150x150.jpg 150w, https:\/\/duytanrecycling.com\/wp-content\/uploads\/2026\/03\/DTR-4-768x768.jpg 768w, https:\/\/duytanrecycling.com\/wp-content\/uploads\/2026\/03\/DTR-4-750x750.jpg 750w\" sizes=\"(max-width: 1080px) 100vw, 1080px\" \/><\/p>\n<p>Follow DUYTAN Recycling:<\/p>\n<p>Website: https:\/\/lnkd.in\/gCNWfXvR<\/p>\n<p>Facebook: https:\/\/lnkd.in\/gMNB2UqK<\/p>\n<p>LinkedIn: https:\/\/lnkd.in\/g523Jkau<\/p>\n<p>YouTube: https:\/\/lnkd.in\/ghuurGJ5<\/p>\n<p>\u260e Hotline: (+84-27) 2377 9920<\/p>\n<p><strong class=\"ql-hashtag\" data-test-ql-hashtag=\"true\">#DUYTANRecycling<\/strong><\/p>\n","protected":false},"excerpt":{"rendered":"<p>Ng\u00e0y 20\/03\/2026, DTR \u0111\u00e3 tham d\u1ef1 Di\u1ec5n \u0111\u00e0n qu\u1ed1c gia v\u1ec1 th\u00fac \u0111\u1ea9y gi\u1ea3i ph\u00e1p gi\u1ea3m bao b\u00ec nh\u1ef1a th\u00f4ng qua ch\u00ednh s\u00e1ch v\u00e0 th\u00ed \u0111i\u1ec3m t\u1ea1i \u0111\u1ecba ph\u01b0\u01a1ng &#8211; Hu\u1ebf. Di\u1ec5n \u0111\u00e0n do WWF-Vi\u1ec7t Nam, S\u1edf N\u00f4ng nghi\u1ec7p v\u00e0 M\u00f4i tr\u01b0\u1eddng TP Hu\u1ebf v\u00e0 Vi\u1ec7n Nghi\u00ean c\u1ee9u Ph\u00e1t tri\u1ec3n TP Hu\u1ebf ph\u1ed1i h\u1ee3p t\u1ed5<\/p>\n","protected":false},"author":9,"featured_media":9538,"parent":0,"menu_order":0,"comment_status":"closed","ping_status":"closed","template":"","meta":{"om_disable_all_campaigns":false,"_monsterinsights_skip_tracking":false,"_monsterinsights_sitenote_active":false,"_monsterinsights_sitenote_note":"","_monsterinsights_sitenote_category":0},"aioseo_notices":[],"_links":{"self":[{"href":"https:\/\/duytanrecycling.com\/vi\/wp-json\/wp\/v2\/pages\/9551"}],"collection":[{"href":"https:\/\/duytanrecycling.com\/vi\/wp-json\/wp\/v2\/pages"}],"about":[{"href":"https:\/\/duytanrecycling.com\/vi\/wp-json\/wp\/v2\/types\/page"}],"author":[{"embeddable":true,"href":"https:\/\/duytanrecycling.com\/vi\/wp-json\/wp\/v2\/users\/9"}],"replies":[{"embeddable":true,"href":"https:\/\/duytanrecycling.com\/vi\/wp-json\/wp\/v2\/comments?post=9551"}],"version-history":[{"count":1,"href":"https:\/\/duytanrecycling.com\/vi\/wp-json\/wp\/v2\/pages\/9551\/revisions"}],"predecessor-version":[{"id":9552,"href":"https:\/\/duytanrecycling.com\/vi\/wp-json\/wp\/v2\/pages\/9551\/revisions\/9552"}],"wp:featuredmedia":[{"embeddable":true,"href":"https:\/\/duytanrecycling.com\/vi\/wp-json\/wp\/v2\/media\/9538"}],"wp:attachment":[{"href":"https:\/\/duytanrecycling.com\/vi\/wp-json\/wp\/v2\/media?parent=9551"}],"curies":[{"name":"wp","href":"https:\/\/api.w.org\/{rel}","templated":true}]}}