{"id":8377,"date":"2024-12-13T08:00:17","date_gmt":"2024-12-13T08:00:17","guid":{"rendered":"https:\/\/duytanrecycling.com\/sustainable-development\/"},"modified":"2025-01-10T02:07:02","modified_gmt":"2025-01-10T02:07:02","slug":"sustainable-development","status":"publish","type":"page","link":"https:\/\/duytanrecycling.com\/vi\/sustainable-development\/","title":{"rendered":"Ph\u00e1t tri\u1ec3n b\u1ec1n v\u1eefng"},"content":{"rendered":"<p>DUYTAN Recycling l\u00e0 c\u00f4ng ty ti\u00ean phong t\u1ea1i Vi\u1ec7t Nam trong l\u0129nh v\u1ef1c t\u00e1i ch\u1ebf nh\u1ef1a c\u00f4ng ngh\u1ec7 cao, v\u1edbi cam k\u1ebft m\u1ea1nh m\u1ebd \u0111\u1ed1i v\u1edbi c\u00e1c ho\u1ea1t \u0111\u1ed9ng ESG (M\u00f4i tr\u01b0\u1eddng, X\u00e3 h\u1ed9i v\u00e0 Qu\u1ea3n tr\u1ecb). C\u00f4ng ty \u0111\u00e3 th\u1ef1c hi\u1ec7n nhi\u1ec1u s\u00e1ng ki\u1ebfn nh\u1eb1m gi\u1ea3m thi\u1ec3u t\u00e1c \u0111\u1ed9ng m\u00f4i tr\u01b0\u1eddng, n\u00e2ng cao tr\u00e1ch nhi\u1ec7m x\u00e3 h\u1ed9i v\u00e0 \u0111\u1ea3m b\u1ea3o qu\u1ea3n tr\u1ecb doanh nghi\u1ec7p minh b\u1ea1ch v\u00e0 hi\u1ec7u qu\u1ea3.<\/p>\n","protected":false},"excerpt":{"rendered":"<p>DUYTAN Recycling l\u00e0 c\u00f4ng ty ti\u00ean phong t\u1ea1i Vi\u1ec7t Nam trong l\u0129nh v\u1ef1c t\u00e1i ch\u1ebf nh\u1ef1a c\u00f4ng ngh\u1ec7 cao, v\u1edbi cam k\u1ebft m\u1ea1nh m\u1ebd \u0111\u1ed1i v\u1edbi c\u00e1c ho\u1ea1t \u0111\u1ed9ng ESG (M\u00f4i tr\u01b0\u1eddng, X\u00e3 h\u1ed9i v\u00e0 Qu\u1ea3n tr\u1ecb). C\u00f4ng ty \u0111\u00e3 th\u1ef1c hi\u1ec7n nhi\u1ec1u s\u00e1ng ki\u1ebfn nh\u1eb1m gi\u1ea3m thi\u1ec3u t\u00e1c \u0111\u1ed9ng m\u00f4i tr\u01b0\u1eddng, n\u00e2ng cao tr\u00e1ch<\/p>\n","protected":false},"author":9,"featured_media":0,"parent":0,"menu_order":0,"comment_status":"closed","ping_status":"closed","template":"page-sustain.php","meta":{"om_disable_all_campaigns":false,"_monsterinsights_skip_tracking":false,"_monsterinsights_sitenote_active":false,"_monsterinsights_sitenote_note":"","_monsterinsights_sitenote_category":0},"aioseo_notices":[],"_links":{"self":[{"href":"https:\/\/duytanrecycling.com\/vi\/wp-json\/wp\/v2\/pages\/8377"}],"collection":[{"href":"https:\/\/duytanrecycling.com\/vi\/wp-json\/wp\/v2\/pages"}],"about":[{"href":"https:\/\/duytanrecycling.com\/vi\/wp-json\/wp\/v2\/types\/page"}],"author":[{"embeddable":true,"href":"https:\/\/duytanrecycling.com\/vi\/wp-json\/wp\/v2\/users\/9"}],"replies":[{"embeddable":true,"href":"https:\/\/duytanrecycling.com\/vi\/wp-json\/wp\/v2\/comments?post=8377"}],"version-history":[{"count":9,"href":"https:\/\/duytanrecycling.com\/vi\/wp-json\/wp\/v2\/pages\/8377\/revisions"}],"predecessor-version":[{"id":8603,"href":"https:\/\/duytanrecycling.com\/vi\/wp-json\/wp\/v2\/pages\/8377\/revisions\/8603"}],"wp:attachment":[{"href":"https:\/\/duytanrecycling.com\/vi\/wp-json\/wp\/v2\/media?parent=8377"}],"curies":[{"name":"wp","href":"https:\/\/api.w.org\/{rel}","templated":true}]}}