{"id":2746,"date":"2022-11-30T02:25:43","date_gmt":"2022-11-30T02:25:43","guid":{"rendered":"https:\/\/duytanrecycling.com\/?page_id=2746"},"modified":"2023-04-28T10:15:51","modified_gmt":"2023-04-28T10:15:51","slug":"san-pham","status":"publish","type":"page","link":"https:\/\/duytanrecycling.com\/vi\/services\/san-pham\/","title":{"rendered":"S\u1ea3n ph\u1ea9m"},"content":{"rendered":"<div id=\"pl-2746\"  class=\"panel-layout\" ><div id=\"pg-2746-0\"  class=\"panel-grid panel-has-style\" ><div class=\"siteorigin-panels-stretch tablet-2-in-row mobile-1-in-row desktop-default full-width-on-small-devices full-width-on-tablets panel-row-style panel-row-style-for-2746-0\" style=\"background-position: center center; background-repeat: no-repeat; background-size:cover;\" data-stretch-type=\"full\" ><div id=\"pgc-2746-0-0\"  class=\"panel-grid-cell panel-grid-cell-mobile-last\" ><div class=\"overlay-c2 panel-cell-style panel-cell-style-for-2746-0-0\" ><div id=\"panel-2746-0-0-0\" class=\"so-panel widget widget_sow-editor panel-first-child panel-last-child\" data-index=\"0\" ><div class=\"orion mobile-text-center text-light panel-widget-style panel-widget-style-for-2746-0-0-0\" ><div class=\"so-widget-sow-editor so-widget-sow-editor-base\">\n<div class=\"siteorigin-widget-tinymce textwidget\">\n\t<h1>S\u1ea3n ph\u1ea9m<\/h1>\n<p class=\"lead\">\n<\/div>\n<\/div><\/div><\/div><\/div><\/div><div id=\"pgc-2746-0-1\"  class=\"panel-grid-cell panel-grid-cell-empty\" ><\/div><\/div><\/div><div id=\"pg-2746-1\"  class=\"panel-grid panel-no-style\" ><div id=\"pgc-2746-1-0\"  class=\"panel-grid-cell\" ><div id=\"panel-2746-1-0-0\" class=\"so-panel widget widget_siteorigin-panels-builder panel-first-child panel-last-child\" data-index=\"1\" ><div class=\"orion default panel-widget-style panel-widget-style-for-2746-1-0-0\" ><div id=\"pl-w644b98a43ce11\"  class=\"panel-layout\" ><div id=\"pg-w644b98a43ce11-0\"  class=\"panel-grid panel-no-style\" ><div id=\"pgc-w644b98a43ce11-0-0\"  class=\"panel-grid-cell\" ><div id=\"panel-w644b98a43ce11-0-0-0\" class=\"so-panel widget widget_orion_accordion_w panel-first-child panel-last-child\" data-index=\"0\" ><div class=\"orion default panel-widget-style panel-widget-style-for-w644b98a43ce11-0-0-0\" ><div class=\"so-widget-orion_accordion_w so-widget-orion_accordion_w-base\">\t\n\n\t<div class=\"panel-group text-light\" role=\"tablist\" aria-multiselectable=\"true\" id=\"acc_69d19e484ff8f\">\n\t\t\n\t\t\t\t\t\t\t\t\n\t\t\t\n\t\t<div class=\"panel panel-default\" style=\"border-color:#F2F4F4;\">\n\t\t\t<div class=\"panel-heading\" role=\"tab\" id=\"rPET69d19e484ffb4\">\n\t\t\t\t<h4 class=\"panel-title\" style=\"background-color:rgba(22,104,55,1);\">\n\t\t\t\t\t<a role=\"button\" data-toggle=\"collapse\" href=\"#rPET69d19e484ffb4-panel\" class=\"collapsed text-light primary-hover\" aria-expanded=\"false\" aria-controls=\"rPET69d19e484ffb4\" data-parent=\"#acc_69d19e484ff8f\" style=\"border-color:#F2F4F4;\">\n\t\t\t\t\t  \t\n\t\t\t\t\t  \trPET\t\t\t\t\t<\/a>\n\t\t\t\t<\/h4>\n\n\t\t\t<\/div>\n\t\t\t<div class=\"panel-collapse collapse \" id=\"rPET69d19e484ffb4-panel\" aria-expanded=\"false\" role=\"tabpanel\" aria-labelledby=\"rPET69d19e484ffb4\">\n\t\t\t\t<div class=\"panel-body\" style=\"border-color:#F2F4F4; background-color:rgba(22,104,55,1);\">\n\t\t\t\t\t\t\t\t\t<\/div>\n\t\t\t<\/div>\n\t\t<\/div>\n\t\t\t<\/div>\t\n\n\n\n\n<\/div><\/div><\/div><\/div><\/div><\/div><\/div><\/div><\/div><div id=\"pgc-2746-1-1\"  class=\"panel-grid-cell\" ><div id=\"panel-2746-1-1-0\" class=\"so-panel widget widget_siteorigin-panels-builder panel-first-child panel-last-child\" data-index=\"2\" ><div class=\"orion default panel-widget-style panel-widget-style-for-2746-1-1-0\" ><div id=\"pl-w612f530d38779\"  class=\"panel-layout\" ><div id=\"pg-w612f530d38779-0\"  class=\"panel-grid panel-no-style\" ><div id=\"pgc-w612f530d38779-0-0\"  class=\"panel-grid-cell\" ><div id=\"panel-w612f530d38779-0-0-0\" class=\"so-panel widget widget_orion_accordion_w panel-first-child panel-last-child\" data-index=\"0\" ><div class=\"orion default panel-widget-style panel-widget-style-for-w612f530d38779-0-0-0\" ><div class=\"so-widget-orion_accordion_w so-widget-orion_accordion_w-base\">\t\n\n\t<div class=\"panel-group text-light\" role=\"tablist\" aria-multiselectable=\"true\" id=\"acc_69d19e48502b7\">\n\t\t\n\t\t\t\t\t\t\t\t\n\t\t\t\n\t\t<div class=\"panel panel-default\" style=\"border-color:#F2F4F4;\">\n\t\t\t<div class=\"panel-heading\" role=\"tab\" id=\"rHPDE69d19e48502c3\">\n\t\t\t\t<h4 class=\"panel-title\" style=\"background-color:rgba(22,104,55,1);\">\n\t\t\t\t\t<a role=\"button\" data-toggle=\"collapse\" href=\"#rHPDE69d19e48502c3-panel\" class=\"collapsed text-light primary-hover\" aria-expanded=\"false\" aria-controls=\"rHPDE69d19e48502c3\" data-parent=\"#acc_69d19e48502b7\" style=\"border-color:#F2F4F4;\">\n\t\t\t\t\t  \t\n\t\t\t\t\t  \trHPDE\t\t\t\t\t<\/a>\n\t\t\t\t<\/h4>\n\n\t\t\t<\/div>\n\t\t\t<div class=\"panel-collapse collapse \" id=\"rHPDE69d19e48502c3-panel\" aria-expanded=\"false\" role=\"tabpanel\" aria-labelledby=\"rHPDE69d19e48502c3\">\n\t\t\t\t<div class=\"panel-body\" style=\"border-color:#F2F4F4; background-color:rgba(22,104,55,1);\">\n\t\t\t\t\t\t\t\t\t<\/div>\n\t\t\t<\/div>\n\t\t<\/div>\n\t\t\t<\/div>\t\n\n\n\n\n<\/div><\/div><\/div><\/div><\/div><\/div><\/div><\/div><\/div><\/div><div id=\"pg-2746-2\"  class=\"panel-grid panel-has-style\" ><div class=\"tablet-default mobile-1-in-row desktop-default panel-row-style panel-row-style-for-2746-2\" ><div id=\"pgc-2746-2-0\"  class=\"panel-grid-cell\" ><div id=\"panel-2746-2-0-0\" class=\"so-panel widget widget_sow-image panel-first-child panel-last-child\" data-index=\"3\" ><div class=\"orion default panel-widget-style panel-widget-style-for-2746-2-0-0\" ><div class=\"so-widget-sow-image so-widget-sow-image-default-6b88c04c1f9b\">\n\n<div class=\"sow-image-container\">\n\t<img src=\"https:\/\/duytanrecycling.com\/wp-content\/uploads\/2023\/03\/42-scaled.jpg\" width=\"2560\" height=\"1707\" srcset=\"https:\/\/duytanrecycling.com\/wp-content\/uploads\/2023\/03\/42-scaled.jpg 2560w, https:\/\/duytanrecycling.com\/wp-content\/uploads\/2023\/03\/42-300x200.jpg 300w, https:\/\/duytanrecycling.com\/wp-content\/uploads\/2023\/03\/42-1024x683.jpg 1024w, https:\/\/duytanrecycling.com\/wp-content\/uploads\/2023\/03\/42-768x512.jpg 768w, https:\/\/duytanrecycling.com\/wp-content\/uploads\/2023\/03\/42-1536x1024.jpg 1536w, https:\/\/duytanrecycling.com\/wp-content\/uploads\/2023\/03\/42-2048x1365.jpg 2048w, https:\/\/duytanrecycling.com\/wp-content\/uploads\/2023\/03\/42-750x500.jpg 750w, https:\/\/duytanrecycling.com\/wp-content\/uploads\/2023\/03\/42-272x182.jpg 272w\" sizes=\"(max-width: 2560px) 100vw, 2560px\" title=\"V\u1ecf chai c\u0169 t\u1ea1i nh\u00e0 m\u00e1y t\u00e1i ch\u1ebf nh\u1ef1a sau khi x\u1eed l\u00fd s\u1ebd t\u1ea1o ra h\u1ea1t nh\u1ef1a - nguy\u00ean li\u1ec7u t\u1ea1o th\u00e0nh v\u1ecf chai m\u1edbi\" alt=\"\" \t\tclass=\"so-widget-image\"\/>\n<\/div>\n\n<\/div><\/div><\/div><\/div><div id=\"pgc-2746-2-1\"  class=\"panel-grid-cell\" ><div id=\"panel-2746-2-1-0\" class=\"so-panel widget widget_sow-image panel-first-child panel-last-child\" data-index=\"4\" ><div class=\"orion default panel-widget-style panel-widget-style-for-2746-2-1-0\" ><div class=\"so-widget-sow-image so-widget-sow-image-default-6b88c04c1f9b\">\n\n<div class=\"sow-image-container\">\n\t<img src=\"https:\/\/duytanrecycling.com\/wp-content\/uploads\/2023\/04\/21-scaled.jpg\" width=\"2560\" height=\"1707\" srcset=\"https:\/\/duytanrecycling.com\/wp-content\/uploads\/2023\/04\/21-scaled.jpg 2560w, https:\/\/duytanrecycling.com\/wp-content\/uploads\/2023\/04\/21-300x200.jpg 300w, https:\/\/duytanrecycling.com\/wp-content\/uploads\/2023\/04\/21-1024x683.jpg 1024w, https:\/\/duytanrecycling.com\/wp-content\/uploads\/2023\/04\/21-768x512.jpg 768w, https:\/\/duytanrecycling.com\/wp-content\/uploads\/2023\/04\/21-1536x1024.jpg 1536w, https:\/\/duytanrecycling.com\/wp-content\/uploads\/2023\/04\/21-2048x1365.jpg 2048w, https:\/\/duytanrecycling.com\/wp-content\/uploads\/2023\/04\/21-750x500.jpg 750w, https:\/\/duytanrecycling.com\/wp-content\/uploads\/2023\/04\/21-272x182.jpg 272w\" sizes=\"(max-width: 2560px) 100vw, 2560px\" title=\"21\" alt=\"\" \t\tclass=\"so-widget-image\"\/>\n<\/div>\n\n<\/div><\/div><\/div><\/div><\/div><\/div><div id=\"pg-2746-3\"  class=\"panel-grid panel-has-style\" ><div class=\"tablet-default mobile-1-in-row desktop-default panel-row-style panel-row-style-for-2746-3\" ><div id=\"pgc-2746-3-0\"  class=\"panel-grid-cell\" ><div id=\"panel-2746-3-0-0\" class=\"so-panel widget widget_sow-editor panel-first-child panel-last-child\" data-index=\"5\" ><div class=\"orion default panel-widget-style panel-widget-style-for-2746-3-0-0\" ><div class=\"so-widget-sow-editor so-widget-sow-editor-base\">\n<div class=\"siteorigin-widget-tinymce textwidget\">\n\t<p>&nbsp;<\/p>\n<p>Recycled Polyethylene Terephthalate ( rPET) \u0111\u01b0\u1ee3c s\u1ea3n xu\u1ea5t v\u1edbi quy tr\u00ecnh ki\u1ec3m so\u00e1t ch\u1ea5t l\u01b0\u1ee3ng nghi\u00eam ng\u1eb7t. \u0110\u00e1p \u1ee9ng ti\u00eau chu\u1ea9n FDA to\u00e0n c\u1ea7u, \u0111\u00e1p \u1ee9ng y\u00eau c\u1ea7u c\u1ee7a bao b\u00ec ti\u1ebfp x\u00fac th\u1ef1c ph\u1ea9m.<br \/>\n\u1ee8ng d\u1ee5ng \u0111a d\u1ea1ng : Ng\u00e0nh n\u01b0\u1edbc u\u1ed1ng, th\u1ef1c ph\u1ea9m, m\u1ef9 ph\u1ea9m, x\u01a1 s\u1ee3i, bao b\u00ec nh\u1ef1a th\u00e0nh m\u1ecfng themoforming,\u00a0 gia d\u1ee5ng \u2026<\/p>\n<\/div>\n<\/div><\/div><\/div><\/div><div id=\"pgc-2746-3-1\"  class=\"panel-grid-cell panel-grid-cell-empty\" ><\/div><div id=\"pgc-2746-3-2\"  class=\"panel-grid-cell\" ><div id=\"panel-2746-3-2-0\" class=\"so-panel widget widget_sow-editor panel-first-child panel-last-child\" data-index=\"6\" ><div class=\"orion default panel-widget-style panel-widget-style-for-2746-3-2-0\" ><div class=\"so-widget-sow-editor so-widget-sow-editor-base\">\n<div class=\"siteorigin-widget-tinymce textwidget\">\n\t<p>&nbsp;<\/p>\n<p>Recycled High Density Poly Ethylene (rHDPE) \u0111\u01b0\u1ee3c s\u1ea3n xu\u1ea5t v\u1edbi quy tr\u00ecnh thu gom v\u00e0 ph\u00e2n lo\u1ea1i chai theo m\u00e0u. C\u00e1c chai \u0111\u1ea7u v\u00e0o ph\u1ea3i \u0111\u00e1p \u1ee9ng theo ti\u00eau chu\u1ea9n tuy\u1ec3n l\u1ef1a c\u1ee7a nh\u00e0 m\u00e1y.<br \/>\n\u1ee8ng d\u1ee5ng \u0111a d\u1ea1ng : bao b\u00ec cho ng\u00e0nh h\u00f3a ph\u1ea9m v\u00e0 h\u00f3a m\u1ef9 ph\u1ea9m<\/p>\n<\/div>\n<\/div><\/div><\/div><\/div><\/div><\/div><div id=\"pg-2746-4\"  class=\"panel-grid panel-has-style\" ><div class=\"tablet-default mobile-1-in-row desktop-default panel-row-style panel-row-style-for-2746-4\" ><div id=\"pgc-2746-4-0\"  class=\"panel-grid-cell\" ><div id=\"panel-2746-4-0-0\" class=\"so-panel widget widget_siteorigin-panels-builder panel-first-child panel-last-child\" data-index=\"7\" ><div class=\"orion default panel-widget-style panel-widget-style-for-2746-4-0-0\" ><div id=\"pl-w6386bf33c05f5\"  class=\"panel-layout\" ><div id=\"pg-w6386bf33c05f5-0\"  class=\"panel-grid panel-no-style\" ><div id=\"pgc-w6386bf33c05f5-0-0\"  class=\"panel-grid-cell\" ><div id=\"panel-w6386bf33c05f5-0-0-0\" class=\"so-panel widget widget_orion_upload_w panel-first-child panel-last-child\" data-index=\"0\" ><div class=\"orion default panel-widget-style panel-widget-style-for-w6386bf33c05f5-0-0-0\" ><div class=\"so-widget-orion_upload_w so-widget-orion_upload_w-base\"><div class=\"row button-wrap\">\n\t\n\t\n\t\t\t\t<div class=\"col-md-12\">\t\t\n\t\t\t<a class=\"btn-download icon-right btn btn-c1 btn-flat\" href=\"https:\/\/duytanrecycling.com\/wp-content\/uploads\/2022\/11\/TDS-rPET-iSS01084G-3.pdf\" download=\"TDS-rPET-iSS01084G-3.pdf\">\n\t\t\t\t\tRecycled PET iSS01084G\t\t\t\t\t\t\t\t\t\t\t<span class=\"orionicon orionicon-icon_cloud-download_alt\"><\/span>\n\t\t\t\t\t\t\t\t\t\t<span class=\"orionicon orionicon-icon_check btn-visited\"><\/span>\n\t\t\t<\/a>\n\t\t<\/div>\n\t\n\t\t\t\t<div class=\"col-md-12\">\t\t\n\t\t\t<a class=\"btn-download icon-right btn btn-c1 btn-flat\" href=\"https:\/\/duytanrecycling.com\/wp-content\/uploads\/2022\/11\/TDS-rPET-iSS01G.pdf\" download=\"TDS-rPET-iSS01G.pdf\">\n\t\t\t\t\tRecycled PET iSS01G\t\t\t\t\t\t\t\t\t\t\t<span class=\"orionicon orionicon-icon_cloud-download_alt\"><\/span>\n\t\t\t\t\t\t\t\t\t\t<span class=\"orionicon orionicon-icon_check btn-visited\"><\/span>\n\t\t\t<\/a>\n\t\t<\/div>\n\t\n\t\t\t\t<div class=\"col-md-12\">\t\t\n\t\t\t<a class=\"btn-download icon-right btn btn-c1 btn-flat\" href=\"https:\/\/duytanrecycling.com\/wp-content\/uploads\/2022\/11\/TDS-rPET-WSS01G.pdf\" download=\"TDS-rPET-WSS01G.pdf\">\n\t\t\t\t\tRecycled PET WSS01G\t\t\t\t\t\t\t\t\t\t\t<span class=\"orionicon orionicon-icon_cloud-download_alt\"><\/span>\n\t\t\t\t\t\t\t\t\t\t<span class=\"orionicon orionicon-icon_check btn-visited\"><\/span>\n\t\t\t<\/a>\n\t\t<\/div>\n\t\n\t\t\t\t<div class=\"col-md-12\">\t\t\n\t\t\t<a class=\"btn-download icon-right btn btn-c1 btn-flat\" href=\"https:\/\/duytanrecycling.com\/wp-content\/uploads\/2022\/11\/TDS-rPET-WSS03G.pdf\" download=\"TDS-rPET-WSS03G.pdf\">\n\t\t\t\t\tRecycled PET WSS03G\t\t\t\t\t\t\t\t\t\t\t<span class=\"orionicon orionicon-icon_cloud-download_alt\"><\/span>\n\t\t\t\t\t\t\t\t\t\t<span class=\"orionicon orionicon-icon_check btn-visited\"><\/span>\n\t\t\t<\/a>\n\t\t<\/div>\n\t\n<\/div><\/div><\/div><\/div><\/div><\/div><\/div><\/div><\/div><\/div><div id=\"pgc-2746-4-1\"  class=\"panel-grid-cell\" ><div id=\"panel-2746-4-1-0\" class=\"so-panel widget widget_siteorigin-panels-builder panel-first-child panel-last-child\" data-index=\"8\" ><div class=\"orion default panel-widget-style panel-widget-style-for-2746-4-1-0\" ><div id=\"pl-w6386bf33c8b05\"  class=\"panel-layout\" ><div id=\"pg-w6386bf33c8b05-0\"  class=\"panel-grid panel-no-style\" ><div id=\"pgc-w6386bf33c8b05-0-0\"  class=\"panel-grid-cell\" ><div id=\"panel-w6386bf33c8b05-0-0-0\" class=\"so-panel widget widget_orion_upload_w panel-first-child panel-last-child\" data-index=\"0\" ><div class=\"orion default panel-widget-style panel-widget-style-for-w6386bf33c8b05-0-0-0\" ><div class=\"so-widget-orion_upload_w so-widget-orion_upload_w-base\"><div class=\"row button-wrap\">\n\t\n\t\n\t\t\t\t<div class=\"col-md-12\">\t\t\n\t\t\t<a class=\"btn-download icon-right btn btn-c1 btn-flat\" href=\"https:\/\/duytanrecycling.com\/wp-content\/uploads\/2022\/11\/SPEC-rHDPE-MBF01-3.pdf\" download=\"SPEC-rHDPE-MBF01-3.pdf\">\n\t\t\t\t\tRecycled HDPE MBF01\t\t\t\t\t\t\t\t\t\t\t<span class=\"orionicon orionicon-icon_cloud-download_alt\"><\/span>\n\t\t\t\t\t\t\t\t\t\t<span class=\"orionicon orionicon-icon_check btn-visited\"><\/span>\n\t\t\t<\/a>\n\t\t<\/div>\n\t\n<\/div><\/div><\/div><\/div><\/div><\/div><\/div><\/div><\/div><\/div><\/div><\/div><div id=\"pg-2746-5\"  class=\"panel-grid panel-has-style\" ><div class=\"siteorigin-panels-stretch hidden-sm hidden-xs hidden-md-lg panel-row-style panel-row-style-for-2746-5\" style=\"background-position: center center; background-repeat: no-repeat; background-size:cover;\" data-stretch-type=\"full\" data-svg-top-color=\"#ffffff\" ><div id=\"pgc-2746-5-0\"  class=\"panel-grid-cell\" ><div id=\"panel-2746-5-0-0\" class=\"so-panel widget widget_orion_upload_w panel-first-child panel-last-child\" data-index=\"9\" ><div class=\"orion default panel-widget-style panel-widget-style-for-2746-5-0-0\" ><div class=\"so-widget-orion_upload_w so-widget-orion_upload_w-base\"><div class=\"row button-wrap\">\n\t\n\t\n\t\t\t\t<div class=\"col-md-12\">\t\t\n\t\t\t<a class=\"btn-download icon-right btn btn-c1 btn-flat\" href=\"https:\/\/duytanrecycling.com\/wp-content\/uploads\/2022\/11\/TDS-rPET-iSS01084G-3.pdf\" download=\"TDS-rPET-iSS01084G-3.pdf\">\n\t\t\t\t\tRecycled PET iSS01084G\t\t\t\t\t\t\t\t\t\t\t<span class=\"orionicon orionicon-icon_cloud-download_alt\"><\/span>\n\t\t\t\t\t\t\t\t\t\t<span class=\"orionicon orionicon-icon_check btn-visited\"><\/span>\n\t\t\t<\/a>\n\t\t<\/div>\n\t\n\t\t\t\t<div class=\"col-md-12\">\t\t\n\t\t\t<a class=\"btn-download icon-right btn btn-c1 btn-flat\" href=\"https:\/\/duytanrecycling.com\/wp-content\/uploads\/2022\/11\/TDS-rPET-iSS01G.pdf\" download=\"TDS-rPET-iSS01G.pdf\">\n\t\t\t\t\tRecycled PET iSS01G\t\t\t\t\t\t\t\t\t\t\t<span class=\"orionicon orionicon-icon_cloud-download_alt\"><\/span>\n\t\t\t\t\t\t\t\t\t\t<span class=\"orionicon orionicon-icon_check btn-visited\"><\/span>\n\t\t\t<\/a>\n\t\t<\/div>\n\t\n\t\t\t\t<div class=\"col-md-12\">\t\t\n\t\t\t<a class=\"btn-download icon-right btn btn-c1 btn-flat\" href=\"https:\/\/duytanrecycling.com\/wp-content\/uploads\/2022\/11\/TDS-rPET-WSS01G.pdf\" download=\"TDS-rPET-WSS01G.pdf\">\n\t\t\t\t\tRecycled WSS01G\t\t\t\t\t\t\t\t\t\t\t<span class=\"orionicon orionicon-icon_cloud-download_alt\"><\/span>\n\t\t\t\t\t\t\t\t\t\t<span class=\"orionicon orionicon-icon_check btn-visited\"><\/span>\n\t\t\t<\/a>\n\t\t<\/div>\n\t\n\t\t\t\t<div class=\"col-md-12\">\t\t\n\t\t\t<a class=\"btn-download icon-right btn btn-c1 btn-flat\" href=\"https:\/\/duytanrecycling.com\/wp-content\/uploads\/2022\/11\/TDS-rPET-WSS03G.pdf\" download=\"TDS-rPET-WSS03G.pdf\">\n\t\t\t\t\tRecycled PET WSS03G\t\t\t\t\t\t\t\t\t\t\t<span class=\"orionicon orionicon-icon_cloud-download_alt\"><\/span>\n\t\t\t\t\t\t\t\t\t\t<span class=\"orionicon orionicon-icon_check btn-visited\"><\/span>\n\t\t\t<\/a>\n\t\t<\/div>\n\t\n<\/div><\/div><\/div><\/div><\/div><div id=\"pgc-2746-5-1\"  class=\"panel-grid-cell\" ><div id=\"panel-2746-5-1-0\" class=\"so-panel widget widget_orion_empty_space_w panel-first-child\" data-index=\"10\" ><div class=\"orion default panel-widget-style panel-widget-style-for-2746-5-1-0\" ><div class=\"so-widget-orion_empty_space_w so-widget-orion_empty_space_w-base\">\t<div class=\"row empty-space  visible-sm visible-xs\" style=\"height:48px;\">\n\t<\/div><\/div><\/div><\/div><div id=\"panel-2746-5-1-1\" class=\"so-panel widget widget_orion_progress_w panel-last-child\" data-index=\"11\" ><div class=\"orion default panel-widget-style panel-widget-style-for-2746-5-1-1\" ><div class=\"so-widget-orion_progress_w so-widget-orion_progress_w-base\">\n\n\t\n\t<div class=\"orion-progress-bar-wrap\">\n\t\t<div class=\"lead clearfix text-dark\">Gi\u1ea5y &amp; b\u00eca c\u1ee9ng\t\t\t\t\t\t\t<span class=\"pull-right\">76%<\/span>\n\t\t\t\t\t<\/div>\n\t\t<div class=\"progress progress-sm\">\n\t\t  <div class=\"progress-bar  primary-color-bg\" role=\"progressbar\"\n\t\t  aria-valuenow=\"0\" aria-valuemin=\"0\" aria-valuemax=\"100\" style=\"width:0\" data-percentage=\"76\">\n\t\t  \t\t\t  <\/div>\n\t\t<\/div>\n\t<\/div>\n\n\t\n\t<div class=\"orion-progress-bar-wrap\">\n\t\t<div class=\"lead clearfix text-dark\">Ch\u1ea5t th\u1ea3i y t\u1ebf\t\t\t\t\t\t\t<span class=\"pull-right\">70%<\/span>\n\t\t\t\t\t<\/div>\n\t\t<div class=\"progress progress-sm\">\n\t\t  <div class=\"progress-bar  progress-bar-warning\" role=\"progressbar\"\n\t\t  aria-valuenow=\"0\" aria-valuemin=\"0\" aria-valuemax=\"100\" style=\"width:0\" data-percentage=\"70\">\n\t\t  \t\t\t  <\/div>\n\t\t<\/div>\n\t<\/div>\n\n\t\n\t<div class=\"orion-progress-bar-wrap\">\n\t\t<div class=\"lead clearfix text-dark\">Kim lo\u1ea1i ph\u1ebf li\u1ec7u c\u00f4ng nghi\u1ec7p\t\t\t\t\t\t\t<span class=\"pull-right\">35%<\/span>\n\t\t\t\t\t<\/div>\n\t\t<div class=\"progress progress-sm\">\n\t\t  <div class=\"progress-bar  secondary-color-bg\" role=\"progressbar\"\n\t\t  aria-valuenow=\"0\" aria-valuemin=\"0\" aria-valuemax=\"100\" style=\"width:0\" data-percentage=\"35\">\n\t\t  \t\t\t  <\/div>\n\t\t<\/div>\n\t<\/div>\n\n\t\n\t<div class=\"orion-progress-bar-wrap\">\n\t\t<div class=\"lead clearfix text-dark\">Chai th\u1ee7y tinh\t\t\t\t\t\t\t<span class=\"pull-right\">55%<\/span>\n\t\t\t\t\t<\/div>\n\t\t<div class=\"progress progress-sm\">\n\t\t  <div class=\"progress-bar  progress-bar-info\" role=\"progressbar\"\n\t\t  aria-valuenow=\"0\" aria-valuemin=\"0\" aria-valuemax=\"100\" style=\"width:0\" data-percentage=\"55\">\n\t\t  \t\t\t  <\/div>\n\t\t<\/div>\n\t<\/div>\n<\/div><\/div><\/div><\/div><\/div><\/div><\/div>","protected":false},"excerpt":{"rendered":"<p>S\u1ea3n ph\u1ea9m<\/p>\n","protected":false},"author":4,"featured_media":0,"parent":180,"menu_order":0,"comment_status":"closed","ping_status":"closed","template":"","meta":{"om_disable_all_campaigns":false,"_monsterinsights_skip_tracking":false,"_monsterinsights_sitenote_active":false,"_monsterinsights_sitenote_note":"","_monsterinsights_sitenote_category":0},"aioseo_notices":[],"_links":{"self":[{"href":"https:\/\/duytanrecycling.com\/vi\/wp-json\/wp\/v2\/pages\/2746"}],"collection":[{"href":"https:\/\/duytanrecycling.com\/vi\/wp-json\/wp\/v2\/pages"}],"about":[{"href":"https:\/\/duytanrecycling.com\/vi\/wp-json\/wp\/v2\/types\/page"}],"author":[{"embeddable":true,"href":"https:\/\/duytanrecycling.com\/vi\/wp-json\/wp\/v2\/users\/4"}],"replies":[{"embeddable":true,"href":"https:\/\/duytanrecycling.com\/vi\/wp-json\/wp\/v2\/comments?post=2746"}],"version-history":[{"count":12,"href":"https:\/\/duytanrecycling.com\/vi\/wp-json\/wp\/v2\/pages\/2746\/revisions"}],"predecessor-version":[{"id":6719,"href":"https:\/\/duytanrecycling.com\/vi\/wp-json\/wp\/v2\/pages\/2746\/revisions\/6719"}],"up":[{"embeddable":true,"href":"https:\/\/duytanrecycling.com\/vi\/wp-json\/wp\/v2\/pages\/180"}],"wp:attachment":[{"href":"https:\/\/duytanrecycling.com\/vi\/wp-json\/wp\/v2\/media?parent=2746"}],"curies":[{"name":"wp","href":"https:\/\/api.w.org\/{rel}","templated":true}]}}