{"id":1901,"date":"2021-05-18T08:38:49","date_gmt":"2021-05-18T08:38:49","guid":{"rendered":"https:\/\/duytanrecycling.com\/?page_id=1901"},"modified":"2023-05-04T11:28:11","modified_gmt":"2023-05-04T11:28:11","slug":"quy-trinh-tai-che","status":"publish","type":"page","link":"https:\/\/duytanrecycling.com\/vi\/quy-trinh-tai-che\/","title":{"rendered":"Quy Tr\u00ecnh T\u00e1i Ch\u1ebf"},"content":{"rendered":"<div id=\"toc_container\" class=\"no_bullets\"><p class=\"toc_title\">Contents<\/p><ul class=\"toc_list\"><li><a href=\"#QUY_TRINH_TAI_CHE\"><span class=\"toc_number toc_depth_1\">1<\/span> QUY TR\u00ccNH T\u00c1I CH\u1ebe<\/a><\/li><li><a href=\"#Tai_che\"><span class=\"toc_number toc_depth_1\">2<\/span> \n\t\t\t\tT\u00e1i ch\u1ebf\t\t\t<\/a><\/li><\/ul><\/div>\n<div id=\"pl-1901\"  class=\"panel-layout\" ><div id=\"pg-1901-0\"  class=\"panel-grid panel-has-style\" ><div class=\"siteorigin-panels-stretch tablet-2-in-row mobile-1-in-row desktop-default full-width-on-small-devices full-width-on-tablets panel-row-style panel-row-style-for-1901-0\" style=\"background-position: center center; background-repeat: no-repeat; background-size:cover;\" data-stretch-type=\"full\" ><div id=\"pgc-1901-0-0\"  class=\"panel-grid-cell panel-grid-cell-mobile-last\" ><div class=\"overlay-c2 panel-cell-style panel-cell-style-for-1901-0-0\" ><div id=\"panel-1901-0-0-0\" class=\"so-panel widget widget_sow-editor panel-first-child panel-last-child\" data-index=\"0\" ><div class=\"orion mobile-text-center text-light panel-widget-style panel-widget-style-for-1901-0-0-0\" ><div class=\"so-widget-sow-editor so-widget-sow-editor-base\">\n<div class=\"siteorigin-widget-tinymce textwidget\">\n\t<h2><span id=\"QUY_TRINH_TAI_CHE\">QUY TR\u00ccNH T\u00c1I CH\u1ebe<\/span><\/h2>\n<\/div>\n<\/div><\/div><\/div><\/div><\/div><div id=\"pgc-1901-0-1\"  class=\"panel-grid-cell panel-grid-cell-empty\" ><\/div><\/div><\/div><div id=\"pg-1901-1\"  class=\"panel-grid panel-has-style\" ><div class=\"siteorigin-panels-stretch tablet-1-in-row mobile-1-in-row desktop-default panel-row-style panel-row-style-for-1901-1\" style=\"background-position: center bottom; background-repeat: no-repeat;\" data-stretch-type=\"full\" ><div id=\"pgc-1901-1-0\"  class=\"panel-grid-cell panel-grid-cell-empty\" ><\/div><div id=\"pgc-1901-1-1\"  class=\"panel-grid-cell panel-grid-cell-mobile-last\" ><div id=\"panel-1901-1-1-0\" class=\"so-panel widget widget_orion_heading_w panel-first-child\" data-index=\"1\" ><div class=\"orion default panel-widget-style panel-widget-style-for-1901-1-1-0\" ><div class=\"so-widget-orion_heading_w so-widget-orion_heading_w-base\">\n\t\n\t\t\n\t<div class=\"row orion-heading\" style=\"margin-bottom:0px;\">\n\t\t<div class=\"col-md-12   text-center style-h2 style-primary-color\">\n\t\t\t<h2 class=\"primary-color text-uppercase\"><span id=\"Tai_che\">\n\t\t\t\t<strong>T\u00e1i ch\u1ebf<\/strong>\t\t\t<\/span><\/h2>\n\t\t<\/div>\n\t<\/div>\n\n\t<\/div><\/div><\/div><div id=\"panel-1901-1-1-1\" class=\"so-panel widget widget_sow-editor\" data-index=\"2\" ><div class=\"orion default panel-widget-style panel-widget-style-for-1901-1-1-1\" ><div class=\"so-widget-sow-editor so-widget-sow-editor-base\">\n<div class=\"siteorigin-widget-tinymce textwidget\">\n\t<p style=\"text-align: left;\"><i>Quy tr\u00ecnh <\/i><i>t\u00e1i<\/i> <i>ch\u1ebf<\/i> <i>l\u00e0<\/i> <i>m\u1ed9t<\/i> <i>quy<\/i><i> tr\u00ecnh <\/i><i>kh\u00e9p<\/i> <i>k\u00edn<\/i><i> bao <\/i><i>g\u1ed3m<\/i> <i>nhi\u1ec1u<\/i> <i>c\u00f4ng<\/i> <i>\u0111o\u1ea1n<\/i><i> : <\/i><i>Ph\u00e2n<\/i> <i>lo\u1ea1i<\/i><i>, <\/i><i>R\u1eeda<\/i><i>, <\/i><i>T\u1ea1o<\/i> <i>V\u1ea3y<\/i><i>, <\/i><i>T\u1ea1o<\/i> <i>H\u1ea1t<\/i><i>, <\/i><i>N\u00e2ng<\/i><i> IV ... <\/i><\/p>\n<\/div>\n<\/div><\/div><\/div><div id=\"panel-1901-1-1-2\" class=\"so-panel widget widget_siteorigin-panels-builder panel-last-child\" data-index=\"3\" ><div class=\"orion default panel-widget-style panel-widget-style-for-1901-1-1-2\" ><div id=\"pl-w6139879151de0\"  class=\"panel-layout\" ><div id=\"pg-w6139879151de0-0\"  class=\"panel-grid panel-no-style\" ><div id=\"pgc-w6139879151de0-0-0\"  class=\"panel-grid-cell\" ><div id=\"panel-w6139879151de0-0-0-0\" class=\"so-panel widget widget_media_video panel-first-child panel-last-child\" data-index=\"0\" ><div class=\"orion default panel-widget-style panel-widget-style-for-w6139879151de0-0-0-0\" ><div style=\"width:100%;\" class=\"wp-video\"><!--[if lt IE 9]><script>document.createElement('video');<\/script><![endif]-->\n<video class=\"wp-video-shortcode\" id=\"video-1901-1\" preload=\"metadata\" controls=\"controls\"><source type=\"video\/youtube\" src=\"https:\/\/www.youtube.com\/watch?v=uLU_Rp2yuQQ&#038;_=1\" \/><a href=\"https:\/\/www.youtube.com\/watch?v=uLU_Rp2yuQQ\" target=\"_blank\" rel=\"noopener\">https:\/\/www.youtube.com\/watch?v=uLU_Rp2yuQQ<\/a><\/video><\/div><\/div><\/div><\/div><\/div><\/div><\/div><\/div><\/div><div id=\"pgc-1901-1-2\"  class=\"panel-grid-cell panel-grid-cell-empty\" ><\/div><\/div><\/div><\/div>","protected":false},"excerpt":{"rendered":"<p>QUY TR\u00ccNH T\u00c1I CH\u1ebe Quy tr\u00ecnh t\u00e1i ch\u1ebf l\u00e0 m\u1ed9t quy tr\u00ecnh kh\u00e9p k\u00edn bao g\u1ed3m nhi\u1ec1u c\u00f4ng \u0111o\u1ea1n : Ph\u00e2n lo\u1ea1i, R\u1eeda, T\u1ea1o V\u1ea3y, T\u1ea1o H\u1ea1t, N\u00e2ng IV &#8230;<\/p>\n","protected":false},"author":2,"featured_media":6276,"parent":0,"menu_order":0,"comment_status":"closed","ping_status":"closed","template":"","meta":{"om_disable_all_campaigns":false,"_monsterinsights_skip_tracking":false,"_monsterinsights_sitenote_active":false,"_monsterinsights_sitenote_note":"","_monsterinsights_sitenote_category":0},"aioseo_notices":[],"_links":{"self":[{"href":"https:\/\/duytanrecycling.com\/vi\/wp-json\/wp\/v2\/pages\/1901"}],"collection":[{"href":"https:\/\/duytanrecycling.com\/vi\/wp-json\/wp\/v2\/pages"}],"about":[{"href":"https:\/\/duytanrecycling.com\/vi\/wp-json\/wp\/v2\/types\/page"}],"author":[{"embeddable":true,"href":"https:\/\/duytanrecycling.com\/vi\/wp-json\/wp\/v2\/users\/2"}],"replies":[{"embeddable":true,"href":"https:\/\/duytanrecycling.com\/vi\/wp-json\/wp\/v2\/comments?post=1901"}],"version-history":[{"count":52,"href":"https:\/\/duytanrecycling.com\/vi\/wp-json\/wp\/v2\/pages\/1901\/revisions"}],"predecessor-version":[{"id":6787,"href":"https:\/\/duytanrecycling.com\/vi\/wp-json\/wp\/v2\/pages\/1901\/revisions\/6787"}],"wp:featuredmedia":[{"embeddable":true,"href":"https:\/\/duytanrecycling.com\/vi\/wp-json\/wp\/v2\/media\/6276"}],"wp:attachment":[{"href":"https:\/\/duytanrecycling.com\/vi\/wp-json\/wp\/v2\/media?parent=1901"}],"curies":[{"name":"wp","href":"https:\/\/api.w.org\/{rel}","templated":true}]}}