{"id":1865,"date":"2021-05-18T07:42:29","date_gmt":"2021-05-18T07:42:29","guid":{"rendered":"https:\/\/duytanrecycling.com\/?page_id=1865"},"modified":"2024-08-14T09:32:00","modified_gmt":"2024-08-14T09:32:00","slug":"chi-tiet-san-pham","status":"publish","type":"page","link":"https:\/\/duytanrecycling.com\/vi\/chi-tiet-san-pham\/","title":{"rendered":"S\u1ea2N PH\u1ea8M H\u1ea0T NH\u1ef0A T\u00c1I CH\u1ebe"},"content":{"rendered":"<div id=\"pl-1865\"  class=\"panel-layout\" ><div id=\"pg-1865-0\"  class=\"panel-grid panel-has-style\" ><div class=\"siteorigin-panels-stretch tablet-default mobile-1-in-row desktop-default panel-row-style panel-row-style-for-1865-0\" data-stretch-type=\"full-stretched\" ><div id=\"pgc-1865-0-0\"  class=\"panel-grid-cell\" ><div id=\"panel-1865-0-0-0\" class=\"so-panel widget widget_sow-hero panel-first-child panel-last-child\" data-index=\"0\" ><div class=\"orion default panel-widget-style panel-widget-style-for-1865-0-0-0\" ><div class=\"so-widget-sow-hero so-widget-sow-hero-default-f345f72cb33d so-widget-fittext-wrapper\" data-fit-text-compressor=\"0.85\"><div class=\"sow-slider-base \" style=\"display: none\"><ul class=\"sow-slider-images\" data-settings=\"{&quot;pagination&quot;:true,&quot;speed&quot;:800,&quot;timeout&quot;:8000,&quot;paused&quot;:false,&quot;pause_on_hover&quot;:false,&quot;swipe&quot;:true,&quot;nav_always_show_mobile&quot;:&quot;&quot;,&quot;breakpoint&quot;:&quot;780px&quot;}\">\t\t<li class=\"sow-slider-image  sow-slider-image-cover\" style=\"background-color: #333333\" >\n\t\t\t\t\t<div class=\"sow-slider-image-container\">\n\t\t\t<div class=\"sow-slider-image-wrapper\">\n\t\t\t\t<h1 style=\"text-align: center\">S\u1ea2N PH\u1ea8M H\u1ea0T NH\u1ef0A T\u00c1I SINH<\/h1>\n\t\t\t<\/div>\n\t\t<\/div>\n\t\t<div class=\"sow-slider-image-overlay sow-slider-image-cover\" style=\"background-image: url(https:\/\/duytanrecycling.com\/wp-content\/uploads\/2023\/05\/Dominate-102-scaled.jpg);opacity: 0.6\"  ><\/div>\t\t<\/li>\n\t\t<\/ul>\t\t\t\t<ol class=\"sow-slider-pagination\">\n\t\t\t\t\t\t\t\t\t\t\t<li><a href=\"#\" data-goto=\"0\" aria-label=\"display slide 1\"><\/a><\/li>\n\t\t\t\t\t\t\t\t\t<\/ol>\n\n\t\t\t\t<div class=\"sow-slide-nav sow-slide-nav-next\">\n\t\t\t\t\t<a href=\"#\" data-goto=\"next\" aria-label=\"next slide\" data-action=\"next\">\n\t\t\t\t\t\t<em class=\"sow-sld-icon-thin-right\"><\/em>\n\t\t\t\t\t<\/a>\n\t\t\t\t<\/div>\n\n\t\t\t\t<div class=\"sow-slide-nav sow-slide-nav-prev\">\n\t\t\t\t\t<a href=\"#\" data-goto=\"previous\" aria-label=\"previous slide\" data-action=\"prev\">\n\t\t\t\t\t\t<em class=\"sow-sld-icon-thin-left\"><\/em>\n\t\t\t\t\t<\/a>\n\t\t\t\t<\/div>\n\t\t\t\t<\/div><\/div><\/div><\/div><\/div><\/div><\/div><div id=\"pg-1865-1\"  class=\"panel-grid panel-has-style\" ><div class=\"tablet-default mobile-1-in-row desktop-default panel-row-style panel-row-style-for-1865-1\" ><div id=\"pgc-1865-1-0\"  class=\"panel-grid-cell panel-grid-cell-empty\" ><\/div><\/div><\/div><div id=\"pg-1865-2\"  class=\"panel-grid panel-has-style\" ><div class=\"tablet-default mobile-1-in-row desktop-default panel-row-style panel-row-style-for-1865-2\" ><div id=\"pgc-1865-2-0\"  class=\"panel-grid-cell\" ><div id=\"panel-1865-2-0-0\" class=\"so-panel widget widget_sow-image panel-first-child panel-last-child\" data-index=\"1\" ><div class=\"orion default panel-widget-style panel-widget-style-for-1865-2-0-0\" ><div class=\"so-widget-sow-image so-widget-sow-image-default-d6014b76747a\">\n\n<div class=\"sow-image-container\">\n\t<img src=\"https:\/\/duytanrecycling.com\/wp-content\/uploads\/2024\/07\/Banner-600-x-30-px-rPET.png\" width=\"600\" height=\"30\" srcset=\"https:\/\/duytanrecycling.com\/wp-content\/uploads\/2024\/07\/Banner-600-x-30-px-rPET.png 600w, https:\/\/duytanrecycling.com\/wp-content\/uploads\/2024\/07\/Banner-600-x-30-px-rPET-300x15.png 300w\" sizes=\"(max-width: 600px) 100vw, 600px\" title=\"Banner 600 x 30 px rPET\" alt=\"\" \t\tclass=\"so-widget-image\"\/>\n<\/div>\n\n<\/div><\/div><\/div><\/div><div id=\"pgc-1865-2-1\"  class=\"panel-grid-cell\" ><div id=\"panel-1865-2-1-0\" class=\"so-panel widget widget_sow-image panel-first-child panel-last-child\" data-index=\"2\" ><div class=\"orion default panel-widget-style panel-widget-style-for-1865-2-1-0\" ><div class=\"so-widget-sow-image so-widget-sow-image-default-d6014b76747a\">\n\n<div class=\"sow-image-container\">\n\t<img src=\"https:\/\/duytanrecycling.com\/wp-content\/uploads\/2024\/07\/Banner-600-x-30-px-rHDPE.png\" width=\"600\" height=\"30\" srcset=\"https:\/\/duytanrecycling.com\/wp-content\/uploads\/2024\/07\/Banner-600-x-30-px-rHDPE.png 600w, https:\/\/duytanrecycling.com\/wp-content\/uploads\/2024\/07\/Banner-600-x-30-px-rHDPE-300x15.png 300w\" sizes=\"(max-width: 600px) 100vw, 600px\" title=\"Banner 600 x 30 px rHDPE\" alt=\"\" \t\tclass=\"so-widget-image\"\/>\n<\/div>\n\n<\/div><\/div><\/div><\/div><div id=\"pgc-1865-2-2\"  class=\"panel-grid-cell\" ><div id=\"panel-1865-2-2-0\" class=\"so-panel widget widget_sow-image panel-first-child panel-last-child\" data-index=\"3\" ><div class=\"orion default panel-widget-style panel-widget-style-for-1865-2-2-0\" ><div class=\"so-widget-sow-image so-widget-sow-image-default-d6014b76747a\">\n\n<div class=\"sow-image-container\">\n\t<img src=\"https:\/\/duytanrecycling.com\/wp-content\/uploads\/2024\/07\/Banner-600-x-30-px-rPP.png\" width=\"600\" height=\"30\" srcset=\"https:\/\/duytanrecycling.com\/wp-content\/uploads\/2024\/07\/Banner-600-x-30-px-rPP.png 600w, https:\/\/duytanrecycling.com\/wp-content\/uploads\/2024\/07\/Banner-600-x-30-px-rPP-300x15.png 300w\" sizes=\"(max-width: 600px) 100vw, 600px\" title=\"Banner 600 x 30 px rPP\" alt=\"\" \t\tclass=\"so-widget-image\"\/>\n<\/div>\n\n<\/div><\/div><\/div><\/div><\/div><\/div><div id=\"pg-1865-3\"  class=\"panel-grid panel-has-style\" ><div class=\"tablet-default mobile-1-in-row desktop-default panel-row-style panel-row-style-for-1865-3\" ><div id=\"pgc-1865-3-0\"  class=\"panel-grid-cell\" ><div id=\"panel-1865-3-0-0\" class=\"so-panel widget widget_sow-image panel-first-child\" data-index=\"4\" ><div class=\"orion default panel-widget-style panel-widget-style-for-1865-3-0-0\" ><div class=\"so-widget-sow-image so-widget-sow-image-default-17bc2272b535\">\n\n<div class=\"sow-image-container\">\n\t<img src=\"https:\/\/duytanrecycling.com\/wp-content\/uploads\/2024\/07\/Dominate-116-scaled.jpg\" width=\"2560\" height=\"1707\" srcset=\"https:\/\/duytanrecycling.com\/wp-content\/uploads\/2024\/07\/Dominate-116-scaled.jpg 2560w, https:\/\/duytanrecycling.com\/wp-content\/uploads\/2024\/07\/Dominate-116-300x200.jpg 300w, https:\/\/duytanrecycling.com\/wp-content\/uploads\/2024\/07\/Dominate-116-1024x683.jpg 1024w, https:\/\/duytanrecycling.com\/wp-content\/uploads\/2024\/07\/Dominate-116-768x512.jpg 768w, https:\/\/duytanrecycling.com\/wp-content\/uploads\/2024\/07\/Dominate-116-1536x1024.jpg 1536w, https:\/\/duytanrecycling.com\/wp-content\/uploads\/2024\/07\/Dominate-116-2048x1365.jpg 2048w, https:\/\/duytanrecycling.com\/wp-content\/uploads\/2024\/07\/Dominate-116-750x500.jpg 750w, https:\/\/duytanrecycling.com\/wp-content\/uploads\/2024\/07\/Dominate-116-272x182.jpg 272w\" sizes=\"(max-width: 2560px) 100vw, 2560px\" title=\"Dominate -116\" alt=\"\" \t\tclass=\"so-widget-image\"\/>\n<\/div>\n\n<\/div><\/div><\/div><div id=\"panel-1865-3-0-1\" class=\"so-panel widget widget_sow-image panel-last-child\" data-index=\"5\" ><div class=\"orion default panel-widget-style panel-widget-style-for-1865-3-0-1\" ><div class=\"so-widget-sow-image so-widget-sow-image-default-d6014b76747a\">\n\n<div class=\"sow-image-container\">\n\t<img src=\"https:\/\/duytanrecycling.com\/wp-content\/uploads\/2024\/08\/Thong-tin-viet-1.png\" width=\"6870\" height=\"5774\" srcset=\"https:\/\/duytanrecycling.com\/wp-content\/uploads\/2024\/08\/Thong-tin-viet-1.png 6870w, https:\/\/duytanrecycling.com\/wp-content\/uploads\/2024\/08\/Thong-tin-viet-1-300x252.png 300w, https:\/\/duytanrecycling.com\/wp-content\/uploads\/2024\/08\/Thong-tin-viet-1-1024x861.png 1024w, https:\/\/duytanrecycling.com\/wp-content\/uploads\/2024\/08\/Thong-tin-viet-1-768x645.png 768w, https:\/\/duytanrecycling.com\/wp-content\/uploads\/2024\/08\/Thong-tin-viet-1-1536x1291.png 1536w, https:\/\/duytanrecycling.com\/wp-content\/uploads\/2024\/08\/Thong-tin-viet-1-2048x1721.png 2048w, https:\/\/duytanrecycling.com\/wp-content\/uploads\/2024\/08\/Thong-tin-viet-1-750x630.png 750w\" sizes=\"(max-width: 6870px) 100vw, 6870px\" title=\"Thong tin &#8211; viet-1\" alt=\"\" \t\tclass=\"so-widget-image\"\/>\n<\/div>\n\n<\/div><\/div><\/div><\/div><div id=\"pgc-1865-3-1\"  class=\"panel-grid-cell\" ><div id=\"panel-1865-3-1-0\" class=\"so-panel widget widget_sow-image panel-first-child\" data-index=\"6\" ><div class=\"orion default panel-widget-style panel-widget-style-for-1865-3-1-0\" ><div class=\"so-widget-sow-image so-widget-sow-image-default-6b88c04c1f9b\">\n\n<div class=\"sow-image-container\">\n\t<img src=\"https:\/\/duytanrecycling.com\/wp-content\/uploads\/2024\/07\/Hat-Nhua-rHDPE-scaled.jpg\" width=\"2560\" height=\"1707\" srcset=\"https:\/\/duytanrecycling.com\/wp-content\/uploads\/2024\/07\/Hat-Nhua-rHDPE-scaled.jpg 2560w, https:\/\/duytanrecycling.com\/wp-content\/uploads\/2024\/07\/Hat-Nhua-rHDPE-300x200.jpg 300w, https:\/\/duytanrecycling.com\/wp-content\/uploads\/2024\/07\/Hat-Nhua-rHDPE-1024x683.jpg 1024w, https:\/\/duytanrecycling.com\/wp-content\/uploads\/2024\/07\/Hat-Nhua-rHDPE-768x512.jpg 768w, https:\/\/duytanrecycling.com\/wp-content\/uploads\/2024\/07\/Hat-Nhua-rHDPE-1536x1024.jpg 1536w, https:\/\/duytanrecycling.com\/wp-content\/uploads\/2024\/07\/Hat-Nhua-rHDPE-2048x1365.jpg 2048w, https:\/\/duytanrecycling.com\/wp-content\/uploads\/2024\/07\/Hat-Nhua-rHDPE-750x500.jpg 750w, https:\/\/duytanrecycling.com\/wp-content\/uploads\/2024\/07\/Hat-Nhua-rHDPE-272x182.jpg 272w\" sizes=\"(max-width: 2560px) 100vw, 2560px\" title=\"Hat Nhua rHDPE\" alt=\"\" \t\tclass=\"so-widget-image\"\/>\n<\/div>\n\n<\/div><\/div><\/div><div id=\"panel-1865-3-1-1\" class=\"so-panel widget widget_sow-image panel-last-child\" data-index=\"7\" ><div class=\"orion default panel-widget-style panel-widget-style-for-1865-3-1-1\" ><div class=\"so-widget-sow-image so-widget-sow-image-default-d6014b76747a\">\n\n<div class=\"sow-image-container\">\n\t<img src=\"https:\/\/duytanrecycling.com\/wp-content\/uploads\/2024\/08\/Thong-tin-viet-2-1.png\" width=\"7073\" height=\"5781\" srcset=\"https:\/\/duytanrecycling.com\/wp-content\/uploads\/2024\/08\/Thong-tin-viet-2-1.png 7073w, https:\/\/duytanrecycling.com\/wp-content\/uploads\/2024\/08\/Thong-tin-viet-2-1-300x245.png 300w, https:\/\/duytanrecycling.com\/wp-content\/uploads\/2024\/08\/Thong-tin-viet-2-1-1024x837.png 1024w, https:\/\/duytanrecycling.com\/wp-content\/uploads\/2024\/08\/Thong-tin-viet-2-1-768x628.png 768w, https:\/\/duytanrecycling.com\/wp-content\/uploads\/2024\/08\/Thong-tin-viet-2-1-1536x1255.png 1536w, https:\/\/duytanrecycling.com\/wp-content\/uploads\/2024\/08\/Thong-tin-viet-2-1-2048x1674.png 2048w, https:\/\/duytanrecycling.com\/wp-content\/uploads\/2024\/08\/Thong-tin-viet-2-1-750x613.png 750w\" sizes=\"(max-width: 7073px) 100vw, 7073px\" title=\"Thong tin &#8211; viet-2\" alt=\"\" \t\tclass=\"so-widget-image\"\/>\n<\/div>\n\n<\/div><\/div><\/div><\/div><div id=\"pgc-1865-3-2\"  class=\"panel-grid-cell\" ><div id=\"panel-1865-3-2-0\" class=\"so-panel widget widget_sow-image panel-first-child\" data-index=\"8\" ><div class=\"orion default panel-widget-style panel-widget-style-for-1865-3-2-0\" ><div class=\"so-widget-sow-image so-widget-sow-image-default-6b88c04c1f9b\">\n\n<div class=\"sow-image-container\">\n\t<img src=\"https:\/\/duytanrecycling.com\/wp-content\/uploads\/2024\/07\/Dominate-106-scaled.jpg\" width=\"2560\" height=\"1707\" srcset=\"https:\/\/duytanrecycling.com\/wp-content\/uploads\/2024\/07\/Dominate-106-scaled.jpg 2560w, https:\/\/duytanrecycling.com\/wp-content\/uploads\/2024\/07\/Dominate-106-300x200.jpg 300w, https:\/\/duytanrecycling.com\/wp-content\/uploads\/2024\/07\/Dominate-106-1024x683.jpg 1024w, https:\/\/duytanrecycling.com\/wp-content\/uploads\/2024\/07\/Dominate-106-768x512.jpg 768w, https:\/\/duytanrecycling.com\/wp-content\/uploads\/2024\/07\/Dominate-106-1536x1024.jpg 1536w, https:\/\/duytanrecycling.com\/wp-content\/uploads\/2024\/07\/Dominate-106-2048x1365.jpg 2048w, https:\/\/duytanrecycling.com\/wp-content\/uploads\/2024\/07\/Dominate-106-750x500.jpg 750w, https:\/\/duytanrecycling.com\/wp-content\/uploads\/2024\/07\/Dominate-106-272x182.jpg 272w\" sizes=\"(max-width: 2560px) 100vw, 2560px\" title=\"Dominate -106\" alt=\"\" \t\tclass=\"so-widget-image\"\/>\n<\/div>\n\n<\/div><\/div><\/div><div id=\"panel-1865-3-2-1\" class=\"so-panel widget widget_sow-image panel-last-child\" data-index=\"9\" ><div class=\"orion default panel-widget-style panel-widget-style-for-1865-3-2-1\" ><div class=\"so-widget-sow-image so-widget-sow-image-default-d6014b76747a\">\n\n<div class=\"sow-image-container\">\n\t<img src=\"https:\/\/duytanrecycling.com\/wp-content\/uploads\/2024\/08\/Thong-tin-viet-3.png\" width=\"6869\" height=\"4526\" srcset=\"https:\/\/duytanrecycling.com\/wp-content\/uploads\/2024\/08\/Thong-tin-viet-3.png 6869w, https:\/\/duytanrecycling.com\/wp-content\/uploads\/2024\/08\/Thong-tin-viet-3-300x198.png 300w, https:\/\/duytanrecycling.com\/wp-content\/uploads\/2024\/08\/Thong-tin-viet-3-1024x675.png 1024w, https:\/\/duytanrecycling.com\/wp-content\/uploads\/2024\/08\/Thong-tin-viet-3-768x506.png 768w, https:\/\/duytanrecycling.com\/wp-content\/uploads\/2024\/08\/Thong-tin-viet-3-1536x1012.png 1536w, https:\/\/duytanrecycling.com\/wp-content\/uploads\/2024\/08\/Thong-tin-viet-3-2048x1349.png 2048w, https:\/\/duytanrecycling.com\/wp-content\/uploads\/2024\/08\/Thong-tin-viet-3-750x494.png 750w\" sizes=\"(max-width: 6869px) 100vw, 6869px\" title=\"Thong tin &#8211; viet-3\" alt=\"\" \t\tclass=\"so-widget-image\"\/>\n<\/div>\n\n<\/div><\/div><\/div><\/div><\/div><\/div><div id=\"pg-1865-4\"  class=\"panel-grid panel-has-style\" ><div class=\"tablet-default mobile-1-in-row desktop-default panel-row-style panel-row-style-for-1865-4\" ><div id=\"pgc-1865-4-0\"  class=\"panel-grid-cell\" ><div id=\"panel-1865-4-0-0\" class=\"so-panel widget widget_sow-editor panel-first-child panel-last-child\" data-index=\"10\" ><div class=\"orion default panel-widget-style panel-widget-style-for-1865-4-0-0\" ><div class=\"so-widget-sow-editor so-widget-sow-editor-base\">\n<div class=\"siteorigin-widget-tinymce textwidget\">\n\t<p>&nbsp;<\/p>\n<p>Recycled Polyethylene Terephthalate ( rPET) \u0111\u01b0\u1ee3c s\u1ea3n xu\u1ea5t v\u1edbi quy tr\u00ecnh ki\u1ec3m so\u00e1t ch\u1ea5t l\u01b0\u1ee3ng nghi\u00eam ng\u1eb7t. \u0110\u00e1p \u1ee9ng ti\u00eau chu\u1ea9n FDA to\u00e0n c\u1ea7u, \u0111\u00e1p \u1ee9ng y\u00eau c\u1ea7u c\u1ee7a bao b\u00ec ti\u1ebfp x\u00fac th\u1ef1c ph\u1ea9m.<br \/>\n\u1ee8ng d\u1ee5ng \u0111a d\u1ea1ng : Ng\u00e0nh n\u01b0\u1edbc u\u1ed1ng, th\u1ef1c ph\u1ea9m, m\u1ef9 ph\u1ea9m, x\u01a1 s\u1ee3i, bao b\u00ec nh\u1ef1a th\u00e0nh m\u1ecfng themoforming,\u00a0 gia d\u1ee5ng \u2026<\/p>\n<\/div>\n<\/div><\/div><\/div><\/div><div id=\"pgc-1865-4-1\"  class=\"panel-grid-cell\" ><div id=\"panel-1865-4-1-0\" class=\"so-panel widget widget_sow-editor panel-first-child panel-last-child\" data-index=\"11\" ><div class=\"orion default panel-widget-style panel-widget-style-for-1865-4-1-0\" ><div class=\"so-widget-sow-editor so-widget-sow-editor-base\">\n<div class=\"siteorigin-widget-tinymce textwidget\">\n\t<p>&nbsp;<\/p>\n<p>Recycled High Density Poly Ethylene (rHDPE) \u0111\u01b0\u1ee3c s\u1ea3n xu\u1ea5t v\u1edbi quy tr\u00ecnh thu gom v\u00e0 ph\u00e2n lo\u1ea1i chai theo m\u00e0u. C\u00e1c chai \u0111\u1ea7u v\u00e0o ph\u1ea3i \u0111\u00e1p \u1ee9ng theo ti\u00eau chu\u1ea9n tuy\u1ec3n l\u1ef1a c\u1ee7a nh\u00e0 m\u00e1y.<br \/>\n\u1ee8ng d\u1ee5ng \u0111a d\u1ea1ng : bao b\u00ec cho ng\u00e0nh h\u00f3a ph\u1ea9m v\u00e0 h\u00f3a m\u1ef9 ph\u1ea9m<\/p>\n<\/div>\n<\/div><\/div><\/div><\/div><div id=\"pgc-1865-4-2\"  class=\"panel-grid-cell\" ><div id=\"panel-1865-4-2-0\" class=\"so-panel widget widget_sow-editor panel-first-child panel-last-child\" data-index=\"12\" ><div class=\"orion default panel-widget-style panel-widget-style-for-1865-4-2-0\" ><div class=\"so-widget-sow-editor so-widget-sow-editor-base\">\n<div class=\"siteorigin-widget-tinymce textwidget\">\n\t<p>&nbsp;<\/p>\n<p>Recycled PolyPropylene (rPP) \u0111\u01b0\u1ee3c s\u1ea3n xu\u1ea5t t\u1eeb nguy\u00ean li\u1ec7u PP th\u00f4 \u0111\u1ea7u v\u00e0o bao g\u1ed3m c\u00e1c s\u1ea3n ph\u1ea9m gia d\u1ee5ng ho\u1eb7c c\u00f4ng nghi\u1ec7p \u0111\u00e3 qua s\u1eed d\u1ee5ng, \u0111\u01b0\u1ee3c s\u1ea3n xu\u1ea5t t\u1eeb nh\u1ef1a PP \u00e9p ch\u00ednh ph\u1ea9m, bao g\u1ed3m c\u00e1c s\u1ea3n ph\u1ea9m nh\u01b0: b\u00e0n, gh\u1ebf, t\u1ee7, thau, x\u00f4, r\u1ed5, s\u1ecdt, th\u00f9ng, c\u1ea7n x\u00e9,...<\/p>\n<\/div>\n<\/div><\/div><\/div><\/div><\/div><\/div><div id=\"pg-1865-5\"  class=\"panel-grid panel-has-style\" ><div class=\"siteorigin-panels-stretch hidden-sm hidden-xs hidden-md-lg panel-row-style panel-row-style-for-1865-5\" style=\"background-position: center center; background-repeat: no-repeat; background-size:cover;\" data-stretch-type=\"full\" data-svg-top-color=\"#ffffff\" ><div id=\"pgc-1865-5-0\"  class=\"panel-grid-cell\" ><div id=\"panel-1865-5-0-0\" class=\"so-panel widget widget_orion_upload_w panel-first-child panel-last-child\" data-index=\"13\" ><div class=\"orion default panel-widget-style panel-widget-style-for-1865-5-0-0\" ><div class=\"so-widget-orion_upload_w so-widget-orion_upload_w-base\"><div class=\"row button-wrap\">\n\t\n\t\n\t\t\t\t<div class=\"col-md-12\">\t\t\n\t\t\t<a class=\"btn-download icon-right btn btn-c1 btn-flat\" href=\"https:\/\/duytanrecycling.com\/wp-content\/uploads\/2016\/11\/recycle-demo-doc.pdf\" download=\"recycle-demo-doc.pdf\">\n\t\t\t\t\tT\u1ea3i v\u1ec1\t\t\t\t\t\t\t\t\t\t\t<span class=\"orionicon orionicon-icon_cloud-download_alt\"><\/span>\n\t\t\t\t\t\t\t\t\t\t<span class=\"orionicon orionicon-icon_check btn-visited\"><\/span>\n\t\t\t<\/a>\n\t\t<\/div>\n\t\n<\/div><\/div><\/div><\/div><\/div><div id=\"pgc-1865-5-1\"  class=\"panel-grid-cell\" ><div id=\"panel-1865-5-1-0\" class=\"so-panel widget widget_orion_empty_space_w panel-first-child\" data-index=\"14\" ><div class=\"orion default panel-widget-style panel-widget-style-for-1865-5-1-0\" ><div class=\"so-widget-orion_empty_space_w so-widget-orion_empty_space_w-base\">\t<div class=\"row empty-space  visible-sm visible-xs\" style=\"height:48px;\">\n\t<\/div><\/div><\/div><\/div><div id=\"panel-1865-5-1-1\" class=\"so-panel widget widget_orion_progress_w panel-last-child\" data-index=\"15\" ><div class=\"orion default panel-widget-style panel-widget-style-for-1865-5-1-1\" ><div class=\"so-widget-orion_progress_w so-widget-orion_progress_w-base\">\n\n\t\n\t<div class=\"orion-progress-bar-wrap\">\n\t\t<div class=\"lead clearfix text-dark\">Gi\u1ea5y &amp; b\u00eca c\u1ee9ng\t\t\t\t\t\t\t<span class=\"pull-right\">76%<\/span>\n\t\t\t\t\t<\/div>\n\t\t<div class=\"progress progress-sm\">\n\t\t  <div class=\"progress-bar  primary-color-bg\" role=\"progressbar\"\n\t\t  aria-valuenow=\"0\" aria-valuemin=\"0\" aria-valuemax=\"100\" style=\"width:0\" data-percentage=\"76\">\n\t\t  \t\t\t  <\/div>\n\t\t<\/div>\n\t<\/div>\n\n\t\n\t<div class=\"orion-progress-bar-wrap\">\n\t\t<div class=\"lead clearfix text-dark\">Ch\u1ea5t th\u1ea3i y t\u1ebf\t\t\t\t\t\t\t<span class=\"pull-right\">70%<\/span>\n\t\t\t\t\t<\/div>\n\t\t<div class=\"progress progress-sm\">\n\t\t  <div class=\"progress-bar  progress-bar-warning\" role=\"progressbar\"\n\t\t  aria-valuenow=\"0\" aria-valuemin=\"0\" aria-valuemax=\"100\" style=\"width:0\" data-percentage=\"70\">\n\t\t  \t\t\t  <\/div>\n\t\t<\/div>\n\t<\/div>\n\n\t\n\t<div class=\"orion-progress-bar-wrap\">\n\t\t<div class=\"lead clearfix text-dark\">Kim lo\u1ea1i ph\u1ebf li\u1ec7u c\u00f4ng nghi\u1ec7p\t\t\t\t\t\t\t<span class=\"pull-right\">35%<\/span>\n\t\t\t\t\t<\/div>\n\t\t<div class=\"progress progress-sm\">\n\t\t  <div class=\"progress-bar  secondary-color-bg\" role=\"progressbar\"\n\t\t  aria-valuenow=\"0\" aria-valuemin=\"0\" aria-valuemax=\"100\" style=\"width:0\" data-percentage=\"35\">\n\t\t  \t\t\t  <\/div>\n\t\t<\/div>\n\t<\/div>\n\n\t\n\t<div class=\"orion-progress-bar-wrap\">\n\t\t<div class=\"lead clearfix text-dark\">Chai th\u1ee7y tinh\t\t\t\t\t\t\t<span class=\"pull-right\">55%<\/span>\n\t\t\t\t\t<\/div>\n\t\t<div class=\"progress progress-sm\">\n\t\t  <div class=\"progress-bar  progress-bar-info\" role=\"progressbar\"\n\t\t  aria-valuenow=\"0\" aria-valuemin=\"0\" aria-valuemax=\"100\" style=\"width:0\" data-percentage=\"55\">\n\t\t  \t\t\t  <\/div>\n\t\t<\/div>\n\t<\/div>\n<\/div><\/div><\/div><\/div><\/div><\/div><\/div>","protected":false},"excerpt":{"rendered":"<p>S\u1ea2N PH\u1ea8M H\u1ea0T NH\u1ef0A T\u00c1I SINH &nbsp; Recycled Polyethylene Terephthalate ( rPET) \u0111\u01b0\u1ee3c s\u1ea3n xu\u1ea5t v\u1edbi quy tr\u00ecnh ki\u1ec3m so\u00e1t ch\u1ea5t l\u01b0\u1ee3ng nghi\u00eam ng\u1eb7t. \u0110\u00e1p \u1ee9ng ti\u00eau chu\u1ea9n FDA to\u00e0n c\u1ea7u, \u0111\u00e1p \u1ee9ng y\u00eau c\u1ea7u c\u1ee7a bao b\u00ec ti\u1ebfp x\u00fac th\u1ef1c ph\u1ea9m. \u1ee8ng d\u1ee5ng \u0111a d\u1ea1ng : Ng\u00e0nh n\u01b0\u1edbc u\u1ed1ng, th\u1ef1c ph\u1ea9m, m\u1ef9 ph\u1ea9m, x\u01a1<\/p>\n","protected":false},"author":2,"featured_media":0,"parent":0,"menu_order":0,"comment_status":"closed","ping_status":"closed","template":"","meta":{"om_disable_all_campaigns":false,"_monsterinsights_skip_tracking":false,"_monsterinsights_sitenote_active":false,"_monsterinsights_sitenote_note":"","_monsterinsights_sitenote_category":0},"aioseo_notices":[],"_links":{"self":[{"href":"https:\/\/duytanrecycling.com\/vi\/wp-json\/wp\/v2\/pages\/1865"}],"collection":[{"href":"https:\/\/duytanrecycling.com\/vi\/wp-json\/wp\/v2\/pages"}],"about":[{"href":"https:\/\/duytanrecycling.com\/vi\/wp-json\/wp\/v2\/types\/page"}],"author":[{"embeddable":true,"href":"https:\/\/duytanrecycling.com\/vi\/wp-json\/wp\/v2\/users\/2"}],"replies":[{"embeddable":true,"href":"https:\/\/duytanrecycling.com\/vi\/wp-json\/wp\/v2\/comments?post=1865"}],"version-history":[{"count":94,"href":"https:\/\/duytanrecycling.com\/vi\/wp-json\/wp\/v2\/pages\/1865\/revisions"}],"predecessor-version":[{"id":7936,"href":"https:\/\/duytanrecycling.com\/vi\/wp-json\/wp\/v2\/pages\/1865\/revisions\/7936"}],"wp:attachment":[{"href":"https:\/\/duytanrecycling.com\/vi\/wp-json\/wp\/v2\/media?parent=1865"}],"curies":[{"name":"wp","href":"https:\/\/api.w.org\/{rel}","templated":true}]}}