{"id":1740,"date":"2021-05-13T07:24:03","date_gmt":"2021-05-13T07:24:03","guid":{"rendered":"https:\/\/duytanrecycling.com\/?page_id=1740"},"modified":"2023-05-04T11:27:13","modified_gmt":"2023-05-04T11:27:13","slug":"quy-trinh-thu-gom","status":"publish","type":"page","link":"https:\/\/duytanrecycling.com\/vi\/quy-trinh-thu-gom\/","title":{"rendered":"Quy Tr\u00ecnh Thu Gom"},"content":{"rendered":"<div id=\"toc_container\" class=\"no_bullets\"><p class=\"toc_title\">Contents<\/p><ul class=\"toc_list\"><li><a href=\"#QUY_TRINH_THU_GOM\"><span class=\"toc_number toc_depth_1\">1<\/span> QUY TR\u00ccNH THU GOM<\/a><\/li><li><a href=\"#Thu_Gom\"><span class=\"toc_number toc_depth_1\">2<\/span> \n\t\t\t\tThu Gom\t\t\t<\/a><\/li><\/ul><\/div>\n<div id=\"pl-1740\"  class=\"panel-layout\" ><div id=\"pg-1740-0\"  class=\"panel-grid panel-has-style\" ><div class=\"siteorigin-panels-stretch tablet-2-in-row mobile-1-in-row full-width-on-small-devices full-width-on-tablets panel-row-style panel-row-style-for-1740-0\" style=\"background-position: center center; background-repeat: no-repeat; background-size:cover;\" data-stretch-type=\"full\" ><div id=\"pgc-1740-0-0\"  class=\"panel-grid-cell panel-grid-cell-mobile-last\" ><div class=\"overlay-c2 panel-cell-style panel-cell-style-for-1740-0-0\" ><div id=\"panel-1740-0-0-0\" class=\"so-panel widget widget_sow-editor panel-first-child panel-last-child\" data-index=\"0\" ><div class=\"orion mobile-text-center text-light panel-widget-style panel-widget-style-for-1740-0-0-0\" ><div class=\"so-widget-sow-editor so-widget-sow-editor-base\">\n<div class=\"siteorigin-widget-tinymce textwidget\">\n\t<h2><span id=\"QUY_TRINH_THU_GOM\">QUY TR\u00ccNH THU GOM<\/span><\/h2>\n<p class=\"lead\">\n<\/div>\n<\/div><\/div><\/div><\/div><\/div><div id=\"pgc-1740-0-1\"  class=\"panel-grid-cell panel-grid-cell-empty\" ><\/div><\/div><\/div><div id=\"pg-1740-1\"  class=\"panel-grid panel-has-style\" ><div class=\"siteorigin-panels-stretch tablet-1-in-row mobile-1-in-row desktop-default panel-row-style panel-row-style-for-1740-1\" style=\"background-position: center bottom; background-repeat: no-repeat;\" data-stretch-type=\"full\" ><div id=\"pgc-1740-1-0\"  class=\"panel-grid-cell panel-grid-cell-empty\" ><\/div><div id=\"pgc-1740-1-1\"  class=\"panel-grid-cell panel-grid-cell-mobile-last\" ><div id=\"panel-1740-1-1-0\" class=\"so-panel widget widget_orion_heading_w panel-first-child\" data-index=\"1\" ><div class=\"orion default panel-widget-style panel-widget-style-for-1740-1-1-0\" ><div class=\"so-widget-orion_heading_w so-widget-orion_heading_w-base\">\n\t\n\t\t\n\t<div class=\"row orion-heading\" style=\"margin-bottom:0px;\">\n\t\t<div class=\"col-md-12   text-center style-h2 style-primary-color\">\n\t\t\t<h2 class=\"primary-color text-uppercase\"><span id=\"Thu_Gom\">\n\t\t\t\t<strong>Thu Gom<\/strong>\t\t\t<\/span><\/h2>\n\t\t<\/div>\n\t<\/div>\n\n\t<\/div><\/div><\/div><div id=\"panel-1740-1-1-1\" class=\"so-panel widget widget_sow-editor\" data-index=\"2\" ><div class=\"orion default panel-widget-style panel-widget-style-for-1740-1-1-1\" ><div class=\"so-widget-sow-editor so-widget-sow-editor-base\">\n<div class=\"siteorigin-widget-tinymce textwidget\">\n\t<p>100% c\u00e1c chai \u0111\u01b0\u1ee3c thu gom t\u1ea1i Vi\u1ec7t Nam theo ti\u00eau chu\u1ea9n nghi\u00eam ng\u1eb7t c\u1ee7a nh\u00e0 m\u00e1y th\u00f4ng qua c\u00e1c trung t\u00e2m thu gom c\u1ee7a nh\u00e0 m\u00e1y \u0111\u01b0\u1ee3c li\u00ean k\u1ebft v\u1edbi h\u01a1n 100 tr\u1ea1m thu gom v\u1ec7 tinh t\u1ea1i c\u00e1c \u0111\u1ecba ph\u01b0\u01a1ng.<\/p>\n<\/div>\n<\/div><\/div><\/div><div id=\"panel-1740-1-1-2\" class=\"so-panel widget widget_orion_accordion_w panel-last-child\" data-index=\"3\" ><div class=\"orion default panel-widget-style panel-widget-style-for-1740-1-1-2\" ><div class=\"so-widget-orion_accordion_w so-widget-orion_accordion_w-base\">\t\n\n\t<div class=\"panel-group text-dark\" role=\"tablist\" aria-multiselectable=\"true\" id=\"acc_69f4ec8a5945f\">\n\t\t\n\t\t\t\t\t\t\t\t\n\t\t\t\n\t\t<div class=\"panel panel-default\" style=\"border-color:#F2F4F4;\">\n\t\t\t<div class=\"panel-heading\" role=\"tab\" id=\"Bc169f4ec8a59499\">\n\t\t\t\t<h4 class=\"panel-title\" style=\"background-color:rgba(255,255,255,1);\">\n\t\t\t\t\t<a role=\"button\" data-toggle=\"collapse\" href=\"#Bc169f4ec8a59499-panel\" class=\"not-collapsed text-dark primary-hover\" aria-expanded=\"true\" aria-controls=\"Bc169f4ec8a59499\" data-parent=\"#acc_69f4ec8a5945f\" style=\"border-color:#F2F4F4;\">\n\t\t\t\t\t  \t\n\t\t\t\t\t  \tB\u01b0\u1edbc 1:\t\t\t\t\t<\/a>\n\t\t\t\t<\/h4>\n\n\t\t\t<\/div>\n\t\t\t<div class=\"panel-collapse collapse in\" id=\"Bc169f4ec8a59499-panel\" aria-expanded=\"false\" role=\"tabpanel\" aria-labelledby=\"Bc169f4ec8a59499\">\n\t\t\t\t<div class=\"panel-body\" style=\"border-color:#F2F4F4; background-color:rgba(255,255,255,1);\">\n\t\t\t\t\t<ul>\n<li>C\u00e1c s\u1ea3n ph\u1ea9m chai <a href=\"https:\/\/duytanrecycling.com\/vi\/nhua-pet-pet-khac-voi-loai-nhua-khac-nhu-nao\/\">PET<\/a>, HDPE \u0111\u00e3 qua s\u1eed d\u1ee5ng \u0111\u01b0\u1ee3c thu gom th\u00f4ng qua ti\u00eau chu\u1ea9n nghi\u00eam ng\u1eb7t c\u1ee7a nh\u00e0 m\u00e1y.<\/li>\n<\/ul>\n\t\t\t\t<\/div>\n\t\t\t<\/div>\n\t\t<\/div>\n\t\t\t\t\t\t\n\t\t\t\n\t\t<div class=\"panel panel-default\" style=\"border-color:#F2F4F4;\">\n\t\t\t<div class=\"panel-heading\" role=\"tab\" id=\"Bc269f4ec8a59525\">\n\t\t\t\t<h4 class=\"panel-title\" style=\"background-color:rgba(255,255,255,1);\">\n\t\t\t\t\t<a role=\"button\" data-toggle=\"collapse\" href=\"#Bc269f4ec8a59525-panel\" class=\"collapsed text-dark primary-hover\" aria-expanded=\"false\" aria-controls=\"Bc269f4ec8a59525\" data-parent=\"#acc_69f4ec8a5945f\" style=\"border-color:#F2F4F4;\">\n\t\t\t\t\t  \t\n\t\t\t\t\t  \tB\u01b0\u1edbc 2:\t\t\t\t\t<\/a>\n\t\t\t\t<\/h4>\n\n\t\t\t<\/div>\n\t\t\t<div class=\"panel-collapse collapse \" id=\"Bc269f4ec8a59525-panel\" aria-expanded=\"false\" role=\"tabpanel\" aria-labelledby=\"Bc269f4ec8a59525\">\n\t\t\t\t<div class=\"panel-body\" style=\"border-color:#F2F4F4; background-color:rgba(255,255,255,1);\">\n\t\t\t\t\t<ul>\n<li>Ph\u00e2n lo\u1ea1i t\u1ea1i ngu\u1ed3n, t\u00e1ch lo\u1ea1i nh\u00e3n, n\u1eafp, sau \u0111\u00f3 \u0111\u01b0\u1ee3c \u00e9p th\u00e0nh ki\u1ec7n.<\/li>\n<\/ul>\n\t\t\t\t<\/div>\n\t\t\t<\/div>\n\t\t<\/div>\n\t\t\t\t\t\t\n\t\t\t\n\t\t<div class=\"panel panel-default\" style=\"border-color:#F2F4F4;\">\n\t\t\t<div class=\"panel-heading\" role=\"tab\" id=\"Bc369f4ec8a59571\">\n\t\t\t\t<h4 class=\"panel-title\" style=\"background-color:rgba(255,255,255,1);\">\n\t\t\t\t\t<a role=\"button\" data-toggle=\"collapse\" href=\"#Bc369f4ec8a59571-panel\" class=\"collapsed text-dark primary-hover\" aria-expanded=\"false\" aria-controls=\"Bc369f4ec8a59571\" data-parent=\"#acc_69f4ec8a5945f\" style=\"border-color:#F2F4F4;\">\n\t\t\t\t\t  \t\n\t\t\t\t\t  \tB\u01b0\u1edbc 3:\t\t\t\t\t<\/a>\n\t\t\t\t<\/h4>\n\n\t\t\t<\/div>\n\t\t\t<div class=\"panel-collapse collapse \" id=\"Bc369f4ec8a59571-panel\" aria-expanded=\"false\" role=\"tabpanel\" aria-labelledby=\"Bc369f4ec8a59571\">\n\t\t\t\t<div class=\"panel-body\" style=\"border-color:#F2F4F4; background-color:rgba(255,255,255,1);\">\n\t\t\t\t\t<ul>\n<li>Ki\u1ec7n chai \u0111\u01b0\u1ee3c \u0111\u01b0a v\u00e0o quy tr\u00ecnh t\u00e1i ch\u1ebf.<\/li>\n<\/ul>\n\t\t\t\t<\/div>\n\t\t\t<\/div>\n\t\t<\/div>\n\t\t\t\t\t\t\n\t\t\t\n\t\t<div class=\"panel panel-default\" style=\"border-color:#F2F4F4;\">\n\t\t\t<div class=\"panel-heading\" role=\"tab\" id=\"Bc469f4ec8a595b5\">\n\t\t\t\t<h4 class=\"panel-title\" style=\"background-color:rgba(255,255,255,1);\">\n\t\t\t\t\t<a role=\"button\" data-toggle=\"collapse\" href=\"#Bc469f4ec8a595b5-panel\" class=\"collapsed text-dark primary-hover\" aria-expanded=\"false\" aria-controls=\"Bc469f4ec8a595b5\" data-parent=\"#acc_69f4ec8a5945f\" style=\"border-color:#F2F4F4;\">\n\t\t\t\t\t  \t\n\t\t\t\t\t  \tB\u01b0\u1edbc 4:\t\t\t\t\t<\/a>\n\t\t\t\t<\/h4>\n\n\t\t\t<\/div>\n\t\t\t<div class=\"panel-collapse collapse \" id=\"Bc469f4ec8a595b5-panel\" aria-expanded=\"false\" role=\"tabpanel\" aria-labelledby=\"Bc469f4ec8a595b5\">\n\t\t\t\t<div class=\"panel-body\" style=\"border-color:#F2F4F4; background-color:rgba(255,255,255,1);\">\n\t\t\t\t\t<ul>\n<li>T\u1ea1o ra h\u1ea1t nh\u1ef1a th\u00e0nh ph\u1ea9m.<\/li>\n<\/ul>\n\t\t\t\t<\/div>\n\t\t\t<\/div>\n\t\t<\/div>\n\t\t\t<\/div>\t\n\n\n\n\n<\/div><\/div><\/div><\/div><div id=\"pgc-1740-1-2\"  class=\"panel-grid-cell panel-grid-cell-empty\" ><\/div><\/div><\/div><\/div>","protected":false},"excerpt":{"rendered":"<p>QUY TR\u00ccNH THU GOM 100% c\u00e1c chai \u0111\u01b0\u1ee3c thu gom t\u1ea1i Vi\u1ec7t Nam theo ti\u00eau chu\u1ea9n nghi\u00eam ng\u1eb7t c\u1ee7a nh\u00e0 m\u00e1y th\u00f4ng qua c\u00e1c trung t\u00e2m thu gom c\u1ee7a nh\u00e0 m\u00e1y \u0111\u01b0\u1ee3c li\u00ean k\u1ebft v\u1edbi h\u01a1n 100 tr\u1ea1m thu gom v\u1ec7 tinh t\u1ea1i c\u00e1c \u0111\u1ecba ph\u01b0\u01a1ng.<\/p>\n","protected":false},"author":3,"featured_media":6291,"parent":0,"menu_order":0,"comment_status":"closed","ping_status":"closed","template":"","meta":{"om_disable_all_campaigns":false,"_monsterinsights_skip_tracking":false,"_monsterinsights_sitenote_active":false,"_monsterinsights_sitenote_note":"","_monsterinsights_sitenote_category":0},"aioseo_notices":[],"_links":{"self":[{"href":"https:\/\/duytanrecycling.com\/vi\/wp-json\/wp\/v2\/pages\/1740"}],"collection":[{"href":"https:\/\/duytanrecycling.com\/vi\/wp-json\/wp\/v2\/pages"}],"about":[{"href":"https:\/\/duytanrecycling.com\/vi\/wp-json\/wp\/v2\/types\/page"}],"author":[{"embeddable":true,"href":"https:\/\/duytanrecycling.com\/vi\/wp-json\/wp\/v2\/users\/3"}],"replies":[{"embeddable":true,"href":"https:\/\/duytanrecycling.com\/vi\/wp-json\/wp\/v2\/comments?post=1740"}],"version-history":[{"count":57,"href":"https:\/\/duytanrecycling.com\/vi\/wp-json\/wp\/v2\/pages\/1740\/revisions"}],"predecessor-version":[{"id":6785,"href":"https:\/\/duytanrecycling.com\/vi\/wp-json\/wp\/v2\/pages\/1740\/revisions\/6785"}],"wp:featuredmedia":[{"embeddable":true,"href":"https:\/\/duytanrecycling.com\/vi\/wp-json\/wp\/v2\/media\/6291"}],"wp:attachment":[{"href":"https:\/\/duytanrecycling.com\/vi\/wp-json\/wp\/v2\/media?parent=1740"}],"curies":[{"name":"wp","href":"https:\/\/api.w.org\/{rel}","templated":true}]}}