{"id":152,"date":"2016-12-14T13:10:36","date_gmt":"2016-12-14T13:10:36","guid":{"rendered":"http:\/\/recycle.orionthemes.com\/demo-1\/?page_id=152"},"modified":"2026-03-23T03:02:08","modified_gmt":"2026-03-23T03:02:08","slug":"about","status":"publish","type":"page","link":"https:\/\/duytanrecycling.com\/vi\/about\/","title":{"rendered":"V\u1ec1 Ch\u00fang T\u00f4i"},"content":{"rendered":"<div id=\"toc_container\" class=\"no_bullets\"><p class=\"toc_title\">Contents<\/p><ul class=\"toc_list\"><li><a href=\"#LICH_SU_HINH_THANH_PHAT_TRIEN\"><span class=\"toc_number toc_depth_1\">1<\/span> \n\t\t\t\tL\u1ecaCH S\u1eec H\u00ccNH TH\u00c0NH &amp; PH\u00c1T TRI\u1ec2N\t\t\t<\/a><ul><li><a href=\"#NHA_MAY_VAN_HANH_VOI_3_TIEU_CHUAN_KHONG_KHI_THAI_-_KHONG_NUOC_THAI_-_KHONG_RAC_THAI\"><span class=\"toc_number toc_depth_2\">1.1<\/span> NH\u00c0 M\u00c1Y V\u1eacN H\u00c0NH V\u1edaI 3 TI\u00caU CHU\u1ea8N KH\u00d4NG KH\u00cd TH\u1ea2I - KH\u00d4NG N\u01af\u1edaC TH\u1ea2I - KH\u00d4NG R\u00c1C TH\u1ea2I<\/a><\/li><\/ul><\/li><li><a href=\"#HE_THONG_CHUNG_NHAN\"><span class=\"toc_number toc_depth_1\">2<\/span> \n\t\t\t\tH\u1ec6 TH\u1ed0NG CH\u1ee8NG NH\u1eacN\t\t\t<\/a><ul><li><a href=\"#Quan_tam_den_san_pham_cua_chung_toi\"><span class=\"toc_number toc_depth_2\">2.1<\/span> Quan t\u00e2m \u0111\u1ebfn s\u1ea3n ph\u1ea9m c\u1ee7a ch\u00fang t\u00f4i?<\/a><\/li><\/ul><\/li><\/ul><\/div>\n<div id=\"pl-152\"  class=\"panel-layout\" ><div id=\"pg-152-0\"  class=\"panel-grid panel-has-style\" ><div class=\"siteorigin-panels-stretch tablet-1-in-row mobile-1-in-row desktop-default panel-row-style panel-row-style-for-152-0\" style=\"background-position: right bottom; background-repeat: no-repeat; background-size:contain;\" data-stretch-type=\"full\" ><div id=\"pgc-152-0-0\"  class=\"panel-grid-cell\" ><div id=\"panel-152-0-0-0\" class=\"so-panel widget widget_orion_heading_w panel-first-child\" data-index=\"0\" ><div class=\"orion default panel-widget-style panel-widget-style-for-152-0-0-0\" ><div class=\"so-widget-orion_heading_w so-widget-orion_heading_w-base\">\n\t\n\t\t\n\t<div class=\"row orion-heading\" style=\"margin-bottom:0px;\">\n\t\t<div class=\"col-md-12  separator-style-2 text-center style-h2 style-primary-color\">\n\t\t\t<h2 class=\"primary-color\"><span id=\"LICH_SU_HINH_THANH_PHAT_TRIEN\">\n\t\t\t\tL\u1ecaCH S\u1eec H\u00ccNH TH\u00c0NH &amp; PH\u00c1T TRI\u1ec2N\t\t\t<\/span><\/h2>\n\t\t<\/div>\n\t<\/div>\n\n\t<\/div><\/div><\/div><div id=\"panel-152-0-0-1\" class=\"so-panel widget widget_orion_empty_space_w\" data-index=\"1\" ><div class=\"orion default panel-widget-style panel-widget-style-for-152-0-0-1\" ><div class=\"so-widget-orion_empty_space_w so-widget-orion_empty_space_w-base\">\t<div class=\"row empty-space  visible-lg visible-md visible-sm visible-xs\" style=\"height:24px;\">\n\t<\/div><\/div><\/div><\/div><div id=\"panel-152-0-0-2\" class=\"so-panel widget widget_orion_image_w panel-last-child\" data-index=\"2\" ><div class=\"orion default panel-widget-style panel-widget-style-for-152-0-0-2\" ><div class=\"so-widget-orion_image_w so-widget-orion_image_w-base\">\n<div class=\"image-w relative\">\n\n\t\t\t\t\n\t\t\t\t\t<div class=\" overlay-none overlay-hover-none\">\n\t\t\n\t\t\t\t\t<img width=\"2560\" height=\"1291\" src=\"https:\/\/duytanrecycling.com\/wp-content\/uploads\/2025\/07\/roadmap-scaled.jpg\" class=\"attachment- size-\" alt=\"\" loading=\"lazy\" \/>\t\t\t<div class=\"overlay\"><\/div>\n\t\t\n\t\t\t\t\t<\/div>\n\t\t\t\n\t\n\t<div class=\"absolute\">\n\t\t<div class=\"hover-desc table-wrap\">\n\t\t\t<div class=\"cell-wrap\">\n\t\t\t\t<h4 class=\"text-light\"><\/h4>\n\t\t\t<\/div>\n\t\t<\/div>\n\t<\/div>\t\t\t\t\t\n<\/div>\n\n<\/div><\/div><\/div><\/div><\/div><\/div><div id=\"pg-152-1\"  class=\"panel-grid panel-has-style\" ><div class=\"siteorigin-panels-stretch tablet-default mobile-1-in-row desktop-default panel-row-style panel-row-style-for-152-1\" data-stretch-type=\"full-stretched\" ><div id=\"pgc-152-1-0\"  class=\"panel-grid-cell\" ><div class=\"panel-cell-style panel-cell-style-for-152-1-0\" ><div id=\"panel-152-1-0-0\" class=\"so-panel widget widget_sow-image panel-first-child panel-last-child\" data-index=\"3\" ><div class=\"orion default panel-widget-style panel-widget-style-for-152-1-0-0\" ><div class=\"so-widget-sow-image so-widget-sow-image-default-9c7163b6ec5b\">\n\n<div class=\"sow-image-container\">\n\t<img src=\"https:\/\/duytanrecycling.com\/wp-content\/uploads\/2023\/05\/DSCF0100-1-scaled.jpg\" width=\"2560\" height=\"1708\" srcset=\"https:\/\/duytanrecycling.com\/wp-content\/uploads\/2023\/05\/DSCF0100-1-scaled.jpg 2560w, https:\/\/duytanrecycling.com\/wp-content\/uploads\/2023\/05\/DSCF0100-1-300x200.jpg 300w, https:\/\/duytanrecycling.com\/wp-content\/uploads\/2023\/05\/DSCF0100-1-1024x683.jpg 1024w, https:\/\/duytanrecycling.com\/wp-content\/uploads\/2023\/05\/DSCF0100-1-768x512.jpg 768w, https:\/\/duytanrecycling.com\/wp-content\/uploads\/2023\/05\/DSCF0100-1-1536x1025.jpg 1536w, https:\/\/duytanrecycling.com\/wp-content\/uploads\/2023\/05\/DSCF0100-1-2048x1366.jpg 2048w, https:\/\/duytanrecycling.com\/wp-content\/uploads\/2023\/05\/DSCF0100-1-750x500.jpg 750w, https:\/\/duytanrecycling.com\/wp-content\/uploads\/2023\/05\/DSCF0100-1-272x182.jpg 272w\" sizes=\"(max-width: 2560px) 100vw, 2560px\" title=\"DSCF0100\" alt=\"\" \t\tclass=\"so-widget-image\"\/>\n<\/div>\n\n<\/div><\/div><\/div><\/div><\/div><div id=\"pgc-152-1-1\"  class=\"panel-grid-cell\" ><div id=\"panel-152-1-1-0\" class=\"so-panel widget widget_siteorigin-panels-builder panel-first-child panel-last-child\" data-index=\"4\" ><div class=\"orion default panel-widget-style panel-widget-style-for-152-1-1-0\" ><div id=\"pl-w68197bdd2758c\"  class=\"panel-layout\" ><div id=\"pg-w68197bdd2758c-0\"  class=\"panel-grid panel-no-style\" ><div id=\"pgc-w68197bdd2758c-0-0\"  class=\"panel-grid-cell\" ><div id=\"panel-w68197bdd2758c-0-0-0\" class=\"so-panel widget widget_sow-headline panel-first-child panel-last-child\" data-index=\"0\" ><div class=\"orion default panel-widget-style panel-widget-style-for-w68197bdd2758c-0-0-0\" ><div class=\"so-widget-sow-headline so-widget-sow-headline-default-d5847bfa2c2d so-widget-fittext-wrapper\" data-fit-text-compressor=\"0.85\"><div class=\"sow-headline-container \">\n\t<h3 class='sow-headline'><span id=\"NHA_MAY_VAN_HANH_VOI_3_TIEU_CHUAN_KHONG_KHI_THAI_-_KHONG_NUOC_THAI_-_KHONG_RAC_THAI\">NH\u00c0 M\u00c1Y V\u1eacN H\u00c0NH V\u1edaI 3 TI\u00caU CHU\u1ea8N KH\u00d4NG KH\u00cd TH\u1ea2I - KH\u00d4NG N\u01af\u1edaC TH\u1ea2I - KH\u00d4NG R\u00c1C TH\u1ea2I<\/span><\/h3><p class='sow-sub-headline'>Nh\u00e0 m\u00e1y Nh\u1ef1a T\u00e1i Ch\u1ebf DUYTAN \u0111\u01b0\u1ee3c kh\u1edfi c\u00f4ng x\u00e2y d\u1ef1ng t\u1eeb th\u00e1ng 6-2019 tr\u00ean di\u1ec7n t\u00edch 65.000m\u00b2 t\u1ea1i C\u1ee5m C\u00f4ng Nghi\u1ec7p Nh\u1ef1a \u0110\u1ee9c H\u00f2a H\u1ea1, t\u1ec9nh Long An v\u1edbi t\u1ed5ng c\u00f4ng su\u1ea5t 100.000 t\u1ea5n\/n\u0103m. \u0110\u01b0\u1ee3c v\u1eadn d\u00e0nh v\u1edbi d\u00e2y chuy\u1ec1n s\u1ea3n xu\u1ea5t hi\u1ec7n \u0111\u1ea1i nh\u1eadp kh\u1ea9u m\u1edbi t\u1eeb Ch\u00e2u \u00c2u. Ngo\u00e0i c\u00e1c ti\u00eau chu\u1ea9n ISO cho h\u1ec7 th\u1ed1ng qu\u1ea3n l\u00fd, s\u1ea3n ph\u1ea9m c\u1ee7a c\u00f4ng ty \u0111\u00e1p \u1ee9ng c\u00e1c ti\u00eau chu\u1ea9n c\u1ee7a C\u1ee5c Qu\u1ea3n l\u00fd th\u1ef1c ph\u1ea9m v\u00e0 d\u01b0\u1ee3c ph\u1ea9m Hoa K\u1ef3 (FDA), ch\u1ee9ng nh\u1eadn qu\u1ed1c t\u1ebf t\u1eeb C\u01a1 quan An to\u00e0n Th\u1ef1c ph\u1ea9m Ch\u00e2u \u00c2u (EFSA) l\u00e0 minh ch\u1ee9ng cho ch\u1ea5t l\u01b0\u1ee3ng s\u1ea3n ph\u1ea9m h\u1ea1t <a href=\"https:\/\/duytanrecycling.com\/vi\/le-cong-bo-hang-viet-nam-chat-luong-cao-nam-2023\/\">nh\u1ef1a t\u00e1i sinh<\/a> kh\u00f4ng ch\u1ee9a ch\u1ea5t \u0111\u1ed9c h\u1ea1i, an to\u00e0n cho s\u1ee9c kh\u1ecfe con ng\u01b0\u1eddi, ph\u00f9 h\u1ee3p \u0111\u1ec3 s\u1ea3n xu\u1ea5t c\u00e1c s\u1ea3n ph\u1ea9m ti\u1ebfp x\u00fac v\u1edbi th\u1ef1c ph\u1ea9m, bao g\u1ed3m c\u1ea3 n\u01b0\u1edbc u\u1ed1ng. Nh\u00e0 m\u00e1y \u00e1p d\u1ee5ng c\u00f4ng ngh\u1ec7 t\u00e1i ch\u1ebf \"Bottle-to-Bottle\" - m\u1ed7i chai nh\u1ef1a \u0111\u00e3 qua s\u1eed d\u1ee5ng s\u1ebd \u0111\u01b0\u1ee3c t\u00e1i ch\u1ebf th\u00e0nh c\u00e1c h\u1ea1t nh\u1ef1a t\u1ea1o ra m\u1ed9t v\u00f2ng l\u1eb7p chai nh\u1ef1a m\u1edbi gi\u00fap gi\u1ea3m s\u1eed d\u1ee5ng ngu\u1ed3n nguy\u00ean li\u1ec7u h\u00f3a th\u1ea1ch.<\/p><\/div><\/div><\/div><\/div><\/div><\/div><div id=\"pg-w68197bdd2758c-1\"  class=\"panel-grid panel-has-style\" ><div class=\"tablet-default mobile-1-in-row desktop-default panel-row-style panel-row-style-for-w68197bdd2758c-1\" ><div id=\"pgc-w68197bdd2758c-1-0\"  class=\"panel-grid-cell\" ><div id=\"panel-w68197bdd2758c-1-0-0\" class=\"so-panel widget widget_sow-button panel-first-child panel-last-child\" data-index=\"1\" ><div class=\"orion default panel-widget-style panel-widget-style-for-w68197bdd2758c-1-0-0\" ><div class=\"so-widget-sow-button so-widget-sow-button-wire-7c269377a62c\"><div class=\"ow-button-base ow-button-align-left\">\n\t<a href=\"https:\/\/youtu.be\/I4ggBONVm3E\" class=\"ow-icon-placement-left ow-button-hover\" target=\"_blank\" rel=\"noopener noreferrer\">\n\t\t<span>\n\t\t\t<span class=\"sow-icon-genericons\" data-sow-icon=\"&#xf213;\"\n\t\tstyle=\"color: #196634\" ><\/span>\n\t\t\tVideo Gi\u1edbi Thi\u1ec7u DUYTAN Recycling\t\t<\/span>\n\t<\/a>\n<\/div>\n<\/div><\/div><\/div><\/div><\/div><\/div><\/div><\/div><\/div><\/div><\/div><\/div><div id=\"pg-152-2\"  class=\"panel-grid panel-no-style\" ><div id=\"pgc-152-2-0\"  class=\"panel-grid-cell\" ><div id=\"panel-152-2-0-0\" class=\"so-panel widget widget_orion_heading_w panel-first-child\" data-index=\"5\" ><div class=\"orion mobile-text-center default panel-widget-style panel-widget-style-for-152-2-0-0\" ><div class=\"so-widget-orion_heading_w so-widget-orion_heading_w-base\">\n\t\n\t\t\n\t<div class=\"row orion-heading\" style=\"margin-bottom:0px;\">\n\t\t<div class=\"col-md-12  separator-style-2 text-center style-h2 style-primary-color\">\n\t\t\t<h2 class=\"primary-color\"><span id=\"HE_THONG_CHUNG_NHAN\">\n\t\t\t\tH\u1ec6 TH\u1ed0NG CH\u1ee8NG NH\u1eacN\t\t\t<\/span><\/h2>\n\t\t<\/div>\n\t<\/div>\n\n\t<\/div><\/div><\/div><div id=\"panel-152-2-0-1\" class=\"so-panel widget widget_sow-editor\" data-index=\"6\" ><div class=\"orion mobile-text-center default panel-widget-style panel-widget-style-for-152-2-0-1\" ><div class=\"so-widget-sow-editor so-widget-sow-editor-base\">\n<div class=\"siteorigin-widget-tinymce textwidget\">\n\t<p class=\"lead\" style=\"text-align: center;\">Nh\u00e0 m\u00e1y \u0111\u01b0\u1ee3c v\u1eadn h\u00e0nh theo c\u00e1c Quy Chu\u1ea9n Qu\u1ed1c T\u1ebf v\u1ec1 Ch\u1ea5t L\u01b0\u1ee3ng, M\u00f4i Tr\u01b0\u1eddng, An To\u00e0n &amp; S\u1ee9c Kho\u1ebb<\/p>\n<\/div>\n<\/div><\/div><\/div><div id=\"panel-152-2-0-2\" class=\"so-panel widget widget_orion_logos_w panel-last-child\" data-index=\"7\" ><div class=\"orion default panel-widget-style panel-widget-style-for-152-2-0-2\" ><div class=\"so-widget-orion_logos_w so-widget-orion_logos_w-base\"><div class=\"row logo-w-wrap\">\n\t\t\t<div class=\"logos-wrap col-md-12 \"  >\n\t\t\t\t<div class=\"wrap-2 clearfix row\">\n\t\t\n\t\t\t\t\t\t\t\t<div class=\"cell-wrap col-xs-6 col-md-2\" style=\"padding-bottom: 180px;border-color:#f2f2f2;\">\n\t\t\t\t\t\t\t\t\t<span class=\"logo\" data-imgsize=80 data-imghoversize=90>\n\t\t\t\t\t\t<img src=\"https:\/\/duytanrecycling.com\/wp-content\/uploads\/2024\/11\/Thiet-ke-chua-co-ten-1.png\" alt=\"VIETNAM VALUE\">\n\t\t\t\t\t<\/span>\n\t\t\t\t\t\t\t<\/div>\t\t\t\n\t\t\t\t\t\t\t\t<div class=\"cell-wrap col-xs-6 col-md-2\" style=\"padding-bottom: 180px;border-color:#f2f2f2;\">\n\t\t\t\t\t\t\t\t\t<span class=\"logo\" data-imgsize=80 data-imghoversize=90>\n\t\t\t\t\t\t<img src=\"https:\/\/duytanrecycling.com\/wp-content\/uploads\/2025\/11\/Thiet-ke-chua-co-ten-4.png\" alt=\"HVNCLC\">\n\t\t\t\t\t<\/span>\n\t\t\t\t\t\t\t<\/div>\t\t\t\n\t\t\t\t\t\t\t\t<div class=\"cell-wrap col-xs-6 col-md-2\" style=\"padding-bottom: 180px;border-color:#f2f2f2;\">\n\t\t\t\t\t\t\t\t\t<span class=\"logo\" data-imgsize=80 data-imghoversize=90>\n\t\t\t\t\t\t<img src=\"https:\/\/duytanrecycling.com\/wp-content\/uploads\/2024\/03\/HVNCLC-1181-x-1192-px.png\" alt=\"HVNCLC\">\n\t\t\t\t\t<\/span>\n\t\t\t\t\t\t\t<\/div>\t\t\t\n\t\t\t\t\t\t\t\t<div class=\"cell-wrap col-xs-6 col-md-2\" style=\"padding-bottom: 180px;border-color:#f2f2f2;\">\n\t\t\t\t\t\t\t\t\t<span class=\"logo\" data-imgsize=80 data-imghoversize=90>\n\t\t\t\t\t\t<img src=\"https:\/\/duytanrecycling.com\/wp-content\/uploads\/2024\/11\/Thiet-ke-chua-co-ten-4.png\" alt=\"VNR500\">\n\t\t\t\t\t<\/span>\n\t\t\t\t\t\t\t<\/div>\t\t\t\n\t\t\t\t\t\t\t\t<div class=\"cell-wrap col-xs-6 col-md-2\" style=\"padding-bottom: 180px;border-color:#f2f2f2;\">\n\t\t\t\t\t\t\t\t\t<span class=\"logo\" data-imgsize=80 data-imghoversize=90>\n\t\t\t\t\t\t<img src=\"https:\/\/duytanrecycling.com\/wp-content\/uploads\/2024\/03\/FDA-1181-x-1192-px.png\" alt=\"FDA\">\n\t\t\t\t\t<\/span>\n\t\t\t\t\t\t\t<\/div>\t\t\t\n\t\t\t\t\t\t\t\t<div class=\"cell-wrap col-xs-6 col-md-2\" style=\"padding-bottom: 180px;border-color:#f2f2f2;\">\n\t\t\t\t\t\t\t\t\t<span class=\"logo\" data-imgsize=80 data-imghoversize=90>\n\t\t\t\t\t\t<img src=\"https:\/\/duytanrecycling.com\/wp-content\/uploads\/2024\/03\/EFSA-1181-x-1192-px.png\" alt=\"EFSA\">\n\t\t\t\t\t<\/span>\n\t\t\t\t\t\t\t<\/div>\t\t\t\n\t\t\t\t\t\t\t\t<div class=\"cell-wrap col-xs-6 col-md-2\" style=\"padding-bottom: 180px;border-color:#f2f2f2;\">\n\t\t\t\t\t\t\t\t\t<span class=\"logo\" data-imgsize=80 data-imghoversize=90>\n\t\t\t\t\t\t<img src=\"https:\/\/duytanrecycling.com\/wp-content\/uploads\/2025\/11\/LOGO-RECYCLASS.png\" alt=\"RECYCLASS\">\n\t\t\t\t\t<\/span>\n\t\t\t\t\t\t\t<\/div>\t\t\t\n\t\t\t\t\t\t\t\t<div class=\"cell-wrap col-xs-6 col-md-2\" style=\"padding-bottom: 180px;border-color:#f2f2f2;\">\n\t\t\t\t\t\t\t\t\t<span class=\"logo\" data-imgsize=80 data-imghoversize=90>\n\t\t\t\t\t\t<img src=\"https:\/\/duytanrecycling.com\/wp-content\/uploads\/2024\/03\/FSSC-22000-1181-x-1192-px.png\" alt=\"FSSC22000\">\n\t\t\t\t\t<\/span>\n\t\t\t\t\t\t\t<\/div>\t\t\t\n\t\t\t\t\t\t\t\t<div class=\"cell-wrap col-xs-6 col-md-2\" style=\"padding-bottom: 180px;border-color:#f2f2f2;\">\n\t\t\t\t\t\t\t\t\t<span class=\"logo\" data-imgsize=80 data-imghoversize=90>\n\t\t\t\t\t\t<img src=\"https:\/\/duytanrecycling.com\/wp-content\/uploads\/2024\/03\/SGS-1181-x-1192-px.png\" alt=\"SGS\">\n\t\t\t\t\t<\/span>\n\t\t\t\t\t\t\t<\/div>\t\t\t\n\t\t\t\t\t\t\t\t<div class=\"cell-wrap col-xs-6 col-md-2\" style=\"padding-bottom: 180px;border-color:#f2f2f2;\">\n\t\t\t\t\t\t\t\t\t<span class=\"logo\" data-imgsize=80 data-imghoversize=90>\n\t\t\t\t\t\t<img src=\"https:\/\/duytanrecycling.com\/wp-content\/uploads\/2024\/03\/carbon-1181-x-1192-px-1.png\" alt=\"CARBON FOOTPRINT\">\n\t\t\t\t\t<\/span>\n\t\t\t\t\t\t\t<\/div>\t\t\t\n\t\t\t\t\t\t\t\t<div class=\"cell-wrap col-xs-6 col-md-2\" style=\"padding-bottom: 180px;border-color:#f2f2f2;\">\n\t\t\t\t\t\t\t\t\t<span class=\"logo\" data-imgsize=80 data-imghoversize=90>\n\t\t\t\t\t\t<img src=\"https:\/\/duytanrecycling.com\/wp-content\/uploads\/2024\/11\/Thiet-ke-chua-co-ten-3.png\" alt=\"TOP50 CSA\">\n\t\t\t\t\t<\/span>\n\t\t\t\t\t\t\t<\/div>\t\t\t\n\t\t\t\t\t\t\t\t<div class=\"cell-wrap col-xs-6 col-md-2\" style=\"padding-bottom: 180px;border-color:#f2f2f2;\">\n\t\t\t\t\t\t\t\t\t<span class=\"logo\" data-imgsize=80 data-imghoversize=90>\n\t\t\t\t\t\t<img src=\"https:\/\/duytanrecycling.com\/wp-content\/uploads\/2024\/12\/Thiet-ke-chua-co-ten-5.png\" alt=\"SAO VANG DAT VIET\">\n\t\t\t\t\t<\/span>\n\t\t\t\t\t\t\t<\/div>\t\t\t\n\t\t\t\t\t\t\t\t<div class=\"cell-wrap col-xs-6 col-md-2\" style=\"padding-bottom: 180px;border-color:#f2f2f2;\">\n\t\t\t\t\t\t\t\t\t<span class=\"logo\" data-imgsize=80 data-imghoversize=90>\n\t\t\t\t\t\t<img src=\"https:\/\/duytanrecycling.com\/wp-content\/uploads\/2024\/12\/Thiet-ke-chua-co-ten-6.png\" alt=\"APEA 2024\">\n\t\t\t\t\t<\/span>\n\t\t\t\t\t\t\t<\/div>\t\t\t\n\t\t\t\t\t\t\t\t<div class=\"cell-wrap col-xs-6 col-md-2\" style=\"padding-bottom: 180px;border-color:#f2f2f2;\">\n\t\t\t\t\t\t\t\t\t<span class=\"logo\" data-imgsize=80 data-imghoversize=90>\n\t\t\t\t\t\t<img src=\"https:\/\/duytanrecycling.com\/wp-content\/uploads\/2026\/03\/DUY-TAN-PLASTIC-RECYCLING-CORPORATION-scaled.jpg\" alt=\"Alphabe\">\n\t\t\t\t\t<\/span>\n\t\t\t\t\t\t\t<\/div>\t\t\t\n\t\t\t\t\t\t\t\t<div class=\"cell-wrap col-xs-6 col-md-2\" style=\"padding-bottom: 180px;border-color:#f2f2f2;\">\n\t\t\t\t\t\t\t\t\t<span class=\"logo\" data-imgsize=80 data-imghoversize=90>\n\t\t\t\t\t\t<img src=\"https:\/\/duytanrecycling.com\/wp-content\/uploads\/2026\/03\/cup-e1774234589769.png\" alt=\"CRV\">\n\t\t\t\t\t<\/span>\n\t\t\t\t\t\t\t<\/div>\t\t\t\n\t\t\t\n\t\t\t\t<\/div>\n\t\t\t\t\t\n\t<\/div>\n\t<\/div><\/div><\/div><\/div><\/div><\/div><div id=\"pg-152-3\"  class=\"panel-grid panel-has-style\" ><div class=\"siteorigin-panels-stretch tablet-1-in-row mobile-1-in-row overlay-c1 panel-row-style panel-row-style-for-152-3\" data-stretch-type=\"full\" ><div id=\"pgc-152-3-0\"  class=\"panel-grid-cell\" ><div id=\"panel-152-3-0-0\" class=\"so-panel widget widget_orion_cta_w panel-first-child panel-last-child\" data-index=\"8\" ><div class=\"orion default panel-widget-style panel-widget-style-for-152-3-0-0\" ><div class=\"so-widget-orion_cta_w so-widget-orion_cta_w-base\">\n\n<div class=\"wrapper orion-cta  middle_align  cta-centered\" style=\"padding-top: 60px; padding-bottom: 60px; \">\n\t<div class=\"cta-text text-center inline-block\">\n\t\t<h3 class=\"text-light\"><span id=\"Quan_tam_den_san_pham_cua_chung_toi\">Quan t\u00e2m \u0111\u1ebfn s\u1ea3n ph\u1ea9m c\u1ee7a ch\u00fang t\u00f4i?<\/span><\/h3>\t<\/div>\n\t<div class=\"cta-btn inline-block text-center\">\n\t\t<a class=\"btn btn-white btn-wire btn-md\" href=\"https:\/\/duytanrecycling.com\/vi\/contact\/\">\n\t\t\tY\u00eau c\u1ea7u t\u01b0 v\u1ea5n\t\t\n\t\t<\/a>\n\t<\/div>\n<\/div><\/div><\/div><\/div><\/div><\/div><\/div><\/div>","protected":false},"excerpt":{"rendered":"<p>S\u1ef1 t\u00e1i ch\u1ebf l\u00e0 qu\u00e1 tr\u00ecnh r\u00e1c th\u1ea3i ho\u1eb7c v\u1eadt li\u1ec7u kh\u00f4ng c\u1ea7n thi\u1ebft (ph\u1ebf li\u1ec7u) th\u00e0nh v\u1eadt li\u1ec7u m\u1edbi v\u1edbi kh\u1ea3 n\u0103ng \u1ee9ng d\u1ee5ng \u0111em l\u1ea1i l\u1ee3i \u00edch cho con ng\u01b0\u1eddi. R\u00e1c th\u1ea3i nh\u1ef1a c\u0169ng l\u00e0 v\u1eadt li\u1ec7u c\u00f3 th\u1ec3 t\u00e1i ch\u1ebf.<\/p>\n","protected":false},"author":1,"featured_media":0,"parent":0,"menu_order":0,"comment_status":"closed","ping_status":"closed","template":"","meta":{"om_disable_all_campaigns":false,"_monsterinsights_skip_tracking":false,"_monsterinsights_sitenote_active":false,"_monsterinsights_sitenote_note":"","_monsterinsights_sitenote_category":0},"aioseo_notices":[],"_links":{"self":[{"href":"https:\/\/duytanrecycling.com\/vi\/wp-json\/wp\/v2\/pages\/152"}],"collection":[{"href":"https:\/\/duytanrecycling.com\/vi\/wp-json\/wp\/v2\/pages"}],"about":[{"href":"https:\/\/duytanrecycling.com\/vi\/wp-json\/wp\/v2\/types\/page"}],"author":[{"embeddable":true,"href":"https:\/\/duytanrecycling.com\/vi\/wp-json\/wp\/v2\/users\/1"}],"replies":[{"embeddable":true,"href":"https:\/\/duytanrecycling.com\/vi\/wp-json\/wp\/v2\/comments?post=152"}],"version-history":[{"count":142,"href":"https:\/\/duytanrecycling.com\/vi\/wp-json\/wp\/v2\/pages\/152\/revisions"}],"predecessor-version":[{"id":9528,"href":"https:\/\/duytanrecycling.com\/vi\/wp-json\/wp\/v2\/pages\/152\/revisions\/9528"}],"wp:attachment":[{"href":"https:\/\/duytanrecycling.com\/vi\/wp-json\/wp\/v2\/media?parent=152"}],"curies":[{"name":"wp","href":"https:\/\/api.w.org\/{rel}","templated":true}]}}