{"id":3171,"date":"2016-12-14T13:10:36","date_gmt":"2016-12-14T13:10:36","guid":{"rendered":"https:\/\/duytanrecycling.com\/about\/"},"modified":"2025-02-11T06:31:55","modified_gmt":"2025-02-11T06:31:55","slug":"about","status":"publish","type":"page","link":"https:\/\/duytanrecycling.com\/ja\/about\/","title":{"rendered":"V\u1ec1 Ch\u00fang T\u00f4i"},"content":{"rendered":"<div id=\"toc_container\" class=\"no_bullets\"><p class=\"toc_title\">Contents<\/p><ul class=\"toc_list\"><ul><li><a href=\"#i\"><span class=\"toc_number toc_depth_2\">0.1<\/span> \u30d7\u30e9\u30b9\u30c1\u30c3\u30af\u5ec3\u68c4\u7269\u306e\u306a\u3044\u30d9\u30c8\u30ca\u30e0\u306e\u70ba\u306b\u3001<\/a><\/li><li><a href=\"#i-2\"><span class=\"toc_number toc_depth_2\">0.2<\/span> \u624b\u3092\u53d6\u308a\u5408\u3063\u3066\u6301\u7d9a\u53ef\u80fd\u306a\u30b5\u30fc\u30ad\u30e5\u30e9\u30fc\u30a8\u30b3\u30ce\u30df\u30fc\u3092\u69cb\u7bc9\u3057\u307e\u3057\u3087\u3046\u3002<\/a><\/li><\/ul><\/li><li><a href=\"#i-3\"><span class=\"toc_number toc_depth_1\">1<\/span> \n\t\t\t\t\u4f1a\u793e\u8a2d\u7acb\u7d4c\u7def\u3000\u30fb\u6cbf\u9769\t\t\t<\/a><\/li><li><a href=\"#i-4\"><span class=\"toc_number toc_depth_1\">2<\/span> \n\t\t\t\t\u8a8d\u5b9a\u8a3c\t\t\t<\/a><ul><li><a href=\"#i-5\"><span class=\"toc_number toc_depth_2\">2.1<\/span> \u79c1\u305f\u3061\u306e\u88fd\u54c1\u306b\u8208\u5473\u3092\u6301\u3063\u3066\u3044\u307e\u3059<\/a><\/li><\/ul><\/li><\/ul><\/div>\n<div id=\"pl-3171\"  class=\"panel-layout\" ><div id=\"pg-3171-0\"  class=\"panel-grid panel-has-style\" ><div class=\"siteorigin-panels-stretch tablet-1-in-row mobile-1-in-row desktop-default full-screen-row overlay-dark panel-row-style panel-row-style-for-3171-0\" style=\"background-position: center center; background-repeat: no-repeat; background-size:cover;\" data-stretch-type=\"full\" ><div id=\"pgc-3171-0-0\"  class=\"panel-grid-cell panel-grid-cell-empty\" ><\/div><div id=\"pgc-3171-0-1\"  class=\"panel-grid-cell panel-grid-cell-mobile-last\" ><div id=\"panel-3171-0-1-0\" class=\"so-panel widget widget_sow-editor panel-first-child panel-last-child\" data-index=\"0\" ><div class=\"orion text-light panel-widget-style panel-widget-style-for-3171-0-1-0\" ><div class=\"so-widget-sow-editor so-widget-sow-editor-base\">\n<div class=\"siteorigin-widget-tinymce textwidget\">\n\t<h3 id=\"tw-target-text\" class=\"tw-data-text tw-text-large XcVN5d tw-ta\" dir=\"ltr\" style=\"text-align: center;\" data-placeholder=\"B\u1ea3n d\u1ecbch\"><span id=\"i\">\u30d7\u30e9\u30b9\u30c1\u30c3\u30af\u5ec3\u68c4\u7269\u306e\u306a\u3044\u30d9\u30c8\u30ca\u30e0\u306e\u70ba\u306b\u3001<\/span><\/h3>\n<h3 class=\"tw-data-text tw-text-large XcVN5d tw-ta\" dir=\"ltr\" style=\"text-align: center;\" data-placeholder=\"B\u1ea3n d\u1ecbch\"><span id=\"i-2\">\u624b\u3092\u53d6\u308a\u5408\u3063\u3066\u6301\u7d9a\u53ef\u80fd\u306a\u30b5\u30fc\u30ad\u30e5\u30e9\u30fc\u30a8\u30b3\u30ce\u30df\u30fc\u3092\u69cb\u7bc9\u3057\u307e\u3057\u3087\u3046\u3002<\/span><\/h3>\n<h3 class=\"lead\" style=\"text-align: center;\"><\/h3>\n<\/div>\n<\/div><\/div><\/div><\/div><div id=\"pgc-3171-0-2\"  class=\"panel-grid-cell panel-grid-cell-empty\" ><\/div><\/div><\/div><div id=\"pg-3171-1\"  class=\"panel-grid panel-has-style\" ><div class=\"siteorigin-panels-stretch tablet-1-in-row mobile-1-in-row desktop-default panel-row-style panel-row-style-for-3171-1\" style=\"background-position: right bottom; background-repeat: no-repeat; background-size:contain;\" data-stretch-type=\"full\" ><div id=\"pgc-3171-1-0\"  class=\"panel-grid-cell\" ><div id=\"panel-3171-1-0-0\" class=\"so-panel widget widget_orion_heading_w panel-first-child\" data-index=\"1\" ><div class=\"orion default panel-widget-style panel-widget-style-for-3171-1-0-0\" ><div class=\"so-widget-orion_heading_w so-widget-orion_heading_w-base\">\n\t\n\t\t\n\t<div class=\"row orion-heading\" style=\"margin-bottom:0px;\">\n\t\t<div class=\"col-md-12  separator-style-1 text-center style-h2 style-text-default\">\n\t\t\t<h2 class=\"text-default\"><span id=\"i-3\">\n\t\t\t\t\u4f1a\u793e\u8a2d\u7acb\u7d4c\u7def\u3000\u30fb\u6cbf\u9769\t\t\t<\/span><\/h2>\n\t\t<\/div>\n\t<\/div>\n\n\t<\/div><\/div><\/div><div id=\"panel-3171-1-0-1\" class=\"so-panel widget widget_orion_empty_space_w\" data-index=\"2\" ><div class=\"orion default panel-widget-style panel-widget-style-for-3171-1-0-1\" ><div class=\"so-widget-orion_empty_space_w so-widget-orion_empty_space_w-base\">\t<div class=\"row empty-space  visible-sm visible-xs\" style=\"height:24px;\">\n\t<\/div><\/div><\/div><\/div><div id=\"panel-3171-1-0-2\" class=\"so-panel widget widget_orion_image_w panel-last-child\" data-index=\"3\" ><div class=\"orion default panel-widget-style panel-widget-style-for-3171-1-0-2\" ><div class=\"so-widget-orion_image_w so-widget-orion_image_w-base\">\n<div class=\"image-w relative\">\n\n\t\t\t\t\n\t\t\t\t\t<div class=\" overlay-none overlay-hover-none\">\n\t\t\n\t\t\t\t\t<img width=\"1109\" height=\"503\" src=\"https:\/\/duytanrecycling.com\/wp-content\/uploads\/2021\/10\/TAI-CHE-1106-499-TN.jpg\" class=\"attachment- size-\" alt=\"\" loading=\"lazy\" \/>\t\t\t<div class=\"overlay\"><\/div>\n\t\t\n\t\t\t\t\t<\/div>\n\t\t\t\n\t\n\t<div class=\"absolute\">\n\t\t<div class=\"hover-desc table-wrap\">\n\t\t\t<div class=\"cell-wrap\">\n\t\t\t\t<h4 class=\"text-light\"><\/h4>\n\t\t\t<\/div>\n\t\t<\/div>\n\t<\/div>\t\t\t\t\t\n<\/div>\n\n<\/div><\/div><\/div><\/div><\/div><\/div><div id=\"pg-3171-2\"  class=\"panel-grid panel-no-style\" ><div id=\"pgc-3171-2-0\"  class=\"panel-grid-cell\" ><div id=\"panel-3171-2-0-0\" class=\"so-panel widget widget_orion_heading_w panel-first-child\" data-index=\"4\" ><div class=\"orion mobile-text-center default panel-widget-style panel-widget-style-for-3171-2-0-0\" ><div class=\"so-widget-orion_heading_w so-widget-orion_heading_w-base\">\n\t\n\t\t\n\t<div class=\"row orion-heading\" style=\"margin-bottom:0px;\">\n\t\t<div class=\"col-md-12  separator-style-1 text-center style-h2 style-text-default\">\n\t\t\t<h2 class=\"text-default\"><span id=\"i-4\">\n\t\t\t\t\u8a8d\u5b9a\u8a3c\t\t\t<\/span><\/h2>\n\t\t<\/div>\n\t<\/div>\n\n\t<\/div><\/div><\/div><div id=\"panel-3171-2-0-1\" class=\"so-panel widget widget_sow-editor\" data-index=\"5\" ><div class=\"orion mobile-text-center default panel-widget-style panel-widget-style-for-3171-2-0-1\" ><div class=\"so-widget-sow-editor so-widget-sow-editor-base\">\n<div class=\"siteorigin-widget-tinymce textwidget\">\n\t<p class=\"lead\" style=\"text-align: center;\">\u5de5\u5834\u306f\u3001\u54c1\u8cea\u3001\u74b0\u5883\u3001\u5b89\u5168\u53ca\u3073\u5065\u5eb7\u306b\u95a2\u3059\u308b\u56fd\u969b\u57fa\u6e96\u306b\u5f93\u3063\u3066\u904b\u55b6\u3055\u308c\u3066\u3044\u307e\u3059\u3002<\/p>\n<\/div>\n<\/div><\/div><\/div><div id=\"panel-3171-2-0-2\" class=\"so-panel widget widget_orion_logos_w panel-last-child\" data-index=\"6\" ><div class=\"orion default panel-widget-style panel-widget-style-for-3171-2-0-2\" ><div class=\"so-widget-orion_logos_w so-widget-orion_logos_w-base\"><div class=\"row logo-w-wrap\">\n\t\t\t<div class=\"logos-wrap col-md-12 \"  >\n\t\t\t\t<div class=\"wrap-2 clearfix row\">\n\t\t\n\t\t\t\t\t\t\t\t<div class=\"cell-wrap col-xs-6 col-md-2\" style=\"padding-bottom: 180px;border-color:#f2f2f2;\">\n\t\t\t\t\t\t\t\t\t<span class=\"logo\" data-imgsize=80 data-imghoversize=90>\n\t\t\t\t\t\t<img src=\"https:\/\/duytanrecycling.com\/wp-content\/uploads\/2024\/11\/Thiet-ke-chua-co-ten-1.png\" alt=\"VN VAVLUE\">\n\t\t\t\t\t<\/span>\n\t\t\t\t\t\t\t<\/div>\t\t\t\n\t\t\t\t\t\t\t\t<div class=\"cell-wrap col-xs-6 col-md-2\" style=\"padding-bottom: 180px;border-color:#f2f2f2;\">\n\t\t\t\t\t\t\t\t\t<span class=\"logo\" data-imgsize=80 data-imghoversize=90>\n\t\t\t\t\t\t<img src=\"https:\/\/duytanrecycling.com\/wp-content\/uploads\/2024\/11\/Thiet-ke-chua-co-ten-4.png\" alt=\"VNR500\">\n\t\t\t\t\t<\/span>\n\t\t\t\t\t\t\t<\/div>\t\t\t\n\t\t\t\t\t\t\t\t<div class=\"cell-wrap col-xs-6 col-md-2\" style=\"padding-bottom: 180px;border-color:#f2f2f2;\">\n\t\t\t\t\t\t\t\t\t<span class=\"logo\" data-imgsize=80 data-imghoversize=90>\n\t\t\t\t\t\t<img src=\"https:\/\/duytanrecycling.com\/wp-content\/uploads\/2024\/03\/FDA-1181-x-1192-px.png\" alt=\"FDA\">\n\t\t\t\t\t<\/span>\n\t\t\t\t\t\t\t<\/div>\t\t\t\n\t\t\t\t\t\t\t\t<div class=\"cell-wrap col-xs-6 col-md-2\" style=\"padding-bottom: 180px;border-color:#f2f2f2;\">\n\t\t\t\t\t\t\t\t\t<span class=\"logo\" data-imgsize=80 data-imghoversize=90>\n\t\t\t\t\t\t<img src=\"https:\/\/duytanrecycling.com\/wp-content\/uploads\/2024\/03\/EFSA-1181-x-1192-px.png\" alt=\"EFSA\">\n\t\t\t\t\t<\/span>\n\t\t\t\t\t\t\t<\/div>\t\t\t\n\t\t\t\t\t\t\t\t<div class=\"cell-wrap col-xs-6 col-md-2\" style=\"padding-bottom: 180px;border-color:#f2f2f2;\">\n\t\t\t\t\t\t\t\t\t<span class=\"logo\" data-imgsize=80 data-imghoversize=90>\n\t\t\t\t\t\t<img src=\"https:\/\/duytanrecycling.com\/wp-content\/uploads\/2024\/03\/FSSC-22000-1181-x-1192-px.png\" alt=\"FSSC22000\">\n\t\t\t\t\t<\/span>\n\t\t\t\t\t\t\t<\/div>\t\t\t\n\t\t\t\t\t\t\t\t<div class=\"cell-wrap col-xs-6 col-md-2\" style=\"padding-bottom: 180px;border-color:#f2f2f2;\">\n\t\t\t\t\t\t\t\t\t<span class=\"logo\" data-imgsize=80 data-imghoversize=90>\n\t\t\t\t\t\t<img src=\"https:\/\/duytanrecycling.com\/wp-content\/uploads\/2024\/03\/SGS-1181-x-1192-px.png\" alt=\"SGS\">\n\t\t\t\t\t<\/span>\n\t\t\t\t\t\t\t<\/div>\t\t\t\n\t\t\t\t\t\t\t\t<div class=\"cell-wrap col-xs-6 col-md-2\" style=\"padding-bottom: 180px;border-color:#f2f2f2;\">\n\t\t\t\t\t\t\t\t\t<span class=\"logo\" data-imgsize=80 data-imghoversize=90>\n\t\t\t\t\t\t<img src=\"https:\/\/duytanrecycling.com\/wp-content\/uploads\/2024\/03\/SCS-1181-x-1192.png\" alt=\"SCS\">\n\t\t\t\t\t<\/span>\n\t\t\t\t\t\t\t<\/div>\t\t\t\n\t\t\t\t\t\t\t\t<div class=\"cell-wrap col-xs-6 col-md-2\" style=\"padding-bottom: 180px;border-color:#f2f2f2;\">\n\t\t\t\t\t\t\t\t\t<span class=\"logo\" data-imgsize=80 data-imghoversize=90>\n\t\t\t\t\t\t<img src=\"https:\/\/duytanrecycling.com\/wp-content\/uploads\/2024\/03\/HVNCLC-1181-x-1192-px.png\" alt=\"HVNCLC\">\n\t\t\t\t\t<\/span>\n\t\t\t\t\t\t\t<\/div>\t\t\t\n\t\t\t\t\t\t\t\t<div class=\"cell-wrap col-xs-6 col-md-2\" style=\"padding-bottom: 180px;border-color:#f2f2f2;\">\n\t\t\t\t\t\t\t\t\t<span class=\"logo\" data-imgsize=80 data-imghoversize=90>\n\t\t\t\t\t\t<img src=\"https:\/\/duytanrecycling.com\/wp-content\/uploads\/2024\/03\/carbon-1181-x-1192-px-1.png\" alt=\"CARBON FOOTPRINT\">\n\t\t\t\t\t<\/span>\n\t\t\t\t\t\t\t<\/div>\t\t\t\n\t\t\t\t\t\t\t\t<div class=\"cell-wrap col-xs-6 col-md-2\" style=\"padding-bottom: 180px;border-color:#f2f2f2;\">\n\t\t\t\t\t\t\t\t\t<span class=\"logo\" data-imgsize=80 data-imghoversize=90>\n\t\t\t\t\t\t<img src=\"https:\/\/duytanrecycling.com\/wp-content\/uploads\/2024\/12\/Thiet-ke-chua-co-ten-5.png\" alt=\"SAO VANG DAT VIET\">\n\t\t\t\t\t<\/span>\n\t\t\t\t\t\t\t<\/div>\t\t\t\n\t\t\t\t\t\t\t\t<div class=\"cell-wrap col-xs-6 col-md-2\" style=\"padding-bottom: 180px;border-color:#f2f2f2;\">\n\t\t\t\t\t\t\t\t\t<span class=\"logo\" data-imgsize=80 data-imghoversize=90>\n\t\t\t\t\t\t<img src=\"https:\/\/duytanrecycling.com\/wp-content\/uploads\/2024\/11\/Thiet-ke-chua-co-ten-3.png\" alt=\"TOP 50 CSA\">\n\t\t\t\t\t<\/span>\n\t\t\t\t\t\t\t<\/div>\t\t\t\n\t\t\t\t\t\t\t\t<div class=\"cell-wrap col-xs-6 col-md-2\" style=\"padding-bottom: 180px;border-color:#f2f2f2;\">\n\t\t\t\t\t\t\t\t\t<span class=\"logo\" data-imgsize=80 data-imghoversize=90>\n\t\t\t\t\t\t<img src=\"https:\/\/duytanrecycling.com\/wp-content\/uploads\/2024\/12\/Thiet-ke-chua-co-ten-6.png\" alt=\"APEA\">\n\t\t\t\t\t<\/span>\n\t\t\t\t\t\t\t<\/div>\t\t\t\n\t\t\t\n\t\t\t\t<\/div>\n\t\t\t\t\t\n\t<\/div>\n\t<\/div><\/div><\/div><\/div><\/div><\/div><div id=\"pg-3171-3\"  class=\"panel-grid panel-has-style\" ><div class=\"siteorigin-panels-stretch tablet-1-in-row mobile-1-in-row overlay-c1 panel-row-style panel-row-style-for-3171-3\" data-stretch-type=\"full\" ><div id=\"pgc-3171-3-0\"  class=\"panel-grid-cell\" ><div id=\"panel-3171-3-0-0\" class=\"so-panel widget widget_orion_cta_w panel-first-child panel-last-child\" data-index=\"7\" ><div class=\"orion default panel-widget-style panel-widget-style-for-3171-3-0-0\" ><div class=\"so-widget-orion_cta_w so-widget-orion_cta_w-base\">\n\n<div class=\"wrapper orion-cta  middle_align  cta-centered\" style=\"padding-top: 60px; padding-bottom: 60px; \">\n\t<div class=\"cta-text text-center inline-block\">\n\t\t<h3 class=\"text-light\"><span id=\"i-5\">\u79c1\u305f\u3061\u306e\u88fd\u54c1\u306b\u8208\u5473\u3092\u6301\u3063\u3066\u3044\u307e\u3059<\/span><\/h3>\t<\/div>\n\t<div class=\"cta-btn inline-block text-center\">\n\t\t<a class=\"btn btn-white btn-wire btn-md\"  href=\"https:\/\/duytanrecycling.com\/vi\/contact\/\">\n\t\t\t\u30ab\u30a6\u30f3\u30bb\u30ea\u30f3\u30b0\u3092\u4f9d\u983c\u3059\u308b\t\t\n\t\t<\/a>\n\t<\/div>\n<\/div><\/div><\/div><\/div><\/div><\/div><\/div><\/div>","protected":false},"excerpt":{"rendered":"<p>S\u1ef1 t\u00e1i ch\u1ebf l\u00e0 qu\u00e1 tr\u00ecnh r\u00e1c th\u1ea3i ho\u1eb7c v\u1eadt li\u1ec7u kh\u00f4ng c\u1ea7n thi\u1ebft (ph\u1ebf li\u1ec7u) th\u00e0nh v\u1eadt li\u1ec7u m\u1edbi v\u1edbi kh\u1ea3 n\u0103ng \u1ee9ng d\u1ee5ng \u0111em l\u1ea1i l\u1ee3i \u00edch cho con ng\u01b0\u1eddi. R\u00e1c th\u1ea3i nh\u1ef1a c\u0169ng l\u00e0 v\u1eadt li\u1ec7u c\u00f3 th\u1ec3 t\u00e1i ch\u1ebf.<\/p>\n","protected":false},"author":1,"featured_media":3080,"parent":0,"menu_order":0,"comment_status":"closed","ping_status":"closed","template":"","meta":{"om_disable_all_campaigns":false,"_monsterinsights_skip_tracking":false,"_monsterinsights_sitenote_active":false,"_monsterinsights_sitenote_note":"","_monsterinsights_sitenote_category":0},"aioseo_notices":[],"_links":{"self":[{"href":"https:\/\/duytanrecycling.com\/ja\/wp-json\/wp\/v2\/pages\/3171"}],"collection":[{"href":"https:\/\/duytanrecycling.com\/ja\/wp-json\/wp\/v2\/pages"}],"about":[{"href":"https:\/\/duytanrecycling.com\/ja\/wp-json\/wp\/v2\/types\/page"}],"author":[{"embeddable":true,"href":"https:\/\/duytanrecycling.com\/ja\/wp-json\/wp\/v2\/users\/1"}],"replies":[{"embeddable":true,"href":"https:\/\/duytanrecycling.com\/ja\/wp-json\/wp\/v2\/comments?post=3171"}],"version-history":[{"count":27,"href":"https:\/\/duytanrecycling.com\/ja\/wp-json\/wp\/v2\/pages\/3171\/revisions"}],"predecessor-version":[{"id":8686,"href":"https:\/\/duytanrecycling.com\/ja\/wp-json\/wp\/v2\/pages\/3171\/revisions\/8686"}],"wp:featuredmedia":[{"embeddable":true,"href":"https:\/\/duytanrecycling.com\/ja\/wp-json\/wp\/v2\/media\/3080"}],"wp:attachment":[{"href":"https:\/\/duytanrecycling.com\/ja\/wp-json\/wp\/v2\/media?parent=3171"}],"curies":[{"name":"wp","href":"https:\/\/api.w.org\/{rel}","templated":true}]}}