{"id":3101,"date":"2021-05-18T07:42:29","date_gmt":"2021-05-18T07:42:29","guid":{"rendered":"https:\/\/duytanrecycling.com\/chi-tiet-san-pham\/"},"modified":"2021-10-12T09:08:41","modified_gmt":"2021-10-12T09:08:41","slug":"chi-tiet-san-pham","status":"publish","type":"page","link":"https:\/\/duytanrecycling.com\/ja\/chi-tiet-san-pham\/","title":{"rendered":"S\u1ea3n ph\u1ea9m"},"content":{"rendered":"<div id=\"toc_container\" class=\"no_bullets\"><p class=\"toc_title\">Contents<\/p><ul class=\"toc_list\"><li><a href=\"#i\"><span class=\"toc_number toc_depth_1\">1<\/span> \u88fd\u54c1<\/a><ul><li><a href=\"#Gioi_thieu_nha_may\"><span class=\"toc_number toc_depth_2\">1.1<\/span> Gi\u1edbi thi\u1ec7u nh\u00e0 m\u00e1y<\/a><\/li><\/ul><\/li><\/ul><\/div>\n<div id=\"pl-3101\"  class=\"panel-layout\" ><div id=\"pg-3101-0\"  class=\"panel-grid panel-has-style\" ><div class=\"siteorigin-panels-stretch tablet-2-in-row mobile-1-in-row desktop-default full-width-on-small-devices full-width-on-tablets panel-row-style panel-row-style-for-3101-0\" style=\"background-position: center center; background-repeat: no-repeat; background-size:cover;\" data-stretch-type=\"full\" ><div id=\"pgc-3101-0-0\"  class=\"panel-grid-cell panel-grid-cell-mobile-last\" ><div class=\"overlay-c2 panel-cell-style panel-cell-style-for-3101-0-0\" ><div id=\"panel-3101-0-0-0\" class=\"so-panel widget widget_sow-editor panel-first-child panel-last-child\" data-index=\"0\" ><div class=\"orion mobile-text-center text-light panel-widget-style panel-widget-style-for-3101-0-0-0\" ><div class=\"so-widget-sow-editor so-widget-sow-editor-base\">\n<div class=\"siteorigin-widget-tinymce textwidget\">\n\t<h1><span id=\"i\">\u88fd\u54c1<\/span><\/h1>\n<\/div>\n<\/div><\/div><\/div><\/div><\/div><div id=\"pgc-3101-0-1\"  class=\"panel-grid-cell panel-grid-cell-empty\" ><\/div><\/div><\/div><div id=\"pg-3101-1\"  class=\"panel-grid panel-has-style\" ><div class=\"tablet-default mobile-1-in-row desktop-default panel-row-style panel-row-style-for-3101-1\" ><div id=\"pgc-3101-1-0\"  class=\"panel-grid-cell\" ><div id=\"panel-3101-1-0-0\" class=\"so-panel widget widget_sow-image panel-first-child panel-last-child\" data-index=\"1\" ><div class=\"orion default panel-widget-style panel-widget-style-for-3101-1-0-0\" ><div class=\"so-widget-sow-image so-widget-sow-image-default-d6014b76747a\">\n\n<div class=\"sow-image-container\">\n\t<img src=\"https:\/\/duytanrecycling.com\/wp-content\/uploads\/2021\/09\/rpet.jpg\" width=\"600\" height=\"30\" srcset=\"https:\/\/duytanrecycling.com\/wp-content\/uploads\/2021\/09\/rpet.jpg 600w, https:\/\/duytanrecycling.com\/wp-content\/uploads\/2021\/09\/rpet-300x15.jpg 300w\" sizes=\"(max-width: 600px) 100vw, 600px\" alt=\"\" \t\tclass=\"so-widget-image\"\/>\n<\/div>\n\n<\/div><\/div><\/div><\/div><div id=\"pgc-3101-1-1\"  class=\"panel-grid-cell\" ><div id=\"panel-3101-1-1-0\" class=\"so-panel widget widget_sow-image panel-first-child panel-last-child\" data-index=\"2\" ><div class=\"orion default panel-widget-style panel-widget-style-for-3101-1-1-0\" ><div class=\"so-widget-sow-image so-widget-sow-image-default-d6014b76747a\">\n\n<div class=\"sow-image-container\">\n\t<img src=\"https:\/\/duytanrecycling.com\/wp-content\/uploads\/2021\/09\/rhdpet.jpg\" width=\"600\" height=\"30\" srcset=\"https:\/\/duytanrecycling.com\/wp-content\/uploads\/2021\/09\/rhdpet.jpg 600w, https:\/\/duytanrecycling.com\/wp-content\/uploads\/2021\/09\/rhdpet-300x15.jpg 300w\" sizes=\"(max-width: 600px) 100vw, 600px\" alt=\"\" \t\tclass=\"so-widget-image\"\/>\n<\/div>\n\n<\/div><\/div><\/div><\/div><\/div><\/div><div id=\"pg-3101-2\"  class=\"panel-grid panel-has-style\" ><div class=\"tablet-default mobile-1-in-row desktop-default panel-row-style panel-row-style-for-3101-2\" ><div id=\"pgc-3101-2-0\"  class=\"panel-grid-cell\" ><div id=\"panel-3101-2-0-0\" class=\"so-panel widget widget_sow-image panel-first-child\" data-index=\"3\" ><div class=\"orion default panel-widget-style panel-widget-style-for-3101-2-0-0\" ><div class=\"so-widget-sow-image so-widget-sow-image-default-17bc2272b535\">\n\n<div class=\"sow-image-container\">\n\t<img src=\"https:\/\/duytanrecycling.com\/wp-content\/uploads\/2021\/09\/hat-rpet-300x300.png\" width=\"300\" height=\"300\" srcset=\"https:\/\/duytanrecycling.com\/wp-content\/uploads\/2021\/09\/hat-rpet-300x300.png 300w, https:\/\/duytanrecycling.com\/wp-content\/uploads\/2021\/09\/hat-rpet-150x150.png 150w, https:\/\/duytanrecycling.com\/wp-content\/uploads\/2021\/09\/hat-rpet.png 500w\" sizes=\"(max-width: 300px) 100vw, 300px\" title=\"hat rpet\" alt=\"\" \t\tclass=\"so-widget-image\"\/>\n<\/div>\n\n<\/div><\/div><\/div><div id=\"panel-3101-2-0-1\" class=\"so-panel widget widget_sow-image panel-last-child\" data-index=\"4\" ><div class=\"orion default panel-widget-style panel-widget-style-for-3101-2-0-1\" ><div class=\"so-widget-sow-image so-widget-sow-image-default-d6014b76747a\">\n\n<div class=\"sow-image-container\">\n\t<img src=\"https:\/\/duytanrecycling.com\/wp-content\/uploads\/2021\/10\/rPET.png\" width=\"600\" height=\"200\" srcset=\"https:\/\/duytanrecycling.com\/wp-content\/uploads\/2021\/10\/rPET.png 600w, https:\/\/duytanrecycling.com\/wp-content\/uploads\/2021\/10\/rPET-300x100.png 300w\" sizes=\"(max-width: 600px) 100vw, 600px\" alt=\"\" \t\tclass=\"so-widget-image\"\/>\n<\/div>\n\n<\/div><\/div><\/div><\/div><div id=\"pgc-3101-2-1\"  class=\"panel-grid-cell\" ><div id=\"panel-3101-2-1-0\" class=\"so-panel widget widget_sow-image panel-first-child\" data-index=\"5\" ><div class=\"orion default panel-widget-style panel-widget-style-for-3101-2-1-0\" ><div class=\"so-widget-sow-image so-widget-sow-image-default-6b88c04c1f9b\">\n\n<div class=\"sow-image-container\">\n\t<img src=\"https:\/\/duytanrecycling.com\/wp-content\/uploads\/2021\/09\/hat-rhpde-300x300.png\" width=\"300\" height=\"300\" srcset=\"https:\/\/duytanrecycling.com\/wp-content\/uploads\/2021\/09\/hat-rhpde-300x300.png 300w, https:\/\/duytanrecycling.com\/wp-content\/uploads\/2021\/09\/hat-rhpde-150x150.png 150w, https:\/\/duytanrecycling.com\/wp-content\/uploads\/2021\/09\/hat-rhpde.png 500w\" sizes=\"(max-width: 300px) 100vw, 300px\" title=\"hat rhpde\" alt=\"\" \t\tclass=\"so-widget-image\"\/>\n<\/div>\n\n<\/div><\/div><\/div><div id=\"panel-3101-2-1-1\" class=\"so-panel widget widget_sow-image panel-last-child\" data-index=\"6\" ><div class=\"orion default panel-widget-style panel-widget-style-for-3101-2-1-1\" ><div class=\"so-widget-sow-image so-widget-sow-image-default-d6014b76747a\">\n\n<div class=\"sow-image-container\">\n\t<img src=\"https:\/\/duytanrecycling.com\/wp-content\/uploads\/2021\/10\/rHDPE.png\" width=\"600\" height=\"200\" srcset=\"https:\/\/duytanrecycling.com\/wp-content\/uploads\/2021\/10\/rHDPE.png 600w, https:\/\/duytanrecycling.com\/wp-content\/uploads\/2021\/10\/rHDPE-300x100.png 300w\" sizes=\"(max-width: 600px) 100vw, 600px\" alt=\"\" \t\tclass=\"so-widget-image\"\/>\n<\/div>\n\n<\/div><\/div><\/div><\/div><\/div><\/div><div id=\"pg-3101-3\"  class=\"panel-grid panel-has-style\" ><div class=\"tablet-default mobile-1-in-row desktop-default panel-row-style panel-row-style-for-3101-3\" ><div id=\"pgc-3101-3-0\"  class=\"panel-grid-cell\" ><div id=\"panel-3101-3-0-0\" class=\"so-panel widget widget_sow-editor panel-first-child panel-last-child\" data-index=\"7\" ><div class=\"orion default panel-widget-style panel-widget-style-for-3101-3-0-0\" ><div class=\"so-widget-sow-editor so-widget-sow-editor-base\">\n<div class=\"siteorigin-widget-tinymce textwidget\">\n\t<p>&nbsp;<\/p>\n<p>\u30ea\u30b5\u30a4\u30af\u30eb\u30dd\u30ea\u30a8\u30c1\u30ec\u30f3\u30c6\u30ec\u30d5\u30bf\u30ec\u30fc\u30c8\uff08rPET\uff09\u306f\u3001\u53b3\u5bc6\u306a\u54c1\u8cea\u7ba1\u7406\u30d7\u30ed\u30bb\u30b9\u3067\u88fd\u9020\u3055\u308c\u3066\u3044\u307e\u3059\u3002 \u4e16\u754c\u306eFDA\u57fa\u6e96\u3092\u6e80\u305f\u3057\u3001\u98df\u54c1\u63a5\u89e6\u5bb9\u5668\u306e\u8981\u4ef6\u3092\u6e80\u305f\u3057\u307e\u3059\u3002<br \/>\n\u591a\u69d8\u306a\u7528\u9014\uff1a\u98f2\u6599\u6c34\u3001\u98df\u54c1\u3001\u5316\u7ca7\u54c1\u3001\u30d5\u30a1\u30a4\u30d0\u3001themoforming\u7b49\u8584\u8089\u306e\u30d7\u30e9\u30b9\u30c1\u30c3\u30af\u5bb9\u5668\u3001\u5bb6\u5ead\u7528\u696d\u754c\u5411\u3051\u3002<\/p>\n<\/div>\n<\/div><\/div><\/div><\/div><div id=\"pgc-3101-3-1\"  class=\"panel-grid-cell panel-grid-cell-empty\" ><\/div><div id=\"pgc-3101-3-2\"  class=\"panel-grid-cell\" ><div id=\"panel-3101-3-2-0\" class=\"so-panel widget widget_sow-editor panel-first-child panel-last-child\" data-index=\"8\" ><div class=\"orion default panel-widget-style panel-widget-style-for-3101-3-2-0\" ><div class=\"so-widget-sow-editor so-widget-sow-editor-base\">\n<div class=\"siteorigin-widget-tinymce textwidget\">\n\t<p>&nbsp;<\/p>\n<p>\u30ea\u30b5\u30a4\u30af\u30eb\u9ad8\u5bc6\u5ea6\u30dd\u30ea\u30a8\u30c1\u30ec\u30f3\uff08rHDPE\uff09\u306f\u3001\u30dc\u30c8\u30eb\u306e\u53ce\u96c6\u3068\u8272\u306b\u3088\u308b\u9078\u5225\u30d7\u30ed\u30bb\u30b9\u3067\u88fd\u9020\u3055\u308c\u3066\u3044\u307e\u3059\u3002 \u30a4\u30f3\u30d7\u30c3\u30c8\u306e\u30dc\u30c8\u30eb\u306f\u3001\u5de5\u5834\u306e\u9078\u629e\u57fa\u6e96\u3092\u6e80\u305f\u3059\u3053\u3068\u3002<br \/>\n\u69d8\u3005\u306a\u7528\u9014\uff1a\u5316\u5b66\u304a\u3088\u3073\u5316\u7ca7\u54c1\u696d\u754c\u5411\u3051\u306e\u30d1\u30c3\u30b1\u30fc\u30b8\u30f3\u30b0\u3002<\/p>\n<\/div>\n<\/div><\/div><\/div><\/div><\/div><\/div><div id=\"pg-3101-4\"  class=\"panel-grid panel-has-style\" ><div class=\"tablet-default mobile-1-in-row desktop-default panel-row-style panel-row-style-for-3101-4\" ><div id=\"pgc-3101-4-0\"  class=\"panel-grid-cell\" ><div id=\"panel-3101-4-0-0\" class=\"so-panel widget widget_siteorigin-panels-builder panel-first-child panel-last-child\" data-index=\"9\" ><div class=\"orion default panel-widget-style panel-widget-style-for-3101-4-0-0\" ><div id=\"pl-w61558865716a9\"  class=\"panel-layout\" ><div id=\"pg-w61558865716a9-0\"  class=\"panel-grid panel-no-style\" ><div id=\"pgc-w61558865716a9-0-0\"  class=\"panel-grid-cell\" ><div id=\"panel-w61558865716a9-0-0-0\" class=\"so-panel widget widget_orion_upload_w panel-first-child panel-last-child\" data-index=\"0\" ><div class=\"orion default panel-widget-style panel-widget-style-for-w61558865716a9-0-0-0\" ><div class=\"so-widget-orion_upload_w so-widget-orion_upload_w-base\"><div class=\"row button-wrap\">\n\t\n\t\n\t\t\t\t<div class=\"col-md-12\">\t\t\n\t\t\t<a class=\"btn-download icon-right btn btn-c1 btn-flat\" href=\"https:\/\/duytanrecycling.com\/wp-content\/uploads\/2021\/09\/rPET-WSS01-Technical-Specification-English.pdf\" download=\"rPET-WSS01-Technical-Specification-English.pdf\">\n\t\t\t\t\tWSS01\u30c6\u30af\u30cb\u30ab\u30eb\u30c7\u30fc\u30bf\u30b7\u30fc\u30c8\t\t\t\t\t\t\t\t\t\t\t<span class=\"sow-icon-fontawesome sow-far\" data-sow-icon=\"&#xf358;\"\n\t\t ><\/span>\t\n\t\t\t\t\t\t\t\t\t\t<span class=\"orionicon orionicon-icon_check btn-visited\"><\/span>\n\t\t\t<\/a>\n\t\t<\/div>\n\t\n\t\t\t\t<div class=\"col-md-12\">\t\t\n\t\t\t<a class=\"btn-download icon-right btn btn-c1 btn-flat\" href=\"https:\/\/duytanrecycling.com\/wp-content\/uploads\/2021\/09\/TDS-rPET-SS01.pdf\" download=\"TDS-rPET-SS01.pdf\">\n\t\t\t\t\tSS01\u30c6\u30af\u30cb\u30ab\u30eb\u30c7\u30fc\u30bf\u30b7\u30fc\u30c8\t\t\t\t\t\t\t\t\t\t\t<span class=\"sow-icon-fontawesome sow-far\" data-sow-icon=\"&#xf358;\"\n\t\t ><\/span>\t\n\t\t\t\t\t\t\t\t\t\t<span class=\"orionicon orionicon-icon_check btn-visited\"><\/span>\n\t\t\t<\/a>\n\t\t<\/div>\n\t\n<\/div><\/div><\/div><\/div><\/div><\/div><\/div><\/div><\/div><\/div><div id=\"pgc-3101-4-1\"  class=\"panel-grid-cell\" ><div id=\"panel-3101-4-1-0\" class=\"so-panel widget widget_siteorigin-panels-builder panel-first-child panel-last-child\" data-index=\"10\" ><div class=\"orion default panel-widget-style panel-widget-style-for-3101-4-1-0\" ><div id=\"pl-w61558865718fd\"  class=\"panel-layout\" ><div id=\"pg-w61558865718fd-0\"  class=\"panel-grid panel-no-style\" ><div id=\"pgc-w61558865718fd-0-0\"  class=\"panel-grid-cell\" ><div id=\"panel-w61558865718fd-0-0-0\" class=\"so-panel widget widget_orion_upload_w panel-first-child panel-last-child\" data-index=\"0\" ><div class=\"orion default panel-widget-style panel-widget-style-for-w61558865718fd-0-0-0\" ><div class=\"so-widget-orion_upload_w so-widget-orion_upload_w-base\"><div class=\"row button-wrap\">\n\t\n\t\n\t\t\t\t<div class=\"col-md-12\">\t\t\n\t\t\t<a class=\"btn-download icon-right btn btn-c1 btn-flat\" href=\"https:\/\/duytanrecycling.com\/wp-content\/uploads\/2021\/09\/rHDPE-MBF01-Technical-Specification.pdf\" download=\"rHDPE-MBF01-Technical-Specification.pdf\">\n\t\t\t\t\tMBF01\u30c6\u30af\u30cb\u30ab\u30eb\u30c7\u30fc\u30bf\u30b7\u30fc\u30c8\t\t\t\t\t\t\t\t\t\t\t<span class=\"sow-icon-fontawesome sow-far\" data-sow-icon=\"&#xf358;\"\n\t\t ><\/span>\t\n\t\t\t\t\t\t\t\t\t\t<span class=\"orionicon orionicon-icon_check btn-visited\"><\/span>\n\t\t\t<\/a>\n\t\t<\/div>\n\t\n<\/div><\/div><\/div><\/div><\/div><\/div><\/div><\/div><\/div><\/div><\/div><\/div><div id=\"pg-3101-5\"  class=\"panel-grid panel-has-style\" ><div class=\"siteorigin-panels-stretch hidden-sm hidden-xs hidden-md-lg panel-row-style panel-row-style-for-3101-5\" style=\"background-position: center center; background-repeat: no-repeat; background-size:cover;\" data-stretch-type=\"full\" data-svg-top-color=\"#ffffff\" ><div id=\"pgc-3101-5-0\"  class=\"panel-grid-cell\" ><div id=\"panel-3101-5-0-0\" class=\"so-panel widget widget_sow-editor panel-first-child\" data-index=\"11\" ><div class=\"orion mobile-text-center remove-padding-mobile default panel-widget-style panel-widget-style-for-3101-5-0-0\" ><div class=\"so-widget-sow-editor so-widget-sow-editor-base\">\n<div class=\"siteorigin-widget-tinymce textwidget\">\n\t<h2><span id=\"Gioi_thieu_nha_may\">Gi\u1edbi thi\u1ec7u nh\u00e0 m\u00e1y<\/span><\/h2>\n<p class=\"lead\">T\u1ef1 h\u00e0o l\u00e0 nh\u00e0 m\u00e1y kh\u00f4ng kh\u00ed th\u1ea3i, kh\u00f4ng n\u01b0\u1edbc th\u1ea3i, s\u1eed d\u1ee5ng n\u01b0\u1edbc s\u1ea1ch \u0111\u1ec3 ho\u1ea1t \u0111\u1ed9ng.<\/p>\n<p>Nh\u1eb1m \u0111\u00e1p \u1ee9ng nhu c\u1ea7u xanh h\u00f3a c\u1ee7a th\u1ebf gi\u1edbi, \u0111\u00f3n \u0111\u1ea7u ti\u1ec1m n\u0103ng s\u1eed d\u1ee5ng nh\u1ef1a t\u00e1i ch\u1ebf ng\u00e0y c\u00e0ng nhi\u1ec1u, xu h\u01b0\u1edbng t\u1eeb c\u00e1c c\u00f4ng ty \u0111a qu\u1ed1c gia \u0111ang \u00e1p d\u1ee5ng, trong \u0111\u00f3 c\u00f3 kh\u00e1ch h\u00e0ng c\u1ee7a Duy T\u00e2n, Nh\u00e0 m\u00e1y nh\u1ef1a T\u00e1i ch\u1ebf Duy T\u00e2n \u0111\u00e3 \u0111\u01b0\u1ee3c \u0111\u1ea7u t\u01b0 x\u00e2y d\u1ef1ng v\u00e0o \u0111\u1ea7u n\u0103m 2020 v\u00e0 t\u1ecda l\u1ea1c t\u1ea1i Khu D2 - C\u1ee5m c\u00f4ng nghi\u1ec7p nh\u1ef1a \u0110\u1ee9c H\u00f2a H\u1ea1, X\u00e3 \u0110\u1ee9c H\u00f2a H\u1ea1, Huy\u1ec7n \u0110\u1ee9c H\u00f2a, T\u1ec9nh Long An, Vi\u1ec7t Nam.<\/p>\n<\/div>\n<\/div><\/div><\/div><div id=\"panel-3101-5-0-1\" class=\"so-panel widget widget_orion_upload_w panel-last-child\" data-index=\"12\" ><div class=\"orion default panel-widget-style panel-widget-style-for-3101-5-0-1\" ><div class=\"so-widget-orion_upload_w so-widget-orion_upload_w-base\"><div class=\"row button-wrap\">\n\t\n\t\n\t\t\t\t<div class=\"col-md-12\">\t\t\n\t\t\t<a class=\"btn-download icon-right btn btn-c1 btn-flat\" href=\"https:\/\/duytanrecycling.com\/wp-content\/uploads\/2016\/11\/recycle-demo-doc.pdf\" download=\"recycle-demo-doc.pdf\">\n\t\t\t\t\tT\u1ea3i v\u1ec1\t\t\t\t\t\t\t\t\t\t\t<span class=\"orionicon orionicon-icon_cloud-download_alt\"><\/span>\n\t\t\t\t\t\t\t\t\t\t<span class=\"orionicon orionicon-icon_check btn-visited\"><\/span>\n\t\t\t<\/a>\n\t\t<\/div>\n\t\n<\/div><\/div><\/div><\/div><\/div><div id=\"pgc-3101-5-1\"  class=\"panel-grid-cell\" ><div id=\"panel-3101-5-1-0\" class=\"so-panel widget widget_orion_empty_space_w panel-first-child\" data-index=\"13\" ><div class=\"orion default panel-widget-style panel-widget-style-for-3101-5-1-0\" ><div class=\"so-widget-orion_empty_space_w so-widget-orion_empty_space_w-base\">\t<div class=\"row empty-space  visible-sm visible-xs\" style=\"height:48px;\">\n\t<\/div><\/div><\/div><\/div><div id=\"panel-3101-5-1-1\" class=\"so-panel widget widget_orion_progress_w panel-last-child\" data-index=\"14\" ><div class=\"orion default panel-widget-style panel-widget-style-for-3101-5-1-1\" ><div class=\"so-widget-orion_progress_w so-widget-orion_progress_w-base\">\n\n\t\n\t<div class=\"orion-progress-bar-wrap\">\n\t\t<div class=\"lead clearfix text-dark\">Gi\u1ea5y &amp; b\u00eca c\u1ee9ng\t\t\t\t\t\t\t<span class=\"pull-right\">76%<\/span>\n\t\t\t\t\t<\/div>\n\t\t<div class=\"progress progress-sm\">\n\t\t  <div class=\"progress-bar  primary-color-bg\" role=\"progressbar\"\n\t\t  aria-valuenow=\"0\" aria-valuemin=\"0\" aria-valuemax=\"100\" style=\"width:0\" data-percentage=\"76\">\n\t\t  \t\t\t  <\/div>\n\t\t<\/div>\n\t<\/div>\n\n\t\n\t<div class=\"orion-progress-bar-wrap\">\n\t\t<div class=\"lead clearfix text-dark\">Ch\u1ea5t th\u1ea3i y t\u1ebf\t\t\t\t\t\t\t<span class=\"pull-right\">70%<\/span>\n\t\t\t\t\t<\/div>\n\t\t<div class=\"progress progress-sm\">\n\t\t  <div class=\"progress-bar  progress-bar-warning\" role=\"progressbar\"\n\t\t  aria-valuenow=\"0\" aria-valuemin=\"0\" aria-valuemax=\"100\" style=\"width:0\" data-percentage=\"70\">\n\t\t  \t\t\t  <\/div>\n\t\t<\/div>\n\t<\/div>\n\n\t\n\t<div class=\"orion-progress-bar-wrap\">\n\t\t<div class=\"lead clearfix text-dark\">Kim lo\u1ea1i ph\u1ebf li\u1ec7u c\u00f4ng nghi\u1ec7p\t\t\t\t\t\t\t<span class=\"pull-right\">35%<\/span>\n\t\t\t\t\t<\/div>\n\t\t<div class=\"progress progress-sm\">\n\t\t  <div class=\"progress-bar  secondary-color-bg\" role=\"progressbar\"\n\t\t  aria-valuenow=\"0\" aria-valuemin=\"0\" aria-valuemax=\"100\" style=\"width:0\" data-percentage=\"35\">\n\t\t  \t\t\t  <\/div>\n\t\t<\/div>\n\t<\/div>\n\n\t\n\t<div class=\"orion-progress-bar-wrap\">\n\t\t<div class=\"lead clearfix text-dark\">Chai th\u1ee7y tinh\t\t\t\t\t\t\t<span class=\"pull-right\">55%<\/span>\n\t\t\t\t\t<\/div>\n\t\t<div class=\"progress progress-sm\">\n\t\t  <div class=\"progress-bar  progress-bar-info\" role=\"progressbar\"\n\t\t  aria-valuenow=\"0\" aria-valuemin=\"0\" aria-valuemax=\"100\" style=\"width:0\" data-percentage=\"55\">\n\t\t  \t\t\t  <\/div>\n\t\t<\/div>\n\t<\/div>\n<\/div><\/div><\/div><\/div><\/div><\/div><\/div>","protected":false},"excerpt":{"rendered":"<p>\u88fd\u54c1<\/p>\n","protected":false},"author":2,"featured_media":0,"parent":0,"menu_order":0,"comment_status":"closed","ping_status":"closed","template":"","meta":{"om_disable_all_campaigns":false,"_monsterinsights_skip_tracking":false,"_monsterinsights_sitenote_active":false,"_monsterinsights_sitenote_note":"","_monsterinsights_sitenote_category":0},"aioseo_notices":[],"_links":{"self":[{"href":"https:\/\/duytanrecycling.com\/ja\/wp-json\/wp\/v2\/pages\/3101"}],"collection":[{"href":"https:\/\/duytanrecycling.com\/ja\/wp-json\/wp\/v2\/pages"}],"about":[{"href":"https:\/\/duytanrecycling.com\/ja\/wp-json\/wp\/v2\/types\/page"}],"author":[{"embeddable":true,"href":"https:\/\/duytanrecycling.com\/ja\/wp-json\/wp\/v2\/users\/2"}],"replies":[{"embeddable":true,"href":"https:\/\/duytanrecycling.com\/ja\/wp-json\/wp\/v2\/comments?post=3101"}],"version-history":[{"count":10,"href":"https:\/\/duytanrecycling.com\/ja\/wp-json\/wp\/v2\/pages\/3101\/revisions"}],"predecessor-version":[{"id":3650,"href":"https:\/\/duytanrecycling.com\/ja\/wp-json\/wp\/v2\/pages\/3101\/revisions\/3650"}],"wp:attachment":[{"href":"https:\/\/duytanrecycling.com\/ja\/wp-json\/wp\/v2\/media?parent=3101"}],"curies":[{"name":"wp","href":"https:\/\/api.w.org\/{rel}","templated":true}]}}