{"id":2042,"date":"2016-12-14T13:10:36","date_gmt":"2016-12-14T13:10:36","guid":{"rendered":"https:\/\/duytanrecycling.com\/about\/"},"modified":"2026-03-23T03:04:01","modified_gmt":"2026-03-23T03:04:01","slug":"about","status":"publish","type":"page","link":"https:\/\/duytanrecycling.com\/en\/about\/","title":{"rendered":"About us"},"content":{"rendered":"<div id=\"toc_container\" class=\"no_bullets\"><p class=\"toc_title\">Contents<\/p><ul class=\"toc_list\"><li><a href=\"#OUR_STORY\"><span class=\"toc_number toc_depth_1\">1<\/span> \n\t\t\t\tOUR STORY\t\t\t<\/a><\/li><li><a href=\"#ZERO_WASTE_FACTORY\"><span class=\"toc_number toc_depth_1\">2<\/span> \t\t\t\t\t\t\n\t\t\t\t\tZERO WASTE FACTORY<\/a><\/li><li><a href=\"#CERTIFICATIONS\"><span class=\"toc_number toc_depth_1\">3<\/span> \n\t\t\t\tCERTIFICATIONS\t\t\t<\/a><ul><li><a href=\"#Interested_in_our_products\"><span class=\"toc_number toc_depth_2\">3.1<\/span> Interested in our products?<\/a><\/li><\/ul><\/li><\/ul><\/div>\n<div id=\"pl-2042\"  class=\"panel-layout\" ><div id=\"pg-2042-0\"  class=\"panel-grid panel-has-style\" ><div class=\"siteorigin-panels-stretch tablet-1-in-row mobile-1-in-row desktop-default panel-row-style panel-row-style-for-2042-0\" style=\"background-position: right bottom; background-repeat: no-repeat; background-size:contain;\" data-stretch-type=\"full\" ><div id=\"pgc-2042-0-0\"  class=\"panel-grid-cell\" ><div id=\"panel-2042-0-0-0\" class=\"so-panel widget widget_orion_heading_w panel-first-child\" data-index=\"0\" ><div class=\"orion default panel-widget-style panel-widget-style-for-2042-0-0-0\" ><div class=\"so-widget-orion_heading_w so-widget-orion_heading_w-base\">\n\t\n\t\t\n\t<div class=\"row orion-heading\" style=\"margin-bottom:0px;\">\n\t\t<div class=\"col-md-12  separator-style-2 text-center style-h2 style-primary-color\">\n\t\t\t<h2 class=\"primary-color\"><span id=\"OUR_STORY\">\n\t\t\t\tOUR STORY\t\t\t<\/span><\/h2>\n\t\t<\/div>\n\t<\/div>\n\n\t<\/div><\/div><\/div><div id=\"panel-2042-0-0-1\" class=\"so-panel widget widget_orion_empty_space_w\" data-index=\"1\" ><div class=\"orion default panel-widget-style panel-widget-style-for-2042-0-0-1\" ><div class=\"so-widget-orion_empty_space_w so-widget-orion_empty_space_w-base\">\t<div class=\"row empty-space  visible-sm visible-xs\" style=\"height:24px;\">\n\t<\/div><\/div><\/div><\/div><div id=\"panel-2042-0-0-2\" class=\"so-panel widget widget_orion_image_w panel-last-child\" data-index=\"2\" ><div class=\"orion default panel-widget-style panel-widget-style-for-2042-0-0-2\" ><div class=\"so-widget-orion_image_w so-widget-orion_image_w-base\">\n<div class=\"image-w relative\">\n\n\t\t\t\t\n\t\t\t\t\t<div class=\" overlay-none overlay-hover-none\">\n\t\t\n\t\t\t\t\t<img width=\"2560\" height=\"1302\" src=\"https:\/\/duytanrecycling.com\/wp-content\/uploads\/2025\/07\/roadmap-EN-scaled.jpg\" class=\"attachment- size-\" alt=\"\" loading=\"lazy\" \/>\t\t\t<div class=\"overlay\"><\/div>\n\t\t\n\t\t\t\t\t<\/div>\n\t\t\t\n\t\n\t<div class=\"absolute\">\n\t\t<div class=\"hover-desc table-wrap\">\n\t\t\t<div class=\"cell-wrap\">\n\t\t\t\t<h4 class=\"text-light\"><\/h4>\n\t\t\t<\/div>\n\t\t<\/div>\n\t<\/div>\t\t\t\t\t\n<\/div>\n\n<\/div><\/div><\/div><\/div><\/div><\/div><div id=\"pg-2042-1\"  class=\"panel-grid panel-has-style\" ><div class=\"siteorigin-panels-stretch panel-row-style panel-row-style-for-2042-1\" data-stretch-type=\"full-stretched\" ><div id=\"pgc-2042-1-0\"  class=\"panel-grid-cell\" ><div class=\"panel-cell-style panel-cell-style-for-2042-1-0\" ><div id=\"panel-2042-1-0-0\" class=\"so-panel widget widget_sow-image panel-first-child panel-last-child\" data-index=\"3\" ><div class=\"orion default panel-widget-style panel-widget-style-for-2042-1-0-0\" ><div class=\"so-widget-sow-image so-widget-sow-image-default-4b231843ec72\">\n\n<div class=\"sow-image-container\">\n\t<img src=\"https:\/\/duytanrecycling.com\/wp-content\/uploads\/2023\/05\/DSCF0100-1-scaled.jpg\" width=\"2560\" height=\"1708\" srcset=\"https:\/\/duytanrecycling.com\/wp-content\/uploads\/2023\/05\/DSCF0100-1-scaled.jpg 2560w, https:\/\/duytanrecycling.com\/wp-content\/uploads\/2023\/05\/DSCF0100-1-300x200.jpg 300w, https:\/\/duytanrecycling.com\/wp-content\/uploads\/2023\/05\/DSCF0100-1-1024x683.jpg 1024w, https:\/\/duytanrecycling.com\/wp-content\/uploads\/2023\/05\/DSCF0100-1-768x512.jpg 768w, https:\/\/duytanrecycling.com\/wp-content\/uploads\/2023\/05\/DSCF0100-1-1536x1025.jpg 1536w, https:\/\/duytanrecycling.com\/wp-content\/uploads\/2023\/05\/DSCF0100-1-2048x1366.jpg 2048w, https:\/\/duytanrecycling.com\/wp-content\/uploads\/2023\/05\/DSCF0100-1-750x500.jpg 750w, https:\/\/duytanrecycling.com\/wp-content\/uploads\/2023\/05\/DSCF0100-1-272x182.jpg 272w\" sizes=\"(max-width: 2560px) 100vw, 2560px\" title=\"DSCF0100\" alt=\"\" \t\tclass=\"so-widget-image\"\/>\n<\/div>\n\n<\/div><\/div><\/div><\/div><\/div><div id=\"pgc-2042-1-1\"  class=\"panel-grid-cell\" ><div id=\"panel-2042-1-1-0\" class=\"so-panel widget widget_siteorigin-panels-builder panel-first-child panel-last-child\" data-index=\"4\" ><div class=\"orion default panel-widget-style panel-widget-style-for-2042-1-1-0\" ><div id=\"pl-w68197b66a86fb\"  class=\"panel-layout\" ><div id=\"pg-w68197b66a86fb-0\"  class=\"panel-grid panel-no-style\" ><div id=\"pgc-w68197b66a86fb-0-0\"  class=\"panel-grid-cell\" ><div id=\"panel-w68197b66a86fb-0-0-0\" class=\"so-panel widget widget_sow-headline panel-first-child panel-last-child\" data-index=\"0\" ><div class=\"orion default panel-widget-style panel-widget-style-for-w68197b66a86fb-0-0-0\" ><div class=\"so-widget-sow-headline so-widget-sow-headline-default-4b7a1e932227 so-widget-fittext-wrapper\" data-fit-text-compressor=\"0.85\"><div class=\"sow-headline-container \">\n\t<h2 class='sow-headline'><span id=\"ZERO_WASTE_FACTORY\">\t\t\t\t\t\t<a href=\"https:\/\/youtu.be\/4ZRpIKlDpe0\" target=\"_blank\" rel=\"noopener\">\n\t\t\t\t\tZERO WASTE FACTORY<\/a><\/span><\/h2><p class='sow-sub-headline'>\t\t\t\t\t\t<a href=\"https:\/\/youtu.be\/avLeXeb_dcM\" target=\"_blank\" rel=\"noopener noreferrer\">\n\t\t\t\t\tDUYTAN Plastic Recycling is currently the first factory in Vietnam to successfully apply the \u201cBottle-to-Bottle\u201d recycling technology model \u2013 each used plastic bottle will be recycled into plastic pellets, creating a new plastic bottle loop to reduce the use of fossil fuels. In 2022, the factory recycled over 1.3 billion plastic bottles collected domestically. The number of plastic bottles processed for recycling not only provided raw materials for large FMCG partner companies in Vietnam but also enabled the company to export 4,200 tons to 12 countries, including the United States and Europe. The factory is operated based on the THREE-NO criteria in the production process: Zero Waste \u2013 Zero Emission \u2013 Zero Waste Water. Applying these three criteria not only helps the company promote environmentally friendly production but also pays more attention to reusing energy sources in production.<\/a><\/p><\/div><\/div><\/div><\/div><\/div><\/div><div id=\"pg-w68197b66a86fb-1\"  class=\"panel-grid panel-has-style\" ><div class=\"tablet-default mobile-1-in-row desktop-default panel-row-style panel-row-style-for-w68197b66a86fb-1\" ><div id=\"pgc-w68197b66a86fb-1-0\"  class=\"panel-grid-cell\" ><div id=\"panel-w68197b66a86fb-1-0-0\" class=\"so-panel widget widget_sow-button panel-first-child panel-last-child\" data-index=\"1\" ><div class=\"orion default panel-widget-style panel-widget-style-for-w68197b66a86fb-1-0-0\" ><div class=\"so-widget-sow-button so-widget-sow-button-wire-7c269377a62c\"><div class=\"ow-button-base ow-button-align-left\">\n\t<a href=\"https:\/\/youtu.be\/4ZRpIKlDpe0\" class=\"ow-icon-placement-left ow-button-hover\" target=\"_blank\" rel=\"noopener noreferrer\">\n\t\t<span>\n\t\t\t<span class=\"sow-icon-genericons\" data-sow-icon=\"&#xf213;\"\n\t\tstyle=\"color: #196644\" ><\/span>\n\t\t\tWatching DUYTAN Recycling's Corporate Video\t\t<\/span>\n\t<\/a>\n<\/div>\n<\/div><\/div><\/div><\/div><\/div><\/div><\/div><\/div><\/div><\/div><\/div><\/div><div id=\"pg-2042-2\"  class=\"panel-grid panel-no-style\" ><div id=\"pgc-2042-2-0\"  class=\"panel-grid-cell\" ><div id=\"panel-2042-2-0-0\" class=\"so-panel widget widget_orion_heading_w panel-first-child\" data-index=\"5\" ><div class=\"orion mobile-text-center default panel-widget-style panel-widget-style-for-2042-2-0-0\" ><div class=\"so-widget-orion_heading_w so-widget-orion_heading_w-base\">\n\t\n\t\t\n\t<div class=\"row orion-heading\" style=\"margin-bottom:0px;\">\n\t\t<div class=\"col-md-12  separator-style-2 text-center style-h2 style-primary-color\">\n\t\t\t<h2 class=\"primary-color\"><span id=\"CERTIFICATIONS\">\n\t\t\t\tCERTIFICATIONS\t\t\t<\/span><\/h2>\n\t\t<\/div>\n\t<\/div>\n\n\t<\/div><\/div><\/div><div id=\"panel-2042-2-0-1\" class=\"so-panel widget widget_sow-editor\" data-index=\"6\" ><div class=\"orion mobile-text-center default panel-widget-style panel-widget-style-for-2042-2-0-1\" ><div class=\"so-widget-sow-editor so-widget-sow-editor-base\">\n<div class=\"siteorigin-widget-tinymce textwidget\">\n\t<p class=\"lead\" style=\"text-align: center;\">The factory is operated according to International Standards on Quality, Environment, Safety &amp; Health<\/p>\n<\/div>\n<\/div><\/div><\/div><div id=\"panel-2042-2-0-2\" class=\"so-panel widget widget_orion_logos_w panel-last-child\" data-index=\"7\" ><div class=\"orion default panel-widget-style panel-widget-style-for-2042-2-0-2\" ><div class=\"so-widget-orion_logos_w so-widget-orion_logos_w-base\"><div class=\"row logo-w-wrap\">\n\t\t\t<div class=\"logos-wrap col-md-12 \"  >\n\t\t\t\t<div class=\"wrap-2 clearfix row\">\n\t\t\n\t\t\t\t\t\t\t\t<div class=\"cell-wrap col-xs-6 col-md-2\" style=\"padding-bottom: 180px;border-color:#f2f2f2;\">\n\t\t\t\t\t\t\t\t\t<span class=\"logo\" data-imgsize=80 data-imghoversize=90>\n\t\t\t\t\t\t<img src=\"https:\/\/duytanrecycling.com\/wp-content\/uploads\/2024\/03\/FDA-1181-x-1192-px.png\" alt=\"FDA\">\n\t\t\t\t\t<\/span>\n\t\t\t\t\t\t\t<\/div>\t\t\t\n\t\t\t\t\t\t\t\t<div class=\"cell-wrap col-xs-6 col-md-2\" style=\"padding-bottom: 180px;border-color:#f2f2f2;\">\n\t\t\t\t\t\t\t\t\t<span class=\"logo\" data-imgsize=80 data-imghoversize=90>\n\t\t\t\t\t\t<img src=\"https:\/\/duytanrecycling.com\/wp-content\/uploads\/2024\/03\/EFSA-1181-x-1192-px.png\" alt=\"EFSA\">\n\t\t\t\t\t<\/span>\n\t\t\t\t\t\t\t<\/div>\t\t\t\n\t\t\t\t\t\t\t\t<div class=\"cell-wrap col-xs-6 col-md-2\" style=\"padding-bottom: 180px;border-color:#f2f2f2;\">\n\t\t\t\t\t\t\t\t\t<span class=\"logo\" data-imgsize=80 data-imghoversize=90>\n\t\t\t\t\t\t<img src=\"https:\/\/duytanrecycling.com\/wp-content\/uploads\/2025\/11\/LOGO-RECYCLASS.png\" alt=\"RECYCLASS\">\n\t\t\t\t\t<\/span>\n\t\t\t\t\t\t\t<\/div>\t\t\t\n\t\t\t\t\t\t\t\t<div class=\"cell-wrap col-xs-6 col-md-2\" style=\"padding-bottom: 180px;border-color:#f2f2f2;\">\n\t\t\t\t\t\t\t\t\t<span class=\"logo\" data-imgsize=80 data-imghoversize=90>\n\t\t\t\t\t\t<img src=\"https:\/\/duytanrecycling.com\/wp-content\/uploads\/2024\/03\/FSSC-22000-1181-x-1192-px.png\" alt=\"FSSC22000\">\n\t\t\t\t\t<\/span>\n\t\t\t\t\t\t\t<\/div>\t\t\t\n\t\t\t\t\t\t\t\t<div class=\"cell-wrap col-xs-6 col-md-2\" style=\"padding-bottom: 180px;border-color:#f2f2f2;\">\n\t\t\t\t\t\t\t\t\t<span class=\"logo\" data-imgsize=80 data-imghoversize=90>\n\t\t\t\t\t\t<img src=\"https:\/\/duytanrecycling.com\/wp-content\/uploads\/2024\/03\/carbon-1181-x-1192-px.png\" alt=\"CARBON FOOTPRINT\">\n\t\t\t\t\t<\/span>\n\t\t\t\t\t\t\t<\/div>\t\t\t\n\t\t\t\t\t\t\t\t<div class=\"cell-wrap col-xs-6 col-md-2\" style=\"padding-bottom: 180px;border-color:#f2f2f2;\">\n\t\t\t\t\t\t\t\t\t<span class=\"logo\" data-imgsize=80 data-imghoversize=90>\n\t\t\t\t\t\t<img src=\"https:\/\/duytanrecycling.com\/wp-content\/uploads\/2024\/12\/Thiet-ke-chua-co-ten-6.png\" alt=\"APEA 2024\">\n\t\t\t\t\t<\/span>\n\t\t\t\t\t\t\t<\/div>\t\t\t\n\t\t\t\t\t\t\t\t<div class=\"cell-wrap col-xs-6 col-md-2\" style=\"padding-bottom: 180px;border-color:#f2f2f2;\">\n\t\t\t\t\t\t\t\t\t<span class=\"logo\" data-imgsize=80 data-imghoversize=90>\n\t\t\t\t\t\t<img src=\"https:\/\/duytanrecycling.com\/wp-content\/uploads\/2024\/11\/Thiet-ke-chua-co-ten-1.png\" alt=\"VIETNAM VALUE\">\n\t\t\t\t\t<\/span>\n\t\t\t\t\t\t\t<\/div>\t\t\t\n\t\t\t\t\t\t\t\t<div class=\"cell-wrap col-xs-6 col-md-2\" style=\"padding-bottom: 180px;border-color:#f2f2f2;\">\n\t\t\t\t\t\t\t\t\t<span class=\"logo\" data-imgsize=80 data-imghoversize=90>\n\t\t\t\t\t\t<img src=\"https:\/\/duytanrecycling.com\/wp-content\/uploads\/2024\/03\/SGS-1181-x-1192-px.png\" alt=\"SGS\">\n\t\t\t\t\t<\/span>\n\t\t\t\t\t\t\t<\/div>\t\t\t\n\t\t\t\t\t\t\t\t<div class=\"cell-wrap col-xs-6 col-md-2\" style=\"padding-bottom: 180px;border-color:#f2f2f2;\">\n\t\t\t\t\t\t\t\t\t<span class=\"logo\" data-imgsize=80 data-imghoversize=90>\n\t\t\t\t\t\t<img src=\"https:\/\/duytanrecycling.com\/wp-content\/uploads\/2025\/11\/Thiet-ke-chua-co-ten-4.png\" alt=\"HVNCLC\">\n\t\t\t\t\t<\/span>\n\t\t\t\t\t\t\t<\/div>\t\t\t\n\t\t\t\t\t\t\t\t<div class=\"cell-wrap col-xs-6 col-md-2\" style=\"padding-bottom: 180px;border-color:#f2f2f2;\">\n\t\t\t\t\t\t\t\t\t<span class=\"logo\" data-imgsize=80 data-imghoversize=90>\n\t\t\t\t\t\t<img src=\"https:\/\/duytanrecycling.com\/wp-content\/uploads\/2024\/03\/HVNCLC-1181-x-1192-px.png\" alt=\"HVNCLC\">\n\t\t\t\t\t<\/span>\n\t\t\t\t\t\t\t<\/div>\t\t\t\n\t\t\t\t\t\t\t\t<div class=\"cell-wrap col-xs-6 col-md-2\" style=\"padding-bottom: 180px;border-color:#f2f2f2;\">\n\t\t\t\t\t\t\t\t\t<span class=\"logo\" data-imgsize=80 data-imghoversize=90>\n\t\t\t\t\t\t<img src=\"https:\/\/duytanrecycling.com\/wp-content\/uploads\/2024\/11\/Thiet-ke-chua-co-ten-4.png\" alt=\"VNR500\">\n\t\t\t\t\t<\/span>\n\t\t\t\t\t\t\t<\/div>\t\t\t\n\t\t\t\t\t\t\t\t<div class=\"cell-wrap col-xs-6 col-md-2\" style=\"padding-bottom: 180px;border-color:#f2f2f2;\">\n\t\t\t\t\t\t\t\t\t<span class=\"logo\" data-imgsize=80 data-imghoversize=90>\n\t\t\t\t\t\t<img src=\"https:\/\/duytanrecycling.com\/wp-content\/uploads\/2024\/11\/Thiet-ke-chua-co-ten-3.png\" alt=\"TOP 50 CSA\">\n\t\t\t\t\t<\/span>\n\t\t\t\t\t\t\t<\/div>\t\t\t\n\t\t\t\t\t\t\t\t<div class=\"cell-wrap col-xs-6 col-md-2\" style=\"padding-bottom: 180px;border-color:#f2f2f2;\">\n\t\t\t\t\t\t\t\t\t<span class=\"logo\" data-imgsize=80 data-imghoversize=90>\n\t\t\t\t\t\t<img src=\"https:\/\/duytanrecycling.com\/wp-content\/uploads\/2024\/12\/Thiet-ke-chua-co-ten-5.png\" alt=\"SAO VANG DAT VIET\">\n\t\t\t\t\t<\/span>\n\t\t\t\t\t\t\t<\/div>\t\t\t\n\t\t\t\t\t\t\t\t<div class=\"cell-wrap col-xs-6 col-md-2\" style=\"padding-bottom: 180px;border-color:#f2f2f2;\">\n\t\t\t\t\t\t\t\t\t<span class=\"logo\" data-imgsize=80 data-imghoversize=90>\n\t\t\t\t\t\t<img src=\"https:\/\/duytanrecycling.com\/wp-content\/uploads\/2026\/03\/DUY-TAN-PLASTIC-RECYCLING-CORPORATION-scaled.jpg\" alt=\"Alphabe\">\n\t\t\t\t\t<\/span>\n\t\t\t\t\t\t\t<\/div>\t\t\t\n\t\t\t\t\t\t\t\t<div class=\"cell-wrap col-xs-6 col-md-2\" style=\"padding-bottom: 180px;border-color:#f2f2f2;\">\n\t\t\t\t\t\t\t\t\t<span class=\"logo\" data-imgsize=80 data-imghoversize=90>\n\t\t\t\t\t\t<img src=\"https:\/\/duytanrecycling.com\/wp-content\/uploads\/2026\/03\/cup-e1774234589769.png\" alt=\"CRV\">\n\t\t\t\t\t<\/span>\n\t\t\t\t\t\t\t<\/div>\t\t\t\n\t\t\t\n\t\t\t\t<\/div>\n\t\t\t\t\t\n\t<\/div>\n\t<\/div><\/div><\/div><\/div><\/div><\/div><div id=\"pg-2042-3\"  class=\"panel-grid panel-has-style\" ><div class=\"siteorigin-panels-stretch tablet-1-in-row mobile-1-in-row overlay-c1 panel-row-style panel-row-style-for-2042-3\" data-stretch-type=\"full\" ><div id=\"pgc-2042-3-0\"  class=\"panel-grid-cell\" ><div id=\"panel-2042-3-0-0\" class=\"so-panel widget widget_orion_cta_w panel-first-child panel-last-child\" data-index=\"8\" ><div class=\"orion default panel-widget-style panel-widget-style-for-2042-3-0-0\" ><div class=\"so-widget-orion_cta_w so-widget-orion_cta_w-base\">\n\n<div class=\"wrapper orion-cta  middle_align  cta-centered\" style=\"padding-top: 60px; padding-bottom: 60px; \">\n\t<div class=\"cta-text text-center inline-block\">\n\t\t<h3 class=\"text-light\"><span id=\"Interested_in_our_products\">Interested in our products?<\/span><\/h3>\t<\/div>\n\t<div class=\"cta-btn inline-block text-center\">\n\t\t<a class=\"btn btn-white btn-wire btn-md\" href=\"https:\/\/duytanrecycling.com\/vi\/contact\/\">\n\t\t\tY\u00eau c\u1ea7u t\u01b0 v\u1ea5n\t\t\n\t\t<\/a>\n\t<\/div>\n<\/div><\/div><\/div><\/div><\/div><\/div><\/div><\/div>","protected":false},"excerpt":{"rendered":"<p>S\u1ef1 t\u00e1i ch\u1ebf l\u00e0 qu\u00e1 tr\u00ecnh r\u00e1c th\u1ea3i ho\u1eb7c v\u1eadt li\u1ec7u kh\u00f4ng c\u1ea7n thi\u1ebft (ph\u1ebf li\u1ec7u) th\u00e0nh v\u1eadt li\u1ec7u m\u1edbi v\u1edbi kh\u1ea3 n\u0103ng \u1ee9ng d\u1ee5ng \u0111em l\u1ea1i l\u1ee3i \u00edch cho con ng\u01b0\u1eddi. R\u00e1c th\u1ea3i nh\u1ef1a c\u0169ng l\u00e0 v\u1eadt li\u1ec7u c\u00f3 th\u1ec3 t\u00e1i ch\u1ebf.<\/p>\n","protected":false},"author":1,"featured_media":2008,"parent":0,"menu_order":0,"comment_status":"closed","ping_status":"closed","template":"","meta":{"om_disable_all_campaigns":false,"_monsterinsights_skip_tracking":false,"_monsterinsights_sitenote_active":false,"_monsterinsights_sitenote_note":"","_monsterinsights_sitenote_category":0},"aioseo_notices":[],"_links":{"self":[{"href":"https:\/\/duytanrecycling.com\/en\/wp-json\/wp\/v2\/pages\/2042"}],"collection":[{"href":"https:\/\/duytanrecycling.com\/en\/wp-json\/wp\/v2\/pages"}],"about":[{"href":"https:\/\/duytanrecycling.com\/en\/wp-json\/wp\/v2\/types\/page"}],"author":[{"embeddable":true,"href":"https:\/\/duytanrecycling.com\/en\/wp-json\/wp\/v2\/users\/1"}],"replies":[{"embeddable":true,"href":"https:\/\/duytanrecycling.com\/en\/wp-json\/wp\/v2\/comments?post=2042"}],"version-history":[{"count":191,"href":"https:\/\/duytanrecycling.com\/en\/wp-json\/wp\/v2\/pages\/2042\/revisions"}],"predecessor-version":[{"id":9530,"href":"https:\/\/duytanrecycling.com\/en\/wp-json\/wp\/v2\/pages\/2042\/revisions\/9530"}],"wp:featuredmedia":[{"embeddable":true,"href":"https:\/\/duytanrecycling.com\/en\/wp-json\/wp\/v2\/media\/2008"}],"wp:attachment":[{"href":"https:\/\/duytanrecycling.com\/en\/wp-json\/wp\/v2\/media?parent=2042"}],"curies":[{"name":"wp","href":"https:\/\/api.w.org\/{rel}","templated":true}]}}